{"id":217038,"date":"2025-08-13T11:51:37","date_gmt":"2025-08-13T11:51:37","guid":{"rendered":"https:\/\/eeseude.expoexhibitionstands.it\/fr\/?page_id=217038"},"modified":"2025-08-25T13:24:32","modified_gmt":"2025-08-25T13:24:32","slug":"stands-exposition-exemples","status":"publish","type":"page","link":"https:\/\/expoexhibitionstands.eu\/fr\/stands-exposition-exemples","title":{"rendered":"Stands exposition exemples"},"content":{"rendered":"","protected":false},"excerpt":{"rendered":"","protected":false},"author":4,"featured_media":0,"parent":0,"menu_order":0,"comment_status":"closed","ping_status":"closed","template":"template\/page-builder.php","meta":{"_acf_changed":false,"footnotes":""},"class_list":["post-217038","page","type-page","status-publish","hentry"],"acf":[],"yoast_head":"<!-- This site is optimized with the Yoast SEO plugin v27.0 - https:\/\/yoast.com\/product\/yoast-seo-wordpress\/ -->\n<title>Exemples des Stands d&#039;exposition | Stand Exposition pour salon<\/title>\n<meta name=\"description\" content=\"Exemples des stands d&#039;exposition cr\u00e9atifs de foires et d&#039;\u00e9v\u00e9nements petits et grands. Exemples de stands d&#039;exposition incluant les locations ou les prix d&#039;achat et la construction de stands en France.\" \/>\n<meta name=\"robots\" content=\"index, follow, max-snippet:-1, max-image-preview:large, max-video-preview:-1\" \/>\n<link rel=\"canonical\" href=\"https:\/\/expoexhibitionstands.eu\/fr\/stands-exposition-exemples\" \/>\n<meta property=\"og:locale\" content=\"fr_FR\" \/>\n<meta property=\"og:type\" content=\"article\" \/>\n<meta property=\"og:title\" content=\"Exemples des Stands d&#039;exposition | Stand Exposition pour salon\" \/>\n<meta property=\"og:description\" content=\"Exemples des stands d&#039;exposition cr\u00e9atifs de foires et d&#039;\u00e9v\u00e9nements petits et grands. Exemples de stands d&#039;exposition incluant les locations ou les prix d&#039;achat et la construction de stands en France.\" \/>\n<meta property=\"og:url\" content=\"https:\/\/expoexhibitionstands.eu\/fr\/stands-exposition-exemples\" \/>\n<meta property=\"og:site_name\" content=\"Expo Exhibition Stands\" \/>\n<meta property=\"article:modified_time\" content=\"2025-08-25T13:24:32+00:00\" \/>\n<meta name=\"twitter:card\" content=\"summary_large_image\" \/>\n<meta name=\"twitter:label1\" content=\"Dur\u00e9e de lecture estim\u00e9e\" \/>\n\t<meta name=\"twitter:data1\" content=\"38 minutes\" \/>\n<script type=\"application\/ld+json\" class=\"yoast-schema-graph\">{\"@context\":\"https:\/\/schema.org\",\"@graph\":[{\"@type\":\"WebPage\",\"@id\":\"https:\/\/expoexhibitionstands.eu\/fr\/stands-exposition-exemples\",\"url\":\"https:\/\/expoexhibitionstands.eu\/fr\/stands-exposition-exemples\",\"name\":\"Exemples des Stands d'exposition | Stand Exposition pour salon\",\"isPartOf\":{\"@id\":\"https:\/\/expoexhibitionstands.eu\/fr\/#website\"},\"datePublished\":\"2025-08-13T11:51:37+00:00\",\"dateModified\":\"2025-08-25T13:24:32+00:00\",\"description\":\"Exemples des stands d'exposition cr\u00e9atifs de foires et d'\u00e9v\u00e9nements petits et grands. Exemples de stands d'exposition incluant les locations ou les prix d'achat et la construction de stands en France.\",\"breadcrumb\":{\"@id\":\"https:\/\/expoexhibitionstands.eu\/fr\/stands-exposition-exemples#breadcrumb\"},\"inLanguage\":\"fr-FR\",\"potentialAction\":[{\"@type\":\"ReadAction\",\"target\":[\"https:\/\/expoexhibitionstands.eu\/fr\/stands-exposition-exemples\"]}]},{\"@type\":\"BreadcrumbList\",\"@id\":\"https:\/\/expoexhibitionstands.eu\/fr\/stands-exposition-exemples#breadcrumb\",\"itemListElement\":[{\"@type\":\"ListItem\",\"position\":1,\"name\":\"Home\",\"item\":\"https:\/\/expoexhibitionstands.eu\/fr\/\"},{\"@type\":\"ListItem\",\"position\":2,\"name\":\"Stands exposition exemples\"}]},{\"@type\":\"WebSite\",\"@id\":\"https:\/\/expoexhibitionstands.eu\/fr\/#website\",\"url\":\"https:\/\/expoexhibitionstands.eu\/fr\/\",\"name\":\"Expo Exhibition Stands\",\"description\":\"\",\"potentialAction\":[{\"@type\":\"SearchAction\",\"target\":{\"@type\":\"EntryPoint\",\"urlTemplate\":\"https:\/\/expoexhibitionstands.eu\/fr\/?s={search_term_string}\"},\"query-input\":{\"@type\":\"PropertyValueSpecification\",\"valueRequired\":true,\"valueName\":\"search_term_string\"}}],\"inLanguage\":\"fr-FR\"}]}<\/script>\n<!-- \/ Yoast SEO plugin. -->","yoast_head_json":{"title":"Exemples des Stands d'exposition | Stand Exposition pour salon","description":"Exemples des stands d'exposition cr\u00e9atifs de foires et d'\u00e9v\u00e9nements petits et grands. Exemples de stands d'exposition incluant les locations ou les prix d'achat et la construction de stands en France.","robots":{"index":"index","follow":"follow","max-snippet":"max-snippet:-1","max-image-preview":"max-image-preview:large","max-video-preview":"max-video-preview:-1"},"canonical":"https:\/\/expoexhibitionstands.eu\/fr\/stands-exposition-exemples","og_locale":"fr_FR","og_type":"article","og_title":"Exemples des Stands d'exposition | Stand Exposition pour salon","og_description":"Exemples des stands d'exposition cr\u00e9atifs de foires et d'\u00e9v\u00e9nements petits et grands. Exemples de stands d'exposition incluant les locations ou les prix d'achat et la construction de stands en France.","og_url":"https:\/\/expoexhibitionstands.eu\/fr\/stands-exposition-exemples","og_site_name":"Expo Exhibition Stands","article_modified_time":"2025-08-25T13:24:32+00:00","twitter_card":"summary_large_image","twitter_misc":{"Dur\u00e9e de lecture estim\u00e9e":"38 minutes"},"schema":{"@context":"https:\/\/schema.org","@graph":[{"@type":"WebPage","@id":"https:\/\/expoexhibitionstands.eu\/fr\/stands-exposition-exemples","url":"https:\/\/expoexhibitionstands.eu\/fr\/stands-exposition-exemples","name":"Exemples des Stands d'exposition | Stand Exposition pour salon","isPartOf":{"@id":"https:\/\/expoexhibitionstands.eu\/fr\/#website"},"datePublished":"2025-08-13T11:51:37+00:00","dateModified":"2025-08-25T13:24:32+00:00","description":"Exemples des stands d'exposition cr\u00e9atifs de foires et d'\u00e9v\u00e9nements petits et grands. Exemples de stands d'exposition incluant les locations ou les prix d'achat et la construction de stands en France.","breadcrumb":{"@id":"https:\/\/expoexhibitionstands.eu\/fr\/stands-exposition-exemples#breadcrumb"},"inLanguage":"fr-FR","potentialAction":[{"@type":"ReadAction","target":["https:\/\/expoexhibitionstands.eu\/fr\/stands-exposition-exemples"]}]},{"@type":"BreadcrumbList","@id":"https:\/\/expoexhibitionstands.eu\/fr\/stands-exposition-exemples#breadcrumb","itemListElement":[{"@type":"ListItem","position":1,"name":"Home","item":"https:\/\/expoexhibitionstands.eu\/fr\/"},{"@type":"ListItem","position":2,"name":"Stands exposition exemples"}]},{"@type":"WebSite","@id":"https:\/\/expoexhibitionstands.eu\/fr\/#website","url":"https:\/\/expoexhibitionstands.eu\/fr\/","name":"Expo Exhibition Stands","description":"","potentialAction":[{"@type":"SearchAction","target":{"@type":"EntryPoint","urlTemplate":"https:\/\/expoexhibitionstands.eu\/fr\/?s={search_term_string}"},"query-input":{"@type":"PropertyValueSpecification","valueRequired":true,"valueName":"search_term_string"}}],"inLanguage":"fr-FR"}]}},"_links":{"self":[{"href":"https:\/\/expoexhibitionstands.eu\/fr\/wp-json\/wp\/v2\/pages\/217038","targetHints":{"allow":["GET"]}}],"collection":[{"href":"https:\/\/expoexhibitionstands.eu\/fr\/wp-json\/wp\/v2\/pages"}],"about":[{"href":"https:\/\/expoexhibitionstands.eu\/fr\/wp-json\/wp\/v2\/types\/page"}],"author":[{"embeddable":true,"href":"https:\/\/expoexhibitionstands.eu\/fr\/wp-json\/wp\/v2\/users\/4"}],"replies":[{"embeddable":true,"href":"https:\/\/expoexhibitionstands.eu\/fr\/wp-json\/wp\/v2\/comments?post=217038"}],"version-history":[{"count":5,"href":"https:\/\/expoexhibitionstands.eu\/fr\/wp-json\/wp\/v2\/pages\/217038\/revisions"}],"predecessor-version":[{"id":217657,"href":"https:\/\/expoexhibitionstands.eu\/fr\/wp-json\/wp\/v2\/pages\/217038\/revisions\/217657"}],"wp:attachment":[{"href":"https:\/\/expoexhibitionstands.eu\/fr\/wp-json\/wp\/v2\/media?parent=217038"}],"curies":[{"name":"wp","href":"https:\/\/api.w.org\/{rel}","templated":true}]}}