{"id":216940,"date":"2025-08-13T06:09:28","date_gmt":"2025-08-13T06:09:28","guid":{"rendered":"https:\/\/eeseude.expoexhibitionstands.it\/fr\/?page_id=216940"},"modified":"2025-08-25T07:06:38","modified_gmt":"2025-08-25T07:06:38","slug":"buderus-stand-d-exposition","status":"publish","type":"page","link":"https:\/\/expoexhibitionstands.eu\/fr\/entreprise\/realisation-en-details\/buderus-stand-d-exposition","title":{"rendered":"Buderus stand d exposition"},"content":{"rendered":"","protected":false},"excerpt":{"rendered":"","protected":false},"author":4,"featured_media":0,"parent":212140,"menu_order":0,"comment_status":"closed","ping_status":"closed","template":"template\/page-builder.php","meta":{"_acf_changed":false,"footnotes":""},"class_list":["post-216940","page","type-page","status-publish","hentry"],"acf":[],"yoast_head":"<!-- This site is optimized with the Yoast SEO plugin v27.0 - https:\/\/yoast.com\/product\/yoast-seo-wordpress\/ -->\n<title>Buderus Stand d&#039;exposition<\/title>\n<meta name=\"description\" content=\"Buderus, filiale du c\u00e9l\u00e8bre groupe Bosch Thermotechnik GmbH, est sp\u00e9cialiste des syst\u00e8mes de chauffage. Pour accro\u00eetre sa visibilit\u00e9 sur le march\u00e9, Buderus a particip\u00e9 au prestigieux salon Home2 2018 \u00e0 Hambourg.\" \/>\n<meta name=\"robots\" content=\"index, follow, max-snippet:-1, max-image-preview:large, max-video-preview:-1\" \/>\n<link rel=\"canonical\" href=\"https:\/\/expoexhibitionstands.eu\/fr\/entreprise\/realisation-en-details\/buderus-stand-d-exposition\" \/>\n<meta property=\"og:locale\" content=\"fr_FR\" \/>\n<meta property=\"og:type\" content=\"article\" \/>\n<meta property=\"og:title\" content=\"Buderus Stand d&#039;exposition\" \/>\n<meta property=\"og:description\" content=\"Buderus, filiale du c\u00e9l\u00e8bre groupe Bosch Thermotechnik GmbH, est sp\u00e9cialiste des syst\u00e8mes de chauffage. Pour accro\u00eetre sa visibilit\u00e9 sur le march\u00e9, Buderus a particip\u00e9 au prestigieux salon Home2 2018 \u00e0 Hambourg.\" \/>\n<meta property=\"og:url\" content=\"https:\/\/expoexhibitionstands.eu\/fr\/entreprise\/realisation-en-details\/buderus-stand-d-exposition\" \/>\n<meta property=\"og:site_name\" content=\"Expo Exhibition Stands\" \/>\n<meta property=\"article:modified_time\" content=\"2025-08-25T07:06:38+00:00\" \/>\n<meta name=\"twitter:card\" content=\"summary_large_image\" \/>\n<meta name=\"twitter:label1\" content=\"Dur\u00e9e de lecture estim\u00e9e\" \/>\n\t<meta name=\"twitter:data1\" content=\"3 minutes\" \/>\n<script type=\"application\/ld+json\" class=\"yoast-schema-graph\">{\"@context\":\"https:\/\/schema.org\",\"@graph\":[{\"@type\":\"WebPage\",\"@id\":\"https:\/\/expoexhibitionstands.eu\/fr\/entreprise\/realisation-en-details\/buderus-stand-d-exposition\",\"url\":\"https:\/\/expoexhibitionstands.eu\/fr\/entreprise\/realisation-en-details\/buderus-stand-d-exposition\",\"name\":\"Buderus Stand d'exposition\",\"isPartOf\":{\"@id\":\"https:\/\/expoexhibitionstands.eu\/fr\/#website\"},\"datePublished\":\"2025-08-13T06:09:28+00:00\",\"dateModified\":\"2025-08-25T07:06:38+00:00\",\"description\":\"Buderus, filiale du c\u00e9l\u00e8bre groupe Bosch Thermotechnik GmbH, est sp\u00e9cialiste des syst\u00e8mes de chauffage. Pour accro\u00eetre sa visibilit\u00e9 sur le march\u00e9, Buderus a particip\u00e9 au prestigieux salon Home2 2018 \u00e0 Hambourg.\",\"breadcrumb\":{\"@id\":\"https:\/\/expoexhibitionstands.eu\/fr\/entreprise\/realisation-en-details\/buderus-stand-d-exposition#breadcrumb\"},\"inLanguage\":\"fr-FR\",\"potentialAction\":[{\"@type\":\"ReadAction\",\"target\":[\"https:\/\/expoexhibitionstands.eu\/fr\/entreprise\/realisation-en-details\/buderus-stand-d-exposition\"]}]},{\"@type\":\"BreadcrumbList\",\"@id\":\"https:\/\/expoexhibitionstands.eu\/fr\/entreprise\/realisation-en-details\/buderus-stand-d-exposition#breadcrumb\",\"itemListElement\":[{\"@type\":\"ListItem\",\"position\":1,\"name\":\"Home\",\"item\":\"https:\/\/expoexhibitionstands.eu\/fr\/\"},{\"@type\":\"ListItem\",\"position\":2,\"name\":\"Entreprise\",\"item\":\"https:\/\/expoexhibitionstands.eu\/fr\/entreprise\"},{\"@type\":\"ListItem\",\"position\":3,\"name\":\"R\u00e9alisations en d\u00e9tails\",\"item\":\"https:\/\/expoexhibitionstands.eu\/fr\/entreprise\/realisation-en-details\"},{\"@type\":\"ListItem\",\"position\":4,\"name\":\"Buderus stand d exposition\"}]},{\"@type\":\"WebSite\",\"@id\":\"https:\/\/expoexhibitionstands.eu\/fr\/#website\",\"url\":\"https:\/\/expoexhibitionstands.eu\/fr\/\",\"name\":\"Expo Exhibition Stands\",\"description\":\"\",\"potentialAction\":[{\"@type\":\"SearchAction\",\"target\":{\"@type\":\"EntryPoint\",\"urlTemplate\":\"https:\/\/expoexhibitionstands.eu\/fr\/?s={search_term_string}\"},\"query-input\":{\"@type\":\"PropertyValueSpecification\",\"valueRequired\":true,\"valueName\":\"search_term_string\"}}],\"inLanguage\":\"fr-FR\"}]}<\/script>\n<!-- \/ Yoast SEO plugin. -->","yoast_head_json":{"title":"Buderus Stand d'exposition","description":"Buderus, filiale du c\u00e9l\u00e8bre groupe Bosch Thermotechnik GmbH, est sp\u00e9cialiste des syst\u00e8mes de chauffage. Pour accro\u00eetre sa visibilit\u00e9 sur le march\u00e9, Buderus a particip\u00e9 au prestigieux salon Home2 2018 \u00e0 Hambourg.","robots":{"index":"index","follow":"follow","max-snippet":"max-snippet:-1","max-image-preview":"max-image-preview:large","max-video-preview":"max-video-preview:-1"},"canonical":"https:\/\/expoexhibitionstands.eu\/fr\/entreprise\/realisation-en-details\/buderus-stand-d-exposition","og_locale":"fr_FR","og_type":"article","og_title":"Buderus Stand d'exposition","og_description":"Buderus, filiale du c\u00e9l\u00e8bre groupe Bosch Thermotechnik GmbH, est sp\u00e9cialiste des syst\u00e8mes de chauffage. Pour accro\u00eetre sa visibilit\u00e9 sur le march\u00e9, Buderus a particip\u00e9 au prestigieux salon Home2 2018 \u00e0 Hambourg.","og_url":"https:\/\/expoexhibitionstands.eu\/fr\/entreprise\/realisation-en-details\/buderus-stand-d-exposition","og_site_name":"Expo Exhibition Stands","article_modified_time":"2025-08-25T07:06:38+00:00","twitter_card":"summary_large_image","twitter_misc":{"Dur\u00e9e de lecture estim\u00e9e":"3 minutes"},"schema":{"@context":"https:\/\/schema.org","@graph":[{"@type":"WebPage","@id":"https:\/\/expoexhibitionstands.eu\/fr\/entreprise\/realisation-en-details\/buderus-stand-d-exposition","url":"https:\/\/expoexhibitionstands.eu\/fr\/entreprise\/realisation-en-details\/buderus-stand-d-exposition","name":"Buderus Stand d'exposition","isPartOf":{"@id":"https:\/\/expoexhibitionstands.eu\/fr\/#website"},"datePublished":"2025-08-13T06:09:28+00:00","dateModified":"2025-08-25T07:06:38+00:00","description":"Buderus, filiale du c\u00e9l\u00e8bre groupe Bosch Thermotechnik GmbH, est sp\u00e9cialiste des syst\u00e8mes de chauffage. Pour accro\u00eetre sa visibilit\u00e9 sur le march\u00e9, Buderus a particip\u00e9 au prestigieux salon Home2 2018 \u00e0 Hambourg.","breadcrumb":{"@id":"https:\/\/expoexhibitionstands.eu\/fr\/entreprise\/realisation-en-details\/buderus-stand-d-exposition#breadcrumb"},"inLanguage":"fr-FR","potentialAction":[{"@type":"ReadAction","target":["https:\/\/expoexhibitionstands.eu\/fr\/entreprise\/realisation-en-details\/buderus-stand-d-exposition"]}]},{"@type":"BreadcrumbList","@id":"https:\/\/expoexhibitionstands.eu\/fr\/entreprise\/realisation-en-details\/buderus-stand-d-exposition#breadcrumb","itemListElement":[{"@type":"ListItem","position":1,"name":"Home","item":"https:\/\/expoexhibitionstands.eu\/fr\/"},{"@type":"ListItem","position":2,"name":"Entreprise","item":"https:\/\/expoexhibitionstands.eu\/fr\/entreprise"},{"@type":"ListItem","position":3,"name":"R\u00e9alisations en d\u00e9tails","item":"https:\/\/expoexhibitionstands.eu\/fr\/entreprise\/realisation-en-details"},{"@type":"ListItem","position":4,"name":"Buderus stand d exposition"}]},{"@type":"WebSite","@id":"https:\/\/expoexhibitionstands.eu\/fr\/#website","url":"https:\/\/expoexhibitionstands.eu\/fr\/","name":"Expo Exhibition Stands","description":"","potentialAction":[{"@type":"SearchAction","target":{"@type":"EntryPoint","urlTemplate":"https:\/\/expoexhibitionstands.eu\/fr\/?s={search_term_string}"},"query-input":{"@type":"PropertyValueSpecification","valueRequired":true,"valueName":"search_term_string"}}],"inLanguage":"fr-FR"}]}},"_links":{"self":[{"href":"https:\/\/expoexhibitionstands.eu\/fr\/wp-json\/wp\/v2\/pages\/216940","targetHints":{"allow":["GET"]}}],"collection":[{"href":"https:\/\/expoexhibitionstands.eu\/fr\/wp-json\/wp\/v2\/pages"}],"about":[{"href":"https:\/\/expoexhibitionstands.eu\/fr\/wp-json\/wp\/v2\/types\/page"}],"author":[{"embeddable":true,"href":"https:\/\/expoexhibitionstands.eu\/fr\/wp-json\/wp\/v2\/users\/4"}],"replies":[{"embeddable":true,"href":"https:\/\/expoexhibitionstands.eu\/fr\/wp-json\/wp\/v2\/comments?post=216940"}],"version-history":[{"count":2,"href":"https:\/\/expoexhibitionstands.eu\/fr\/wp-json\/wp\/v2\/pages\/216940\/revisions"}],"predecessor-version":[{"id":216949,"href":"https:\/\/expoexhibitionstands.eu\/fr\/wp-json\/wp\/v2\/pages\/216940\/revisions\/216949"}],"up":[{"embeddable":true,"href":"https:\/\/expoexhibitionstands.eu\/fr\/wp-json\/wp\/v2\/pages\/212140"}],"wp:attachment":[{"href":"https:\/\/expoexhibitionstands.eu\/fr\/wp-json\/wp\/v2\/media?parent=216940"}],"curies":[{"name":"wp","href":"https:\/\/api.w.org\/{rel}","templated":true}]}}