{"id":216645,"date":"2025-08-12T06:41:06","date_gmt":"2025-08-12T06:41:06","guid":{"rendered":"https:\/\/eeseude.expoexhibitionstands.it\/fr\/?page_id=216645"},"modified":"2025-11-07T12:02:36","modified_gmt":"2025-11-07T12:02:36","slug":"stands-sur-mesure","status":"publish","type":"page","link":"https:\/\/expoexhibitionstands.eu\/fr\/stands-sur-mesure","title":{"rendered":"Stands sur mesure"},"content":{"rendered":"","protected":false},"excerpt":{"rendered":"","protected":false},"author":10,"featured_media":0,"parent":0,"menu_order":0,"comment_status":"closed","ping_status":"closed","template":"template\/page-builder.php","meta":{"_acf_changed":false,"footnotes":""},"class_list":["post-216645","page","type-page","status-publish","hentry"],"acf":[],"yoast_head":"<!-- This site is optimized with the Yoast SEO plugin v27.0 - https:\/\/yoast.com\/product\/yoast-seo-wordpress\/ -->\n<title>Stands sur mesure | Cr\u00e9ation &amp; conception de Stand sur mesure<\/title>\n<meta name=\"description\" content=\"Expo Exhibition Stands con\u00e7oit et fabrique des stands d&#039;exposition sur mesure en Europe. D\u00e9couvrez plus de 1000 designs de stands \u00e0 acheter ou \u00e0 louer en ligne.\" \/>\n<meta name=\"robots\" content=\"index, follow, max-snippet:-1, max-image-preview:large, max-video-preview:-1\" \/>\n<link rel=\"canonical\" href=\"https:\/\/expoexhibitionstands.eu\/fr\/stands-sur-mesure\" \/>\n<meta property=\"og:locale\" content=\"fr_FR\" \/>\n<meta property=\"og:type\" content=\"article\" \/>\n<meta property=\"og:title\" content=\"Stands sur mesure | Cr\u00e9ation &amp; conception de Stand sur mesure\" \/>\n<meta property=\"og:description\" content=\"Expo Exhibition Stands con\u00e7oit et fabrique des stands d&#039;exposition sur mesure en Europe. D\u00e9couvrez plus de 1000 designs de stands \u00e0 acheter ou \u00e0 louer en ligne.\" \/>\n<meta property=\"og:url\" content=\"https:\/\/expoexhibitionstands.eu\/fr\/stands-sur-mesure\" \/>\n<meta property=\"og:site_name\" content=\"Expo Exhibition Stands\" \/>\n<meta property=\"article:modified_time\" content=\"2025-11-07T12:02:36+00:00\" \/>\n<meta name=\"twitter:card\" content=\"summary_large_image\" \/>\n<meta name=\"twitter:label1\" content=\"Dur\u00e9e de lecture estim\u00e9e\" \/>\n\t<meta name=\"twitter:data1\" content=\"7 minutes\" \/>\n<script type=\"application\/ld+json\" class=\"yoast-schema-graph\">{\"@context\":\"https:\/\/schema.org\",\"@graph\":[{\"@type\":\"WebPage\",\"@id\":\"https:\/\/expoexhibitionstands.eu\/fr\/stands-sur-mesure\",\"url\":\"https:\/\/expoexhibitionstands.eu\/fr\/stands-sur-mesure\",\"name\":\"Stands sur mesure | Cr\u00e9ation & conception de Stand sur mesure\",\"isPartOf\":{\"@id\":\"https:\/\/expoexhibitionstands.eu\/fr\/#website\"},\"datePublished\":\"2025-08-12T06:41:06+00:00\",\"dateModified\":\"2025-11-07T12:02:36+00:00\",\"description\":\"Expo Exhibition Stands con\u00e7oit et fabrique des stands d'exposition sur mesure en Europe. D\u00e9couvrez plus de 1000 designs de stands \u00e0 acheter ou \u00e0 louer en ligne.\",\"breadcrumb\":{\"@id\":\"https:\/\/expoexhibitionstands.eu\/fr\/stands-sur-mesure#breadcrumb\"},\"inLanguage\":\"fr-FR\",\"potentialAction\":[{\"@type\":\"ReadAction\",\"target\":[\"https:\/\/expoexhibitionstands.eu\/fr\/stands-sur-mesure\"]}]},{\"@type\":\"BreadcrumbList\",\"@id\":\"https:\/\/expoexhibitionstands.eu\/fr\/stands-sur-mesure#breadcrumb\",\"itemListElement\":[{\"@type\":\"ListItem\",\"position\":1,\"name\":\"Home\",\"item\":\"https:\/\/expoexhibitionstands.eu\/fr\/\"},{\"@type\":\"ListItem\",\"position\":2,\"name\":\"Stands sur mesure\"}]},{\"@type\":\"WebSite\",\"@id\":\"https:\/\/expoexhibitionstands.eu\/fr\/#website\",\"url\":\"https:\/\/expoexhibitionstands.eu\/fr\/\",\"name\":\"Expo Exhibition Stands\",\"description\":\"\",\"potentialAction\":[{\"@type\":\"SearchAction\",\"target\":{\"@type\":\"EntryPoint\",\"urlTemplate\":\"https:\/\/expoexhibitionstands.eu\/fr\/?s={search_term_string}\"},\"query-input\":{\"@type\":\"PropertyValueSpecification\",\"valueRequired\":true,\"valueName\":\"search_term_string\"}}],\"inLanguage\":\"fr-FR\"}]}<\/script>\n<!-- \/ Yoast SEO plugin. -->","yoast_head_json":{"title":"Stands sur mesure | Cr\u00e9ation & conception de Stand sur mesure","description":"Expo Exhibition Stands con\u00e7oit et fabrique des stands d'exposition sur mesure en Europe. D\u00e9couvrez plus de 1000 designs de stands \u00e0 acheter ou \u00e0 louer en ligne.","robots":{"index":"index","follow":"follow","max-snippet":"max-snippet:-1","max-image-preview":"max-image-preview:large","max-video-preview":"max-video-preview:-1"},"canonical":"https:\/\/expoexhibitionstands.eu\/fr\/stands-sur-mesure","og_locale":"fr_FR","og_type":"article","og_title":"Stands sur mesure | Cr\u00e9ation & conception de Stand sur mesure","og_description":"Expo Exhibition Stands con\u00e7oit et fabrique des stands d'exposition sur mesure en Europe. D\u00e9couvrez plus de 1000 designs de stands \u00e0 acheter ou \u00e0 louer en ligne.","og_url":"https:\/\/expoexhibitionstands.eu\/fr\/stands-sur-mesure","og_site_name":"Expo Exhibition Stands","article_modified_time":"2025-11-07T12:02:36+00:00","twitter_card":"summary_large_image","twitter_misc":{"Dur\u00e9e de lecture estim\u00e9e":"7 minutes"},"schema":{"@context":"https:\/\/schema.org","@graph":[{"@type":"WebPage","@id":"https:\/\/expoexhibitionstands.eu\/fr\/stands-sur-mesure","url":"https:\/\/expoexhibitionstands.eu\/fr\/stands-sur-mesure","name":"Stands sur mesure | Cr\u00e9ation & conception de Stand sur mesure","isPartOf":{"@id":"https:\/\/expoexhibitionstands.eu\/fr\/#website"},"datePublished":"2025-08-12T06:41:06+00:00","dateModified":"2025-11-07T12:02:36+00:00","description":"Expo Exhibition Stands con\u00e7oit et fabrique des stands d'exposition sur mesure en Europe. D\u00e9couvrez plus de 1000 designs de stands \u00e0 acheter ou \u00e0 louer en ligne.","breadcrumb":{"@id":"https:\/\/expoexhibitionstands.eu\/fr\/stands-sur-mesure#breadcrumb"},"inLanguage":"fr-FR","potentialAction":[{"@type":"ReadAction","target":["https:\/\/expoexhibitionstands.eu\/fr\/stands-sur-mesure"]}]},{"@type":"BreadcrumbList","@id":"https:\/\/expoexhibitionstands.eu\/fr\/stands-sur-mesure#breadcrumb","itemListElement":[{"@type":"ListItem","position":1,"name":"Home","item":"https:\/\/expoexhibitionstands.eu\/fr\/"},{"@type":"ListItem","position":2,"name":"Stands sur mesure"}]},{"@type":"WebSite","@id":"https:\/\/expoexhibitionstands.eu\/fr\/#website","url":"https:\/\/expoexhibitionstands.eu\/fr\/","name":"Expo Exhibition Stands","description":"","potentialAction":[{"@type":"SearchAction","target":{"@type":"EntryPoint","urlTemplate":"https:\/\/expoexhibitionstands.eu\/fr\/?s={search_term_string}"},"query-input":{"@type":"PropertyValueSpecification","valueRequired":true,"valueName":"search_term_string"}}],"inLanguage":"fr-FR"}]}},"_links":{"self":[{"href":"https:\/\/expoexhibitionstands.eu\/fr\/wp-json\/wp\/v2\/pages\/216645","targetHints":{"allow":["GET"]}}],"collection":[{"href":"https:\/\/expoexhibitionstands.eu\/fr\/wp-json\/wp\/v2\/pages"}],"about":[{"href":"https:\/\/expoexhibitionstands.eu\/fr\/wp-json\/wp\/v2\/types\/page"}],"author":[{"embeddable":true,"href":"https:\/\/expoexhibitionstands.eu\/fr\/wp-json\/wp\/v2\/users\/10"}],"replies":[{"embeddable":true,"href":"https:\/\/expoexhibitionstands.eu\/fr\/wp-json\/wp\/v2\/comments?post=216645"}],"version-history":[{"count":5,"href":"https:\/\/expoexhibitionstands.eu\/fr\/wp-json\/wp\/v2\/pages\/216645\/revisions"}],"predecessor-version":[{"id":218358,"href":"https:\/\/expoexhibitionstands.eu\/fr\/wp-json\/wp\/v2\/pages\/216645\/revisions\/218358"}],"wp:attachment":[{"href":"https:\/\/expoexhibitionstands.eu\/fr\/wp-json\/wp\/v2\/media?parent=216645"}],"curies":[{"name":"wp","href":"https:\/\/api.w.org\/{rel}","templated":true}]}}