{"id":216600,"date":"2025-08-11T14:48:38","date_gmt":"2025-08-11T14:48:38","guid":{"rendered":"https:\/\/eeseude.expoexhibitionstands.it\/fr\/?page_id=216600"},"modified":"2025-08-11T15:13:20","modified_gmt":"2025-08-11T15:13:20","slug":"stands-de-plein-air","status":"publish","type":"page","link":"https:\/\/expoexhibitionstands.eu\/fr\/stands-de-plein-air","title":{"rendered":"stands-de-plein-air"},"content":{"rendered":"","protected":false},"excerpt":{"rendered":"","protected":false},"author":10,"featured_media":0,"parent":211825,"menu_order":0,"comment_status":"closed","ping_status":"closed","template":"template\/page-builder.php","meta":{"_acf_changed":false,"footnotes":""},"class_list":["post-216600","page","type-page","status-publish","hentry"],"acf":[],"yoast_head":"<!-- This site is optimized with the Yoast SEO plugin v27.0 - https:\/\/yoast.com\/product\/yoast-seo-wordpress\/ -->\n<title>Stands de plein air au charme individuel<\/title>\n<meta name=\"description\" content=\"Beaucoup de salons ou de foires sont organis\u00e9s en ext\u00e9rieur. Les avantages de cette exposition en ext\u00e9rieur sont nombreux : pas de limites de hauteur, les co\u00fbts de location sont plus abordables et le stand est plus flexible dans sa conception. En outre, ces salons permettent souvent de tester les produits en conditions r\u00e9elles comme le salon BOOT qui permet de tester les produits dans l\u2019eau.\" \/>\n<meta name=\"robots\" content=\"index, follow, max-snippet:-1, max-image-preview:large, max-video-preview:-1\" \/>\n<link rel=\"canonical\" href=\"https:\/\/expoexhibitionstands.eu\/fr\/stands-de-plein-air\" \/>\n<meta property=\"og:locale\" content=\"fr_FR\" \/>\n<meta property=\"og:type\" content=\"article\" \/>\n<meta property=\"og:title\" content=\"Stands de plein air au charme individuel\" \/>\n<meta property=\"og:description\" content=\"Beaucoup de salons ou de foires sont organis\u00e9s en ext\u00e9rieur. Les avantages de cette exposition en ext\u00e9rieur sont nombreux : pas de limites de hauteur, les co\u00fbts de location sont plus abordables et le stand est plus flexible dans sa conception. En outre, ces salons permettent souvent de tester les produits en conditions r\u00e9elles comme le salon BOOT qui permet de tester les produits dans l\u2019eau.\" \/>\n<meta property=\"og:url\" content=\"https:\/\/expoexhibitionstands.eu\/fr\/stands-de-plein-air\" \/>\n<meta property=\"og:site_name\" content=\"Expo Exhibition Stands\" \/>\n<meta property=\"article:modified_time\" content=\"2025-08-11T15:13:20+00:00\" \/>\n<meta name=\"twitter:card\" content=\"summary_large_image\" \/>\n<meta name=\"twitter:label1\" content=\"Dur\u00e9e de lecture estim\u00e9e\" \/>\n\t<meta name=\"twitter:data1\" content=\"4 minutes\" \/>\n<script type=\"application\/ld+json\" class=\"yoast-schema-graph\">{\"@context\":\"https:\/\/schema.org\",\"@graph\":[{\"@type\":\"WebPage\",\"@id\":\"https:\/\/expoexhibitionstands.eu\/fr\/stands-de-plein-air\",\"url\":\"https:\/\/expoexhibitionstands.eu\/fr\/stands-de-plein-air\",\"name\":\"Stands de plein air au charme individuel\",\"isPartOf\":{\"@id\":\"https:\/\/expoexhibitionstands.eu\/fr\/#website\"},\"datePublished\":\"2025-08-11T14:48:38+00:00\",\"dateModified\":\"2025-08-11T15:13:20+00:00\",\"description\":\"Beaucoup de salons ou de foires sont organis\u00e9s en ext\u00e9rieur. Les avantages de cette exposition en ext\u00e9rieur sont nombreux : pas de limites de hauteur, les co\u00fbts de location sont plus abordables et le stand est plus flexible dans sa conception. En outre, ces salons permettent souvent de tester les produits en conditions r\u00e9elles comme le salon BOOT qui permet de tester les produits dans l\u2019eau.\",\"breadcrumb\":{\"@id\":\"https:\/\/expoexhibitionstands.eu\/fr\/stands-de-plein-air#breadcrumb\"},\"inLanguage\":\"fr-FR\",\"potentialAction\":[{\"@type\":\"ReadAction\",\"target\":[\"https:\/\/expoexhibitionstands.eu\/fr\/stands-de-plein-air\"]}]},{\"@type\":\"BreadcrumbList\",\"@id\":\"https:\/\/expoexhibitionstands.eu\/fr\/stands-de-plein-air#breadcrumb\",\"itemListElement\":[{\"@type\":\"ListItem\",\"position\":1,\"name\":\"Home\",\"item\":\"https:\/\/expoexhibitionstands.eu\/fr\/\"},{\"@type\":\"ListItem\",\"position\":2,\"name\":\"Services\",\"item\":\"https:\/\/expoexhibitionstands.eu\/fr\/services\"},{\"@type\":\"ListItem\",\"position\":3,\"name\":\"stands-de-plein-air\"}]},{\"@type\":\"WebSite\",\"@id\":\"https:\/\/expoexhibitionstands.eu\/fr\/#website\",\"url\":\"https:\/\/expoexhibitionstands.eu\/fr\/\",\"name\":\"Expo Exhibition Stands\",\"description\":\"\",\"potentialAction\":[{\"@type\":\"SearchAction\",\"target\":{\"@type\":\"EntryPoint\",\"urlTemplate\":\"https:\/\/expoexhibitionstands.eu\/fr\/?s={search_term_string}\"},\"query-input\":{\"@type\":\"PropertyValueSpecification\",\"valueRequired\":true,\"valueName\":\"search_term_string\"}}],\"inLanguage\":\"fr-FR\"}]}<\/script>\n<!-- \/ Yoast SEO plugin. -->","yoast_head_json":{"title":"Stands de plein air au charme individuel","description":"Beaucoup de salons ou de foires sont organis\u00e9s en ext\u00e9rieur. Les avantages de cette exposition en ext\u00e9rieur sont nombreux : pas de limites de hauteur, les co\u00fbts de location sont plus abordables et le stand est plus flexible dans sa conception. En outre, ces salons permettent souvent de tester les produits en conditions r\u00e9elles comme le salon BOOT qui permet de tester les produits dans l\u2019eau.","robots":{"index":"index","follow":"follow","max-snippet":"max-snippet:-1","max-image-preview":"max-image-preview:large","max-video-preview":"max-video-preview:-1"},"canonical":"https:\/\/expoexhibitionstands.eu\/fr\/stands-de-plein-air","og_locale":"fr_FR","og_type":"article","og_title":"Stands de plein air au charme individuel","og_description":"Beaucoup de salons ou de foires sont organis\u00e9s en ext\u00e9rieur. Les avantages de cette exposition en ext\u00e9rieur sont nombreux : pas de limites de hauteur, les co\u00fbts de location sont plus abordables et le stand est plus flexible dans sa conception. En outre, ces salons permettent souvent de tester les produits en conditions r\u00e9elles comme le salon BOOT qui permet de tester les produits dans l\u2019eau.","og_url":"https:\/\/expoexhibitionstands.eu\/fr\/stands-de-plein-air","og_site_name":"Expo Exhibition Stands","article_modified_time":"2025-08-11T15:13:20+00:00","twitter_card":"summary_large_image","twitter_misc":{"Dur\u00e9e de lecture estim\u00e9e":"4 minutes"},"schema":{"@context":"https:\/\/schema.org","@graph":[{"@type":"WebPage","@id":"https:\/\/expoexhibitionstands.eu\/fr\/stands-de-plein-air","url":"https:\/\/expoexhibitionstands.eu\/fr\/stands-de-plein-air","name":"Stands de plein air au charme individuel","isPartOf":{"@id":"https:\/\/expoexhibitionstands.eu\/fr\/#website"},"datePublished":"2025-08-11T14:48:38+00:00","dateModified":"2025-08-11T15:13:20+00:00","description":"Beaucoup de salons ou de foires sont organis\u00e9s en ext\u00e9rieur. Les avantages de cette exposition en ext\u00e9rieur sont nombreux : pas de limites de hauteur, les co\u00fbts de location sont plus abordables et le stand est plus flexible dans sa conception. En outre, ces salons permettent souvent de tester les produits en conditions r\u00e9elles comme le salon BOOT qui permet de tester les produits dans l\u2019eau.","breadcrumb":{"@id":"https:\/\/expoexhibitionstands.eu\/fr\/stands-de-plein-air#breadcrumb"},"inLanguage":"fr-FR","potentialAction":[{"@type":"ReadAction","target":["https:\/\/expoexhibitionstands.eu\/fr\/stands-de-plein-air"]}]},{"@type":"BreadcrumbList","@id":"https:\/\/expoexhibitionstands.eu\/fr\/stands-de-plein-air#breadcrumb","itemListElement":[{"@type":"ListItem","position":1,"name":"Home","item":"https:\/\/expoexhibitionstands.eu\/fr\/"},{"@type":"ListItem","position":2,"name":"Services","item":"https:\/\/expoexhibitionstands.eu\/fr\/services"},{"@type":"ListItem","position":3,"name":"stands-de-plein-air"}]},{"@type":"WebSite","@id":"https:\/\/expoexhibitionstands.eu\/fr\/#website","url":"https:\/\/expoexhibitionstands.eu\/fr\/","name":"Expo Exhibition Stands","description":"","potentialAction":[{"@type":"SearchAction","target":{"@type":"EntryPoint","urlTemplate":"https:\/\/expoexhibitionstands.eu\/fr\/?s={search_term_string}"},"query-input":{"@type":"PropertyValueSpecification","valueRequired":true,"valueName":"search_term_string"}}],"inLanguage":"fr-FR"}]}},"_links":{"self":[{"href":"https:\/\/expoexhibitionstands.eu\/fr\/wp-json\/wp\/v2\/pages\/216600","targetHints":{"allow":["GET"]}}],"collection":[{"href":"https:\/\/expoexhibitionstands.eu\/fr\/wp-json\/wp\/v2\/pages"}],"about":[{"href":"https:\/\/expoexhibitionstands.eu\/fr\/wp-json\/wp\/v2\/types\/page"}],"author":[{"embeddable":true,"href":"https:\/\/expoexhibitionstands.eu\/fr\/wp-json\/wp\/v2\/users\/10"}],"replies":[{"embeddable":true,"href":"https:\/\/expoexhibitionstands.eu\/fr\/wp-json\/wp\/v2\/comments?post=216600"}],"version-history":[{"count":5,"href":"https:\/\/expoexhibitionstands.eu\/fr\/wp-json\/wp\/v2\/pages\/216600\/revisions"}],"predecessor-version":[{"id":216608,"href":"https:\/\/expoexhibitionstands.eu\/fr\/wp-json\/wp\/v2\/pages\/216600\/revisions\/216608"}],"up":[{"embeddable":true,"href":"https:\/\/expoexhibitionstands.eu\/fr\/wp-json\/wp\/v2\/pages\/211825"}],"wp:attachment":[{"href":"https:\/\/expoexhibitionstands.eu\/fr\/wp-json\/wp\/v2\/media?parent=216600"}],"curies":[{"name":"wp","href":"https:\/\/api.w.org\/{rel}","templated":true}]}}