{"id":216579,"date":"2025-08-11T13:43:56","date_gmt":"2025-08-11T13:43:56","guid":{"rendered":"https:\/\/eeseude.expoexhibitionstands.it\/fr\/?page_id=216579"},"modified":"2025-08-28T12:22:38","modified_gmt":"2025-08-28T12:22:38","slug":"systeme-de-stand-2","status":"publish","type":"page","link":"https:\/\/expoexhibitionstands.eu\/fr\/stand-d-exposition\/syst%C3%A8me-de-stand","title":{"rendered":"syst\u00e8me-de-stand"},"content":{"rendered":"","protected":false},"excerpt":{"rendered":"","protected":false},"author":10,"featured_media":0,"parent":211734,"menu_order":0,"comment_status":"closed","ping_status":"closed","template":"template\/page-builder.php","meta":{"_acf_changed":false,"footnotes":""},"class_list":["post-216579","page","type-page","status-publish","hentry"],"acf":[],"yoast_head":"<!-- This site is optimized with the Yoast SEO plugin v27.0 - https:\/\/yoast.com\/product\/yoast-seo-wordpress\/ -->\n<title>Syst\u00e8me de construction de stand modulaire<\/title>\n<meta name=\"description\" content=\"Le syst\u00e8me de stand d&#039;exposition modulableestun moyen tr\u00e8s pris\u00e9 par lesexposants et les directeurs des ventes, qui souhaitent profiter d\u2019unstand flexible et facile d\u2019utilisation.\" \/>\n<meta name=\"robots\" content=\"index, follow, max-snippet:-1, max-image-preview:large, max-video-preview:-1\" \/>\n<link rel=\"canonical\" href=\"https:\/\/expoexhibitionstands.eu\/fr\/stand-d-exposition\/syst\u00e8me-de-stand\" \/>\n<meta property=\"og:locale\" content=\"fr_FR\" \/>\n<meta property=\"og:type\" content=\"article\" \/>\n<meta property=\"og:title\" content=\"Syst\u00e8me de construction de stand modulaire\" \/>\n<meta property=\"og:description\" content=\"Le syst\u00e8me de stand d&#039;exposition modulableestun moyen tr\u00e8s pris\u00e9 par lesexposants et les directeurs des ventes, qui souhaitent profiter d\u2019unstand flexible et facile d\u2019utilisation.\" \/>\n<meta property=\"og:url\" content=\"https:\/\/expoexhibitionstands.eu\/fr\/stand-d-exposition\/syst\u00e8me-de-stand\" \/>\n<meta property=\"og:site_name\" content=\"Expo Exhibition Stands\" \/>\n<meta property=\"article:modified_time\" content=\"2025-08-28T12:22:38+00:00\" \/>\n<meta name=\"twitter:card\" content=\"summary_large_image\" \/>\n<meta name=\"twitter:label1\" content=\"Dur\u00e9e de lecture estim\u00e9e\" \/>\n\t<meta name=\"twitter:data1\" content=\"2 minutes\" \/>\n<script type=\"application\/ld+json\" class=\"yoast-schema-graph\">{\"@context\":\"https:\/\/schema.org\",\"@graph\":[{\"@type\":\"WebPage\",\"@id\":\"https:\/\/expoexhibitionstands.eu\/fr\/stand-d-exposition\/syst%C3%A8me-de-stand\",\"url\":\"https:\/\/expoexhibitionstands.eu\/fr\/stand-d-exposition\/syst%C3%A8me-de-stand\",\"name\":\"Syst\u00e8me de construction de stand modulaire\",\"isPartOf\":{\"@id\":\"https:\/\/expoexhibitionstands.eu\/fr\/#website\"},\"datePublished\":\"2025-08-11T13:43:56+00:00\",\"dateModified\":\"2025-08-28T12:22:38+00:00\",\"description\":\"Le syst\u00e8me de stand d'exposition modulableestun moyen tr\u00e8s pris\u00e9 par lesexposants et les directeurs des ventes, qui souhaitent profiter d\u2019unstand flexible et facile d\u2019utilisation.\",\"breadcrumb\":{\"@id\":\"https:\/\/expoexhibitionstands.eu\/fr\/stand-d-exposition\/syst%C3%A8me-de-stand#breadcrumb\"},\"inLanguage\":\"fr-FR\",\"potentialAction\":[{\"@type\":\"ReadAction\",\"target\":[\"https:\/\/expoexhibitionstands.eu\/fr\/stand-d-exposition\/syst%C3%A8me-de-stand\"]}]},{\"@type\":\"BreadcrumbList\",\"@id\":\"https:\/\/expoexhibitionstands.eu\/fr\/stand-d-exposition\/syst%C3%A8me-de-stand#breadcrumb\",\"itemListElement\":[{\"@type\":\"ListItem\",\"position\":1,\"name\":\"Home\",\"item\":\"https:\/\/expoexhibitionstands.eu\/fr\/\"},{\"@type\":\"ListItem\",\"position\":2,\"name\":\"Stand d&#8217;exposition\",\"item\":\"https:\/\/expoexhibitionstands.eu\/fr\/stand-d-exposition\"},{\"@type\":\"ListItem\",\"position\":3,\"name\":\"syst\u00e8me-de-stand\"}]},{\"@type\":\"WebSite\",\"@id\":\"https:\/\/expoexhibitionstands.eu\/fr\/#website\",\"url\":\"https:\/\/expoexhibitionstands.eu\/fr\/\",\"name\":\"Expo Exhibition Stands\",\"description\":\"\",\"potentialAction\":[{\"@type\":\"SearchAction\",\"target\":{\"@type\":\"EntryPoint\",\"urlTemplate\":\"https:\/\/expoexhibitionstands.eu\/fr\/?s={search_term_string}\"},\"query-input\":{\"@type\":\"PropertyValueSpecification\",\"valueRequired\":true,\"valueName\":\"search_term_string\"}}],\"inLanguage\":\"fr-FR\"}]}<\/script>\n<!-- \/ Yoast SEO plugin. -->","yoast_head_json":{"title":"Syst\u00e8me de construction de stand modulaire","description":"Le syst\u00e8me de stand d'exposition modulableestun moyen tr\u00e8s pris\u00e9 par lesexposants et les directeurs des ventes, qui souhaitent profiter d\u2019unstand flexible et facile d\u2019utilisation.","robots":{"index":"index","follow":"follow","max-snippet":"max-snippet:-1","max-image-preview":"max-image-preview:large","max-video-preview":"max-video-preview:-1"},"canonical":"https:\/\/expoexhibitionstands.eu\/fr\/stand-d-exposition\/syst\u00e8me-de-stand","og_locale":"fr_FR","og_type":"article","og_title":"Syst\u00e8me de construction de stand modulaire","og_description":"Le syst\u00e8me de stand d'exposition modulableestun moyen tr\u00e8s pris\u00e9 par lesexposants et les directeurs des ventes, qui souhaitent profiter d\u2019unstand flexible et facile d\u2019utilisation.","og_url":"https:\/\/expoexhibitionstands.eu\/fr\/stand-d-exposition\/syst\u00e8me-de-stand","og_site_name":"Expo Exhibition Stands","article_modified_time":"2025-08-28T12:22:38+00:00","twitter_card":"summary_large_image","twitter_misc":{"Dur\u00e9e de lecture estim\u00e9e":"2 minutes"},"schema":{"@context":"https:\/\/schema.org","@graph":[{"@type":"WebPage","@id":"https:\/\/expoexhibitionstands.eu\/fr\/stand-d-exposition\/syst%C3%A8me-de-stand","url":"https:\/\/expoexhibitionstands.eu\/fr\/stand-d-exposition\/syst%C3%A8me-de-stand","name":"Syst\u00e8me de construction de stand modulaire","isPartOf":{"@id":"https:\/\/expoexhibitionstands.eu\/fr\/#website"},"datePublished":"2025-08-11T13:43:56+00:00","dateModified":"2025-08-28T12:22:38+00:00","description":"Le syst\u00e8me de stand d'exposition modulableestun moyen tr\u00e8s pris\u00e9 par lesexposants et les directeurs des ventes, qui souhaitent profiter d\u2019unstand flexible et facile d\u2019utilisation.","breadcrumb":{"@id":"https:\/\/expoexhibitionstands.eu\/fr\/stand-d-exposition\/syst%C3%A8me-de-stand#breadcrumb"},"inLanguage":"fr-FR","potentialAction":[{"@type":"ReadAction","target":["https:\/\/expoexhibitionstands.eu\/fr\/stand-d-exposition\/syst%C3%A8me-de-stand"]}]},{"@type":"BreadcrumbList","@id":"https:\/\/expoexhibitionstands.eu\/fr\/stand-d-exposition\/syst%C3%A8me-de-stand#breadcrumb","itemListElement":[{"@type":"ListItem","position":1,"name":"Home","item":"https:\/\/expoexhibitionstands.eu\/fr\/"},{"@type":"ListItem","position":2,"name":"Stand d&#8217;exposition","item":"https:\/\/expoexhibitionstands.eu\/fr\/stand-d-exposition"},{"@type":"ListItem","position":3,"name":"syst\u00e8me-de-stand"}]},{"@type":"WebSite","@id":"https:\/\/expoexhibitionstands.eu\/fr\/#website","url":"https:\/\/expoexhibitionstands.eu\/fr\/","name":"Expo Exhibition Stands","description":"","potentialAction":[{"@type":"SearchAction","target":{"@type":"EntryPoint","urlTemplate":"https:\/\/expoexhibitionstands.eu\/fr\/?s={search_term_string}"},"query-input":{"@type":"PropertyValueSpecification","valueRequired":true,"valueName":"search_term_string"}}],"inLanguage":"fr-FR"}]}},"_links":{"self":[{"href":"https:\/\/expoexhibitionstands.eu\/fr\/wp-json\/wp\/v2\/pages\/216579","targetHints":{"allow":["GET"]}}],"collection":[{"href":"https:\/\/expoexhibitionstands.eu\/fr\/wp-json\/wp\/v2\/pages"}],"about":[{"href":"https:\/\/expoexhibitionstands.eu\/fr\/wp-json\/wp\/v2\/types\/page"}],"author":[{"embeddable":true,"href":"https:\/\/expoexhibitionstands.eu\/fr\/wp-json\/wp\/v2\/users\/10"}],"replies":[{"embeddable":true,"href":"https:\/\/expoexhibitionstands.eu\/fr\/wp-json\/wp\/v2\/comments?post=216579"}],"version-history":[{"count":5,"href":"https:\/\/expoexhibitionstands.eu\/fr\/wp-json\/wp\/v2\/pages\/216579\/revisions"}],"predecessor-version":[{"id":217686,"href":"https:\/\/expoexhibitionstands.eu\/fr\/wp-json\/wp\/v2\/pages\/216579\/revisions\/217686"}],"up":[{"embeddable":true,"href":"https:\/\/expoexhibitionstands.eu\/fr\/wp-json\/wp\/v2\/pages\/211734"}],"wp:attachment":[{"href":"https:\/\/expoexhibitionstands.eu\/fr\/wp-json\/wp\/v2\/media?parent=216579"}],"curies":[{"name":"wp","href":"https:\/\/api.w.org\/{rel}","templated":true}]}}