{"id":216393,"date":"2025-08-11T10:12:06","date_gmt":"2025-08-11T10:12:06","guid":{"rendered":"https:\/\/eeseude.expoexhibitionstands.it\/fr\/?page_id=216393"},"modified":"2025-08-11T13:54:50","modified_gmt":"2025-08-11T13:54:50","slug":"stands-d-exposition-creatifs","status":"publish","type":"page","link":"https:\/\/expoexhibitionstands.eu\/fr\/stands-d-exposition-creatifs","title":{"rendered":"stands-d-exposition-creatifs"},"content":{"rendered":"","protected":false},"excerpt":{"rendered":"","protected":false},"author":10,"featured_media":0,"parent":211734,"menu_order":0,"comment_status":"closed","ping_status":"closed","template":"template\/page-builder.php","meta":{"_acf_changed":false,"footnotes":""},"class_list":["post-216393","page","type-page","status-publish","hentry"],"acf":[],"yoast_head":"<!-- This site is optimized with the Yoast SEO plugin v27.0 - https:\/\/yoast.com\/product\/yoast-seo-wordpress\/ -->\n<title>Stands d&#039;exposition cr\u00e9atifs | Stand pour salon professionnel<\/title>\n<meta name=\"description\" content=\"La conception de votre stand d\u2019exposition est le facteur cl\u00e9 de succ\u00e8s central de votre foire commerciale. Le design de votre stand doit refl\u00e9ter l\u2019identit\u00e9 visuelle de votre entreprise mais l\u2019agencement de votre stand doit \u00e9galement \u00eatre adapt\u00e9 \u00e0 la pr\u00e9sentation de vos produits.\" \/>\n<meta name=\"robots\" content=\"index, follow, max-snippet:-1, max-image-preview:large, max-video-preview:-1\" \/>\n<link rel=\"canonical\" href=\"https:\/\/expoexhibitionstands.eu\/fr\/stands-d-exposition-creatifs\" \/>\n<meta property=\"og:locale\" content=\"fr_FR\" \/>\n<meta property=\"og:type\" content=\"article\" \/>\n<meta property=\"og:title\" content=\"Stands d&#039;exposition cr\u00e9atifs | Stand pour salon professionnel\" \/>\n<meta property=\"og:description\" content=\"La conception de votre stand d\u2019exposition est le facteur cl\u00e9 de succ\u00e8s central de votre foire commerciale. Le design de votre stand doit refl\u00e9ter l\u2019identit\u00e9 visuelle de votre entreprise mais l\u2019agencement de votre stand doit \u00e9galement \u00eatre adapt\u00e9 \u00e0 la pr\u00e9sentation de vos produits.\" \/>\n<meta property=\"og:url\" content=\"https:\/\/expoexhibitionstands.eu\/fr\/stands-d-exposition-creatifs\" \/>\n<meta property=\"og:site_name\" content=\"Expo Exhibition Stands\" \/>\n<meta property=\"article:modified_time\" content=\"2025-08-11T13:54:50+00:00\" \/>\n<meta name=\"twitter:card\" content=\"summary_large_image\" \/>\n<meta name=\"twitter:label1\" content=\"Dur\u00e9e de lecture estim\u00e9e\" \/>\n\t<meta name=\"twitter:data1\" content=\"5 minutes\" \/>\n<script type=\"application\/ld+json\" class=\"yoast-schema-graph\">{\"@context\":\"https:\/\/schema.org\",\"@graph\":[{\"@type\":\"WebPage\",\"@id\":\"https:\/\/expoexhibitionstands.eu\/fr\/stands-d-exposition-creatifs\",\"url\":\"https:\/\/expoexhibitionstands.eu\/fr\/stands-d-exposition-creatifs\",\"name\":\"Stands d'exposition cr\u00e9atifs | Stand pour salon professionnel\",\"isPartOf\":{\"@id\":\"https:\/\/expoexhibitionstands.eu\/fr\/#website\"},\"datePublished\":\"2025-08-11T10:12:06+00:00\",\"dateModified\":\"2025-08-11T13:54:50+00:00\",\"description\":\"La conception de votre stand d\u2019exposition est le facteur cl\u00e9 de succ\u00e8s central de votre foire commerciale. Le design de votre stand doit refl\u00e9ter l\u2019identit\u00e9 visuelle de votre entreprise mais l\u2019agencement de votre stand doit \u00e9galement \u00eatre adapt\u00e9 \u00e0 la pr\u00e9sentation de vos produits.\",\"breadcrumb\":{\"@id\":\"https:\/\/expoexhibitionstands.eu\/fr\/stands-d-exposition-creatifs#breadcrumb\"},\"inLanguage\":\"fr-FR\",\"potentialAction\":[{\"@type\":\"ReadAction\",\"target\":[\"https:\/\/expoexhibitionstands.eu\/fr\/stands-d-exposition-creatifs\"]}]},{\"@type\":\"BreadcrumbList\",\"@id\":\"https:\/\/expoexhibitionstands.eu\/fr\/stands-d-exposition-creatifs#breadcrumb\",\"itemListElement\":[{\"@type\":\"ListItem\",\"position\":1,\"name\":\"Home\",\"item\":\"https:\/\/expoexhibitionstands.eu\/fr\/\"},{\"@type\":\"ListItem\",\"position\":2,\"name\":\"Stand d&#8217;exposition\",\"item\":\"https:\/\/expoexhibitionstands.eu\/fr\/stand-d-exposition\"},{\"@type\":\"ListItem\",\"position\":3,\"name\":\"stands-d-exposition-creatifs\"}]},{\"@type\":\"WebSite\",\"@id\":\"https:\/\/expoexhibitionstands.eu\/fr\/#website\",\"url\":\"https:\/\/expoexhibitionstands.eu\/fr\/\",\"name\":\"Expo Exhibition Stands\",\"description\":\"\",\"potentialAction\":[{\"@type\":\"SearchAction\",\"target\":{\"@type\":\"EntryPoint\",\"urlTemplate\":\"https:\/\/expoexhibitionstands.eu\/fr\/?s={search_term_string}\"},\"query-input\":{\"@type\":\"PropertyValueSpecification\",\"valueRequired\":true,\"valueName\":\"search_term_string\"}}],\"inLanguage\":\"fr-FR\"}]}<\/script>\n<!-- \/ Yoast SEO plugin. -->","yoast_head_json":{"title":"Stands d'exposition cr\u00e9atifs | Stand pour salon professionnel","description":"La conception de votre stand d\u2019exposition est le facteur cl\u00e9 de succ\u00e8s central de votre foire commerciale. Le design de votre stand doit refl\u00e9ter l\u2019identit\u00e9 visuelle de votre entreprise mais l\u2019agencement de votre stand doit \u00e9galement \u00eatre adapt\u00e9 \u00e0 la pr\u00e9sentation de vos produits.","robots":{"index":"index","follow":"follow","max-snippet":"max-snippet:-1","max-image-preview":"max-image-preview:large","max-video-preview":"max-video-preview:-1"},"canonical":"https:\/\/expoexhibitionstands.eu\/fr\/stands-d-exposition-creatifs","og_locale":"fr_FR","og_type":"article","og_title":"Stands d'exposition cr\u00e9atifs | Stand pour salon professionnel","og_description":"La conception de votre stand d\u2019exposition est le facteur cl\u00e9 de succ\u00e8s central de votre foire commerciale. Le design de votre stand doit refl\u00e9ter l\u2019identit\u00e9 visuelle de votre entreprise mais l\u2019agencement de votre stand doit \u00e9galement \u00eatre adapt\u00e9 \u00e0 la pr\u00e9sentation de vos produits.","og_url":"https:\/\/expoexhibitionstands.eu\/fr\/stands-d-exposition-creatifs","og_site_name":"Expo Exhibition Stands","article_modified_time":"2025-08-11T13:54:50+00:00","twitter_card":"summary_large_image","twitter_misc":{"Dur\u00e9e de lecture estim\u00e9e":"5 minutes"},"schema":{"@context":"https:\/\/schema.org","@graph":[{"@type":"WebPage","@id":"https:\/\/expoexhibitionstands.eu\/fr\/stands-d-exposition-creatifs","url":"https:\/\/expoexhibitionstands.eu\/fr\/stands-d-exposition-creatifs","name":"Stands d'exposition cr\u00e9atifs | Stand pour salon professionnel","isPartOf":{"@id":"https:\/\/expoexhibitionstands.eu\/fr\/#website"},"datePublished":"2025-08-11T10:12:06+00:00","dateModified":"2025-08-11T13:54:50+00:00","description":"La conception de votre stand d\u2019exposition est le facteur cl\u00e9 de succ\u00e8s central de votre foire commerciale. Le design de votre stand doit refl\u00e9ter l\u2019identit\u00e9 visuelle de votre entreprise mais l\u2019agencement de votre stand doit \u00e9galement \u00eatre adapt\u00e9 \u00e0 la pr\u00e9sentation de vos produits.","breadcrumb":{"@id":"https:\/\/expoexhibitionstands.eu\/fr\/stands-d-exposition-creatifs#breadcrumb"},"inLanguage":"fr-FR","potentialAction":[{"@type":"ReadAction","target":["https:\/\/expoexhibitionstands.eu\/fr\/stands-d-exposition-creatifs"]}]},{"@type":"BreadcrumbList","@id":"https:\/\/expoexhibitionstands.eu\/fr\/stands-d-exposition-creatifs#breadcrumb","itemListElement":[{"@type":"ListItem","position":1,"name":"Home","item":"https:\/\/expoexhibitionstands.eu\/fr\/"},{"@type":"ListItem","position":2,"name":"Stand d&#8217;exposition","item":"https:\/\/expoexhibitionstands.eu\/fr\/stand-d-exposition"},{"@type":"ListItem","position":3,"name":"stands-d-exposition-creatifs"}]},{"@type":"WebSite","@id":"https:\/\/expoexhibitionstands.eu\/fr\/#website","url":"https:\/\/expoexhibitionstands.eu\/fr\/","name":"Expo Exhibition Stands","description":"","potentialAction":[{"@type":"SearchAction","target":{"@type":"EntryPoint","urlTemplate":"https:\/\/expoexhibitionstands.eu\/fr\/?s={search_term_string}"},"query-input":{"@type":"PropertyValueSpecification","valueRequired":true,"valueName":"search_term_string"}}],"inLanguage":"fr-FR"}]}},"_links":{"self":[{"href":"https:\/\/expoexhibitionstands.eu\/fr\/wp-json\/wp\/v2\/pages\/216393","targetHints":{"allow":["GET"]}}],"collection":[{"href":"https:\/\/expoexhibitionstands.eu\/fr\/wp-json\/wp\/v2\/pages"}],"about":[{"href":"https:\/\/expoexhibitionstands.eu\/fr\/wp-json\/wp\/v2\/types\/page"}],"author":[{"embeddable":true,"href":"https:\/\/expoexhibitionstands.eu\/fr\/wp-json\/wp\/v2\/users\/10"}],"replies":[{"embeddable":true,"href":"https:\/\/expoexhibitionstands.eu\/fr\/wp-json\/wp\/v2\/comments?post=216393"}],"version-history":[{"count":5,"href":"https:\/\/expoexhibitionstands.eu\/fr\/wp-json\/wp\/v2\/pages\/216393\/revisions"}],"predecessor-version":[{"id":216599,"href":"https:\/\/expoexhibitionstands.eu\/fr\/wp-json\/wp\/v2\/pages\/216393\/revisions\/216599"}],"up":[{"embeddable":true,"href":"https:\/\/expoexhibitionstands.eu\/fr\/wp-json\/wp\/v2\/pages\/211734"}],"wp:attachment":[{"href":"https:\/\/expoexhibitionstands.eu\/fr\/wp-json\/wp\/v2\/media?parent=216393"}],"curies":[{"name":"wp","href":"https:\/\/api.w.org\/{rel}","templated":true}]}}