{"id":214273,"date":"2025-06-03T12:17:36","date_gmt":"2025-06-03T12:17:36","guid":{"rendered":"https:\/\/eeseude.expoexhibitionstands.it\/?page_id=214273"},"modified":"2025-08-29T11:27:23","modified_gmt":"2025-08-29T11:27:23","slug":"interroll-stand-d-exposition","status":"publish","type":"page","link":"https:\/\/expoexhibitionstands.eu\/fr\/entreprise\/realisation-en-details\/interroll-stand-d-exposition","title":{"rendered":"Interroll stand d exposition"},"content":{"rendered":"","protected":false},"excerpt":{"rendered":"","protected":false},"author":12,"featured_media":0,"parent":212140,"menu_order":0,"comment_status":"closed","ping_status":"closed","template":"template\/page-builder.php","meta":{"_acf_changed":false,"footnotes":""},"class_list":["post-214273","page","type-page","status-publish","hentry"],"acf":[],"yoast_head":"<!-- This site is optimized with the Yoast SEO plugin v27.0 - https:\/\/yoast.com\/product\/yoast-seo-wordpress\/ -->\n<title>Concept De Stand INTERROLL<\/title>\n<meta name=\"description\" content=\"Le concept de construction du stand modulaire est absolument compatible avec toute marque et il permet aux clients dans le monde entier de reconna\u00eetre imm\u00e9diatement la soci\u00e9t\u00e9 en tant qu&#039;acteur leader sur le march\u00e9.\" \/>\n<meta name=\"robots\" content=\"index, follow, max-snippet:-1, max-image-preview:large, max-video-preview:-1\" \/>\n<link rel=\"canonical\" href=\"https:\/\/expoexhibitionstands.eu\/fr\/entreprise\/realisation-en-details\/interroll-stand-d-exposition\" \/>\n<meta property=\"og:locale\" content=\"fr_FR\" \/>\n<meta property=\"og:type\" content=\"article\" \/>\n<meta property=\"og:title\" content=\"Concept De Stand INTERROLL\" \/>\n<meta property=\"og:description\" content=\"Le concept de construction du stand modulaire est absolument compatible avec toute marque et il permet aux clients dans le monde entier de reconna\u00eetre imm\u00e9diatement la soci\u00e9t\u00e9 en tant qu&#039;acteur leader sur le march\u00e9.\" \/>\n<meta property=\"og:url\" content=\"https:\/\/expoexhibitionstands.eu\/fr\/entreprise\/realisation-en-details\/interroll-stand-d-exposition\" \/>\n<meta property=\"og:site_name\" content=\"Expo Exhibition Stands\" \/>\n<meta property=\"article:modified_time\" content=\"2025-08-29T11:27:23+00:00\" \/>\n<meta name=\"twitter:card\" content=\"summary_large_image\" \/>\n<meta name=\"twitter:label1\" content=\"Dur\u00e9e de lecture estim\u00e9e\" \/>\n\t<meta name=\"twitter:data1\" content=\"3 minutes\" \/>\n<script type=\"application\/ld+json\" class=\"yoast-schema-graph\">{\"@context\":\"https:\/\/schema.org\",\"@graph\":[{\"@type\":\"WebPage\",\"@id\":\"https:\/\/expoexhibitionstands.eu\/fr\/entreprise\/realisation-en-details\/interroll-stand-d-exposition\",\"url\":\"https:\/\/expoexhibitionstands.eu\/fr\/entreprise\/realisation-en-details\/interroll-stand-d-exposition\",\"name\":\"Concept De Stand INTERROLL\",\"isPartOf\":{\"@id\":\"https:\/\/expoexhibitionstands.eu\/fr\/#website\"},\"datePublished\":\"2025-06-03T12:17:36+00:00\",\"dateModified\":\"2025-08-29T11:27:23+00:00\",\"description\":\"Le concept de construction du stand modulaire est absolument compatible avec toute marque et il permet aux clients dans le monde entier de reconna\u00eetre imm\u00e9diatement la soci\u00e9t\u00e9 en tant qu'acteur leader sur le march\u00e9.\",\"breadcrumb\":{\"@id\":\"https:\/\/expoexhibitionstands.eu\/fr\/entreprise\/realisation-en-details\/interroll-stand-d-exposition#breadcrumb\"},\"inLanguage\":\"fr-FR\",\"potentialAction\":[{\"@type\":\"ReadAction\",\"target\":[\"https:\/\/expoexhibitionstands.eu\/fr\/entreprise\/realisation-en-details\/interroll-stand-d-exposition\"]}]},{\"@type\":\"BreadcrumbList\",\"@id\":\"https:\/\/expoexhibitionstands.eu\/fr\/entreprise\/realisation-en-details\/interroll-stand-d-exposition#breadcrumb\",\"itemListElement\":[{\"@type\":\"ListItem\",\"position\":1,\"name\":\"Home\",\"item\":\"https:\/\/expoexhibitionstands.eu\/fr\/\"},{\"@type\":\"ListItem\",\"position\":2,\"name\":\"Entreprise\",\"item\":\"https:\/\/expoexhibitionstands.eu\/fr\/entreprise\"},{\"@type\":\"ListItem\",\"position\":3,\"name\":\"R\u00e9alisations en d\u00e9tails\",\"item\":\"https:\/\/expoexhibitionstands.eu\/fr\/entreprise\/realisation-en-details\"},{\"@type\":\"ListItem\",\"position\":4,\"name\":\"Interroll stand d exposition\"}]},{\"@type\":\"WebSite\",\"@id\":\"https:\/\/expoexhibitionstands.eu\/fr\/#website\",\"url\":\"https:\/\/expoexhibitionstands.eu\/fr\/\",\"name\":\"Expo Exhibition Stands\",\"description\":\"\",\"potentialAction\":[{\"@type\":\"SearchAction\",\"target\":{\"@type\":\"EntryPoint\",\"urlTemplate\":\"https:\/\/expoexhibitionstands.eu\/fr\/?s={search_term_string}\"},\"query-input\":{\"@type\":\"PropertyValueSpecification\",\"valueRequired\":true,\"valueName\":\"search_term_string\"}}],\"inLanguage\":\"fr-FR\"}]}<\/script>\n<!-- \/ Yoast SEO plugin. -->","yoast_head_json":{"title":"Concept De Stand INTERROLL","description":"Le concept de construction du stand modulaire est absolument compatible avec toute marque et il permet aux clients dans le monde entier de reconna\u00eetre imm\u00e9diatement la soci\u00e9t\u00e9 en tant qu'acteur leader sur le march\u00e9.","robots":{"index":"index","follow":"follow","max-snippet":"max-snippet:-1","max-image-preview":"max-image-preview:large","max-video-preview":"max-video-preview:-1"},"canonical":"https:\/\/expoexhibitionstands.eu\/fr\/entreprise\/realisation-en-details\/interroll-stand-d-exposition","og_locale":"fr_FR","og_type":"article","og_title":"Concept De Stand INTERROLL","og_description":"Le concept de construction du stand modulaire est absolument compatible avec toute marque et il permet aux clients dans le monde entier de reconna\u00eetre imm\u00e9diatement la soci\u00e9t\u00e9 en tant qu'acteur leader sur le march\u00e9.","og_url":"https:\/\/expoexhibitionstands.eu\/fr\/entreprise\/realisation-en-details\/interroll-stand-d-exposition","og_site_name":"Expo Exhibition Stands","article_modified_time":"2025-08-29T11:27:23+00:00","twitter_card":"summary_large_image","twitter_misc":{"Dur\u00e9e de lecture estim\u00e9e":"3 minutes"},"schema":{"@context":"https:\/\/schema.org","@graph":[{"@type":"WebPage","@id":"https:\/\/expoexhibitionstands.eu\/fr\/entreprise\/realisation-en-details\/interroll-stand-d-exposition","url":"https:\/\/expoexhibitionstands.eu\/fr\/entreprise\/realisation-en-details\/interroll-stand-d-exposition","name":"Concept De Stand INTERROLL","isPartOf":{"@id":"https:\/\/expoexhibitionstands.eu\/fr\/#website"},"datePublished":"2025-06-03T12:17:36+00:00","dateModified":"2025-08-29T11:27:23+00:00","description":"Le concept de construction du stand modulaire est absolument compatible avec toute marque et il permet aux clients dans le monde entier de reconna\u00eetre imm\u00e9diatement la soci\u00e9t\u00e9 en tant qu'acteur leader sur le march\u00e9.","breadcrumb":{"@id":"https:\/\/expoexhibitionstands.eu\/fr\/entreprise\/realisation-en-details\/interroll-stand-d-exposition#breadcrumb"},"inLanguage":"fr-FR","potentialAction":[{"@type":"ReadAction","target":["https:\/\/expoexhibitionstands.eu\/fr\/entreprise\/realisation-en-details\/interroll-stand-d-exposition"]}]},{"@type":"BreadcrumbList","@id":"https:\/\/expoexhibitionstands.eu\/fr\/entreprise\/realisation-en-details\/interroll-stand-d-exposition#breadcrumb","itemListElement":[{"@type":"ListItem","position":1,"name":"Home","item":"https:\/\/expoexhibitionstands.eu\/fr\/"},{"@type":"ListItem","position":2,"name":"Entreprise","item":"https:\/\/expoexhibitionstands.eu\/fr\/entreprise"},{"@type":"ListItem","position":3,"name":"R\u00e9alisations en d\u00e9tails","item":"https:\/\/expoexhibitionstands.eu\/fr\/entreprise\/realisation-en-details"},{"@type":"ListItem","position":4,"name":"Interroll stand d exposition"}]},{"@type":"WebSite","@id":"https:\/\/expoexhibitionstands.eu\/fr\/#website","url":"https:\/\/expoexhibitionstands.eu\/fr\/","name":"Expo Exhibition Stands","description":"","potentialAction":[{"@type":"SearchAction","target":{"@type":"EntryPoint","urlTemplate":"https:\/\/expoexhibitionstands.eu\/fr\/?s={search_term_string}"},"query-input":{"@type":"PropertyValueSpecification","valueRequired":true,"valueName":"search_term_string"}}],"inLanguage":"fr-FR"}]}},"_links":{"self":[{"href":"https:\/\/expoexhibitionstands.eu\/fr\/wp-json\/wp\/v2\/pages\/214273","targetHints":{"allow":["GET"]}}],"collection":[{"href":"https:\/\/expoexhibitionstands.eu\/fr\/wp-json\/wp\/v2\/pages"}],"about":[{"href":"https:\/\/expoexhibitionstands.eu\/fr\/wp-json\/wp\/v2\/types\/page"}],"author":[{"embeddable":true,"href":"https:\/\/expoexhibitionstands.eu\/fr\/wp-json\/wp\/v2\/users\/12"}],"replies":[{"embeddable":true,"href":"https:\/\/expoexhibitionstands.eu\/fr\/wp-json\/wp\/v2\/comments?post=214273"}],"version-history":[{"count":8,"href":"https:\/\/expoexhibitionstands.eu\/fr\/wp-json\/wp\/v2\/pages\/214273\/revisions"}],"predecessor-version":[{"id":217707,"href":"https:\/\/expoexhibitionstands.eu\/fr\/wp-json\/wp\/v2\/pages\/214273\/revisions\/217707"}],"up":[{"embeddable":true,"href":"https:\/\/expoexhibitionstands.eu\/fr\/wp-json\/wp\/v2\/pages\/212140"}],"wp:attachment":[{"href":"https:\/\/expoexhibitionstands.eu\/fr\/wp-json\/wp\/v2\/media?parent=214273"}],"curies":[{"name":"wp","href":"https:\/\/api.w.org\/{rel}","templated":true}]}}