{"id":214175,"date":"2025-06-03T09:55:26","date_gmt":"2025-06-03T09:55:26","guid":{"rendered":"https:\/\/eeseude.expoexhibitionstands.it\/?page_id=214175"},"modified":"2025-08-28T06:05:14","modified_gmt":"2025-08-28T06:05:14","slug":"acheter","status":"publish","type":"page","link":"https:\/\/expoexhibitionstands.eu\/fr\/stand-d-exposition\/acheter","title":{"rendered":"Acheter un stand"},"content":{"rendered":"","protected":false},"excerpt":{"rendered":"","protected":false},"author":12,"featured_media":0,"parent":211734,"menu_order":0,"comment_status":"closed","ping_status":"closed","template":"template\/page-builder.php","meta":{"_acf_changed":false,"footnotes":""},"class_list":["post-214175","page","type-page","status-publish","hentry"],"acf":[],"yoast_head":"<!-- This site is optimized with the Yoast SEO plugin v27.0 - https:\/\/yoast.com\/product\/yoast-seo-wordpress\/ -->\n<title>Acheter un stand d\u2019exposition<\/title>\n<meta name=\"description\" content=\"Nos stands d\u2019exposition peuvent \u00eatre utilis\u00e9s pendant plusieurs ann\u00e9es, avec un minimum d&#039;entretien. Parce qu\u2019ils sont modulaires, les stands peuvent \u00eatre r\u00e9nov\u00e9s pour suivre les nouvelles tendances du march\u00e9.\" \/>\n<meta name=\"robots\" content=\"index, follow, max-snippet:-1, max-image-preview:large, max-video-preview:-1\" \/>\n<link rel=\"canonical\" href=\"https:\/\/expoexhibitionstands.eu\/fr\/stand-d-exposition\/acheter\" \/>\n<meta property=\"og:locale\" content=\"fr_FR\" \/>\n<meta property=\"og:type\" content=\"article\" \/>\n<meta property=\"og:title\" content=\"Acheter un stand d\u2019exposition\" \/>\n<meta property=\"og:description\" content=\"Nos stands d\u2019exposition peuvent \u00eatre utilis\u00e9s pendant plusieurs ann\u00e9es, avec un minimum d&#039;entretien. Parce qu\u2019ils sont modulaires, les stands peuvent \u00eatre r\u00e9nov\u00e9s pour suivre les nouvelles tendances du march\u00e9.\" \/>\n<meta property=\"og:url\" content=\"https:\/\/expoexhibitionstands.eu\/fr\/stand-d-exposition\/acheter\" \/>\n<meta property=\"og:site_name\" content=\"Expo Exhibition Stands\" \/>\n<meta property=\"article:modified_time\" content=\"2025-08-28T06:05:14+00:00\" \/>\n<meta name=\"twitter:card\" content=\"summary_large_image\" \/>\n<meta name=\"twitter:label1\" content=\"Dur\u00e9e de lecture estim\u00e9e\" \/>\n\t<meta name=\"twitter:data1\" content=\"5 minutes\" \/>\n<script type=\"application\/ld+json\" class=\"yoast-schema-graph\">{\"@context\":\"https:\/\/schema.org\",\"@graph\":[{\"@type\":\"WebPage\",\"@id\":\"https:\/\/expoexhibitionstands.eu\/fr\/stand-d-exposition\/acheter\",\"url\":\"https:\/\/expoexhibitionstands.eu\/fr\/stand-d-exposition\/acheter\",\"name\":\"Acheter un stand d\u2019exposition\",\"isPartOf\":{\"@id\":\"https:\/\/expoexhibitionstands.eu\/fr\/#website\"},\"datePublished\":\"2025-06-03T09:55:26+00:00\",\"dateModified\":\"2025-08-28T06:05:14+00:00\",\"description\":\"Nos stands d\u2019exposition peuvent \u00eatre utilis\u00e9s pendant plusieurs ann\u00e9es, avec un minimum d'entretien. Parce qu\u2019ils sont modulaires, les stands peuvent \u00eatre r\u00e9nov\u00e9s pour suivre les nouvelles tendances du march\u00e9.\",\"breadcrumb\":{\"@id\":\"https:\/\/expoexhibitionstands.eu\/fr\/stand-d-exposition\/acheter#breadcrumb\"},\"inLanguage\":\"fr-FR\",\"potentialAction\":[{\"@type\":\"ReadAction\",\"target\":[\"https:\/\/expoexhibitionstands.eu\/fr\/stand-d-exposition\/acheter\"]}]},{\"@type\":\"BreadcrumbList\",\"@id\":\"https:\/\/expoexhibitionstands.eu\/fr\/stand-d-exposition\/acheter#breadcrumb\",\"itemListElement\":[{\"@type\":\"ListItem\",\"position\":1,\"name\":\"Home\",\"item\":\"https:\/\/expoexhibitionstands.eu\/fr\/\"},{\"@type\":\"ListItem\",\"position\":2,\"name\":\"Stand d&#8217;exposition\",\"item\":\"https:\/\/expoexhibitionstands.eu\/fr\/stand-d-exposition\"},{\"@type\":\"ListItem\",\"position\":3,\"name\":\"Acheter un stand\"}]},{\"@type\":\"WebSite\",\"@id\":\"https:\/\/expoexhibitionstands.eu\/fr\/#website\",\"url\":\"https:\/\/expoexhibitionstands.eu\/fr\/\",\"name\":\"Expo Exhibition Stands\",\"description\":\"\",\"potentialAction\":[{\"@type\":\"SearchAction\",\"target\":{\"@type\":\"EntryPoint\",\"urlTemplate\":\"https:\/\/expoexhibitionstands.eu\/fr\/?s={search_term_string}\"},\"query-input\":{\"@type\":\"PropertyValueSpecification\",\"valueRequired\":true,\"valueName\":\"search_term_string\"}}],\"inLanguage\":\"fr-FR\"}]}<\/script>\n<!-- \/ Yoast SEO plugin. -->","yoast_head_json":{"title":"Acheter un stand d\u2019exposition","description":"Nos stands d\u2019exposition peuvent \u00eatre utilis\u00e9s pendant plusieurs ann\u00e9es, avec un minimum d'entretien. Parce qu\u2019ils sont modulaires, les stands peuvent \u00eatre r\u00e9nov\u00e9s pour suivre les nouvelles tendances du march\u00e9.","robots":{"index":"index","follow":"follow","max-snippet":"max-snippet:-1","max-image-preview":"max-image-preview:large","max-video-preview":"max-video-preview:-1"},"canonical":"https:\/\/expoexhibitionstands.eu\/fr\/stand-d-exposition\/acheter","og_locale":"fr_FR","og_type":"article","og_title":"Acheter un stand d\u2019exposition","og_description":"Nos stands d\u2019exposition peuvent \u00eatre utilis\u00e9s pendant plusieurs ann\u00e9es, avec un minimum d'entretien. Parce qu\u2019ils sont modulaires, les stands peuvent \u00eatre r\u00e9nov\u00e9s pour suivre les nouvelles tendances du march\u00e9.","og_url":"https:\/\/expoexhibitionstands.eu\/fr\/stand-d-exposition\/acheter","og_site_name":"Expo Exhibition Stands","article_modified_time":"2025-08-28T06:05:14+00:00","twitter_card":"summary_large_image","twitter_misc":{"Dur\u00e9e de lecture estim\u00e9e":"5 minutes"},"schema":{"@context":"https:\/\/schema.org","@graph":[{"@type":"WebPage","@id":"https:\/\/expoexhibitionstands.eu\/fr\/stand-d-exposition\/acheter","url":"https:\/\/expoexhibitionstands.eu\/fr\/stand-d-exposition\/acheter","name":"Acheter un stand d\u2019exposition","isPartOf":{"@id":"https:\/\/expoexhibitionstands.eu\/fr\/#website"},"datePublished":"2025-06-03T09:55:26+00:00","dateModified":"2025-08-28T06:05:14+00:00","description":"Nos stands d\u2019exposition peuvent \u00eatre utilis\u00e9s pendant plusieurs ann\u00e9es, avec un minimum d'entretien. Parce qu\u2019ils sont modulaires, les stands peuvent \u00eatre r\u00e9nov\u00e9s pour suivre les nouvelles tendances du march\u00e9.","breadcrumb":{"@id":"https:\/\/expoexhibitionstands.eu\/fr\/stand-d-exposition\/acheter#breadcrumb"},"inLanguage":"fr-FR","potentialAction":[{"@type":"ReadAction","target":["https:\/\/expoexhibitionstands.eu\/fr\/stand-d-exposition\/acheter"]}]},{"@type":"BreadcrumbList","@id":"https:\/\/expoexhibitionstands.eu\/fr\/stand-d-exposition\/acheter#breadcrumb","itemListElement":[{"@type":"ListItem","position":1,"name":"Home","item":"https:\/\/expoexhibitionstands.eu\/fr\/"},{"@type":"ListItem","position":2,"name":"Stand d&#8217;exposition","item":"https:\/\/expoexhibitionstands.eu\/fr\/stand-d-exposition"},{"@type":"ListItem","position":3,"name":"Acheter un stand"}]},{"@type":"WebSite","@id":"https:\/\/expoexhibitionstands.eu\/fr\/#website","url":"https:\/\/expoexhibitionstands.eu\/fr\/","name":"Expo Exhibition Stands","description":"","potentialAction":[{"@type":"SearchAction","target":{"@type":"EntryPoint","urlTemplate":"https:\/\/expoexhibitionstands.eu\/fr\/?s={search_term_string}"},"query-input":{"@type":"PropertyValueSpecification","valueRequired":true,"valueName":"search_term_string"}}],"inLanguage":"fr-FR"}]}},"_links":{"self":[{"href":"https:\/\/expoexhibitionstands.eu\/fr\/wp-json\/wp\/v2\/pages\/214175","targetHints":{"allow":["GET"]}}],"collection":[{"href":"https:\/\/expoexhibitionstands.eu\/fr\/wp-json\/wp\/v2\/pages"}],"about":[{"href":"https:\/\/expoexhibitionstands.eu\/fr\/wp-json\/wp\/v2\/types\/page"}],"author":[{"embeddable":true,"href":"https:\/\/expoexhibitionstands.eu\/fr\/wp-json\/wp\/v2\/users\/12"}],"replies":[{"embeddable":true,"href":"https:\/\/expoexhibitionstands.eu\/fr\/wp-json\/wp\/v2\/comments?post=214175"}],"version-history":[{"count":7,"href":"https:\/\/expoexhibitionstands.eu\/fr\/wp-json\/wp\/v2\/pages\/214175\/revisions"}],"predecessor-version":[{"id":217685,"href":"https:\/\/expoexhibitionstands.eu\/fr\/wp-json\/wp\/v2\/pages\/214175\/revisions\/217685"}],"up":[{"embeddable":true,"href":"https:\/\/expoexhibitionstands.eu\/fr\/wp-json\/wp\/v2\/pages\/211734"}],"wp:attachment":[{"href":"https:\/\/expoexhibitionstands.eu\/fr\/wp-json\/wp\/v2\/media?parent=214175"}],"curies":[{"name":"wp","href":"https:\/\/api.w.org\/{rel}","templated":true}]}}