{"id":213982,"date":"2025-05-29T11:21:36","date_gmt":"2025-05-29T11:21:36","guid":{"rendered":"https:\/\/eeseude.expoexhibitionstands.it\/?page_id=213982"},"modified":"2025-11-07T13:06:37","modified_gmt":"2025-11-07T13:06:37","slug":"idees-de-stands","status":"publish","type":"page","link":"https:\/\/expoexhibitionstands.eu\/fr\/idees-de-stands","title":{"rendered":"Designs"},"content":{"rendered":"","protected":false},"excerpt":{"rendered":"","protected":false},"author":12,"featured_media":0,"parent":0,"menu_order":0,"comment_status":"closed","ping_status":"closed","template":"template\/page-builder.php","meta":{"_acf_changed":false,"footnotes":""},"class_list":["post-213982","page","type-page","status-publish","hentry"],"acf":[],"yoast_head":"<!-- This site is optimized with the Yoast SEO plugin v27.0 - https:\/\/yoast.com\/product\/yoast-seo-wordpress\/ -->\n<title>Id\u00e9es de stands - Id\u00e9es pour stands d&#039;exposition<\/title>\n<meta name=\"description\" content=\"Pour vous aider \u00e0 choisir le stand le plus adapt\u00e9 \u00e0 vos besoins, nous avons cr\u00e9\u00e9 un configurateur de stands d\u2019exposition. Vous pouvez ainsi explorer le nombre de possibilit\u00e9s qui s\u2019offrent \u00e0 vous.\" \/>\n<meta name=\"robots\" content=\"index, follow, max-snippet:-1, max-image-preview:large, max-video-preview:-1\" \/>\n<link rel=\"canonical\" href=\"https:\/\/expoexhibitionstands.eu\/fr\/idees-de-stands\" \/>\n<meta property=\"og:locale\" content=\"fr_FR\" \/>\n<meta property=\"og:type\" content=\"article\" \/>\n<meta property=\"og:title\" content=\"Id\u00e9es de stands - Id\u00e9es pour stands d&#039;exposition\" \/>\n<meta property=\"og:description\" content=\"Pour vous aider \u00e0 choisir le stand le plus adapt\u00e9 \u00e0 vos besoins, nous avons cr\u00e9\u00e9 un configurateur de stands d\u2019exposition. Vous pouvez ainsi explorer le nombre de possibilit\u00e9s qui s\u2019offrent \u00e0 vous.\" \/>\n<meta property=\"og:url\" content=\"https:\/\/expoexhibitionstands.eu\/fr\/idees-de-stands\" \/>\n<meta property=\"og:site_name\" content=\"Expo Exhibition Stands\" \/>\n<meta property=\"article:modified_time\" content=\"2025-11-07T13:06:37+00:00\" \/>\n<meta name=\"twitter:card\" content=\"summary_large_image\" \/>\n<meta name=\"twitter:label1\" content=\"Dur\u00e9e de lecture estim\u00e9e\" \/>\n\t<meta name=\"twitter:data1\" content=\"9 minutes\" \/>\n<script type=\"application\/ld+json\" class=\"yoast-schema-graph\">{\"@context\":\"https:\/\/schema.org\",\"@graph\":[{\"@type\":\"WebPage\",\"@id\":\"https:\/\/expoexhibitionstands.eu\/fr\/idees-de-stands\",\"url\":\"https:\/\/expoexhibitionstands.eu\/fr\/idees-de-stands\",\"name\":\"Id\u00e9es de stands - Id\u00e9es pour stands d'exposition\",\"isPartOf\":{\"@id\":\"https:\/\/expoexhibitionstands.eu\/fr\/#website\"},\"datePublished\":\"2025-05-29T11:21:36+00:00\",\"dateModified\":\"2025-11-07T13:06:37+00:00\",\"description\":\"Pour vous aider \u00e0 choisir le stand le plus adapt\u00e9 \u00e0 vos besoins, nous avons cr\u00e9\u00e9 un configurateur de stands d\u2019exposition. Vous pouvez ainsi explorer le nombre de possibilit\u00e9s qui s\u2019offrent \u00e0 vous.\",\"breadcrumb\":{\"@id\":\"https:\/\/expoexhibitionstands.eu\/fr\/idees-de-stands#breadcrumb\"},\"inLanguage\":\"fr-FR\",\"potentialAction\":[{\"@type\":\"ReadAction\",\"target\":[\"https:\/\/expoexhibitionstands.eu\/fr\/idees-de-stands\"]}]},{\"@type\":\"BreadcrumbList\",\"@id\":\"https:\/\/expoexhibitionstands.eu\/fr\/idees-de-stands#breadcrumb\",\"itemListElement\":[{\"@type\":\"ListItem\",\"position\":1,\"name\":\"Home\",\"item\":\"https:\/\/expoexhibitionstands.eu\/fr\/\"},{\"@type\":\"ListItem\",\"position\":2,\"name\":\"Designs\"}]},{\"@type\":\"WebSite\",\"@id\":\"https:\/\/expoexhibitionstands.eu\/fr\/#website\",\"url\":\"https:\/\/expoexhibitionstands.eu\/fr\/\",\"name\":\"Expo Exhibition Stands\",\"description\":\"\",\"potentialAction\":[{\"@type\":\"SearchAction\",\"target\":{\"@type\":\"EntryPoint\",\"urlTemplate\":\"https:\/\/expoexhibitionstands.eu\/fr\/?s={search_term_string}\"},\"query-input\":{\"@type\":\"PropertyValueSpecification\",\"valueRequired\":true,\"valueName\":\"search_term_string\"}}],\"inLanguage\":\"fr-FR\"}]}<\/script>\n<!-- \/ Yoast SEO plugin. -->","yoast_head_json":{"title":"Id\u00e9es de stands - Id\u00e9es pour stands d'exposition","description":"Pour vous aider \u00e0 choisir le stand le plus adapt\u00e9 \u00e0 vos besoins, nous avons cr\u00e9\u00e9 un configurateur de stands d\u2019exposition. Vous pouvez ainsi explorer le nombre de possibilit\u00e9s qui s\u2019offrent \u00e0 vous.","robots":{"index":"index","follow":"follow","max-snippet":"max-snippet:-1","max-image-preview":"max-image-preview:large","max-video-preview":"max-video-preview:-1"},"canonical":"https:\/\/expoexhibitionstands.eu\/fr\/idees-de-stands","og_locale":"fr_FR","og_type":"article","og_title":"Id\u00e9es de stands - Id\u00e9es pour stands d'exposition","og_description":"Pour vous aider \u00e0 choisir le stand le plus adapt\u00e9 \u00e0 vos besoins, nous avons cr\u00e9\u00e9 un configurateur de stands d\u2019exposition. Vous pouvez ainsi explorer le nombre de possibilit\u00e9s qui s\u2019offrent \u00e0 vous.","og_url":"https:\/\/expoexhibitionstands.eu\/fr\/idees-de-stands","og_site_name":"Expo Exhibition Stands","article_modified_time":"2025-11-07T13:06:37+00:00","twitter_card":"summary_large_image","twitter_misc":{"Dur\u00e9e de lecture estim\u00e9e":"9 minutes"},"schema":{"@context":"https:\/\/schema.org","@graph":[{"@type":"WebPage","@id":"https:\/\/expoexhibitionstands.eu\/fr\/idees-de-stands","url":"https:\/\/expoexhibitionstands.eu\/fr\/idees-de-stands","name":"Id\u00e9es de stands - Id\u00e9es pour stands d'exposition","isPartOf":{"@id":"https:\/\/expoexhibitionstands.eu\/fr\/#website"},"datePublished":"2025-05-29T11:21:36+00:00","dateModified":"2025-11-07T13:06:37+00:00","description":"Pour vous aider \u00e0 choisir le stand le plus adapt\u00e9 \u00e0 vos besoins, nous avons cr\u00e9\u00e9 un configurateur de stands d\u2019exposition. Vous pouvez ainsi explorer le nombre de possibilit\u00e9s qui s\u2019offrent \u00e0 vous.","breadcrumb":{"@id":"https:\/\/expoexhibitionstands.eu\/fr\/idees-de-stands#breadcrumb"},"inLanguage":"fr-FR","potentialAction":[{"@type":"ReadAction","target":["https:\/\/expoexhibitionstands.eu\/fr\/idees-de-stands"]}]},{"@type":"BreadcrumbList","@id":"https:\/\/expoexhibitionstands.eu\/fr\/idees-de-stands#breadcrumb","itemListElement":[{"@type":"ListItem","position":1,"name":"Home","item":"https:\/\/expoexhibitionstands.eu\/fr\/"},{"@type":"ListItem","position":2,"name":"Designs"}]},{"@type":"WebSite","@id":"https:\/\/expoexhibitionstands.eu\/fr\/#website","url":"https:\/\/expoexhibitionstands.eu\/fr\/","name":"Expo Exhibition Stands","description":"","potentialAction":[{"@type":"SearchAction","target":{"@type":"EntryPoint","urlTemplate":"https:\/\/expoexhibitionstands.eu\/fr\/?s={search_term_string}"},"query-input":{"@type":"PropertyValueSpecification","valueRequired":true,"valueName":"search_term_string"}}],"inLanguage":"fr-FR"}]}},"_links":{"self":[{"href":"https:\/\/expoexhibitionstands.eu\/fr\/wp-json\/wp\/v2\/pages\/213982","targetHints":{"allow":["GET"]}}],"collection":[{"href":"https:\/\/expoexhibitionstands.eu\/fr\/wp-json\/wp\/v2\/pages"}],"about":[{"href":"https:\/\/expoexhibitionstands.eu\/fr\/wp-json\/wp\/v2\/types\/page"}],"author":[{"embeddable":true,"href":"https:\/\/expoexhibitionstands.eu\/fr\/wp-json\/wp\/v2\/users\/12"}],"replies":[{"embeddable":true,"href":"https:\/\/expoexhibitionstands.eu\/fr\/wp-json\/wp\/v2\/comments?post=213982"}],"version-history":[{"count":7,"href":"https:\/\/expoexhibitionstands.eu\/fr\/wp-json\/wp\/v2\/pages\/213982\/revisions"}],"predecessor-version":[{"id":218412,"href":"https:\/\/expoexhibitionstands.eu\/fr\/wp-json\/wp\/v2\/pages\/213982\/revisions\/218412"}],"wp:attachment":[{"href":"https:\/\/expoexhibitionstands.eu\/fr\/wp-json\/wp\/v2\/media?parent=213982"}],"curies":[{"name":"wp","href":"https:\/\/api.w.org\/{rel}","templated":true}]}}