{"id":212855,"date":"2025-05-26T10:00:10","date_gmt":"2025-05-26T10:00:10","guid":{"rendered":"https:\/\/eeseude.expoexhibitionstands.it\/?page_id=212855"},"modified":"2025-08-28T06:28:29","modified_gmt":"2025-08-28T06:28:29","slug":"garantie-a-vie","status":"publish","type":"page","link":"https:\/\/expoexhibitionstands.eu\/fr\/entreprise\/garantie-a-vie","title":{"rendered":"Garantie \u00e0 vie"},"content":{"rendered":"","protected":false},"excerpt":{"rendered":"","protected":false},"author":1,"featured_media":0,"parent":211993,"menu_order":0,"comment_status":"closed","ping_status":"closed","template":"template\/page-builder.php","meta":{"_acf_changed":false,"footnotes":""},"class_list":["post-212855","page","type-page","status-publish","hentry"],"acf":[],"yoast_head":"<!-- This site is optimized with the Yoast SEO plugin v27.0 - https:\/\/yoast.com\/product\/yoast-seo-wordpress\/ -->\n<title>Garantie \u00e0 vie<\/title>\n<meta name=\"description\" content=\"Nous sommes confiants quant \u00e0 la qualit\u00e9 des produits que nous offrons. Nos stands d\u2019exposition sont construits dans des locaux modernes et \u00e0 l\u2019aide de mat\u00e9riaux de la plus grande qualit\u00e9.\" \/>\n<meta name=\"robots\" content=\"index, follow, max-snippet:-1, max-image-preview:large, max-video-preview:-1\" \/>\n<link rel=\"canonical\" href=\"https:\/\/expoexhibitionstands.eu\/fr\/entreprise\/garantie-a-vie\" \/>\n<meta property=\"og:locale\" content=\"fr_FR\" \/>\n<meta property=\"og:type\" content=\"article\" \/>\n<meta property=\"og:title\" content=\"Garantie \u00e0 vie\" \/>\n<meta property=\"og:description\" content=\"Nous sommes confiants quant \u00e0 la qualit\u00e9 des produits que nous offrons. Nos stands d\u2019exposition sont construits dans des locaux modernes et \u00e0 l\u2019aide de mat\u00e9riaux de la plus grande qualit\u00e9.\" \/>\n<meta property=\"og:url\" content=\"https:\/\/expoexhibitionstands.eu\/fr\/entreprise\/garantie-a-vie\" \/>\n<meta property=\"og:site_name\" content=\"Expo Exhibition Stands\" \/>\n<meta property=\"article:modified_time\" content=\"2025-08-28T06:28:29+00:00\" \/>\n<meta name=\"twitter:card\" content=\"summary_large_image\" \/>\n<meta name=\"twitter:label1\" content=\"Dur\u00e9e de lecture estim\u00e9e\" \/>\n\t<meta name=\"twitter:data1\" content=\"2 minutes\" \/>\n<script type=\"application\/ld+json\" class=\"yoast-schema-graph\">{\"@context\":\"https:\/\/schema.org\",\"@graph\":[{\"@type\":\"WebPage\",\"@id\":\"https:\/\/expoexhibitionstands.eu\/fr\/entreprise\/garantie-a-vie\",\"url\":\"https:\/\/expoexhibitionstands.eu\/fr\/entreprise\/garantie-a-vie\",\"name\":\"Garantie \u00e0 vie\",\"isPartOf\":{\"@id\":\"https:\/\/expoexhibitionstands.eu\/fr\/#website\"},\"datePublished\":\"2025-05-26T10:00:10+00:00\",\"dateModified\":\"2025-08-28T06:28:29+00:00\",\"description\":\"Nous sommes confiants quant \u00e0 la qualit\u00e9 des produits que nous offrons. Nos stands d\u2019exposition sont construits dans des locaux modernes et \u00e0 l\u2019aide de mat\u00e9riaux de la plus grande qualit\u00e9.\",\"breadcrumb\":{\"@id\":\"https:\/\/expoexhibitionstands.eu\/fr\/entreprise\/garantie-a-vie#breadcrumb\"},\"inLanguage\":\"fr-FR\",\"potentialAction\":[{\"@type\":\"ReadAction\",\"target\":[\"https:\/\/expoexhibitionstands.eu\/fr\/entreprise\/garantie-a-vie\"]}]},{\"@type\":\"BreadcrumbList\",\"@id\":\"https:\/\/expoexhibitionstands.eu\/fr\/entreprise\/garantie-a-vie#breadcrumb\",\"itemListElement\":[{\"@type\":\"ListItem\",\"position\":1,\"name\":\"Home\",\"item\":\"https:\/\/expoexhibitionstands.eu\/fr\/\"},{\"@type\":\"ListItem\",\"position\":2,\"name\":\"Entreprise\",\"item\":\"https:\/\/expoexhibitionstands.eu\/fr\/entreprise\"},{\"@type\":\"ListItem\",\"position\":3,\"name\":\"Garantie \u00e0 vie\"}]},{\"@type\":\"WebSite\",\"@id\":\"https:\/\/expoexhibitionstands.eu\/fr\/#website\",\"url\":\"https:\/\/expoexhibitionstands.eu\/fr\/\",\"name\":\"Expo Exhibition Stands\",\"description\":\"\",\"potentialAction\":[{\"@type\":\"SearchAction\",\"target\":{\"@type\":\"EntryPoint\",\"urlTemplate\":\"https:\/\/expoexhibitionstands.eu\/fr\/?s={search_term_string}\"},\"query-input\":{\"@type\":\"PropertyValueSpecification\",\"valueRequired\":true,\"valueName\":\"search_term_string\"}}],\"inLanguage\":\"fr-FR\"}]}<\/script>\n<!-- \/ Yoast SEO plugin. -->","yoast_head_json":{"title":"Garantie \u00e0 vie","description":"Nous sommes confiants quant \u00e0 la qualit\u00e9 des produits que nous offrons. Nos stands d\u2019exposition sont construits dans des locaux modernes et \u00e0 l\u2019aide de mat\u00e9riaux de la plus grande qualit\u00e9.","robots":{"index":"index","follow":"follow","max-snippet":"max-snippet:-1","max-image-preview":"max-image-preview:large","max-video-preview":"max-video-preview:-1"},"canonical":"https:\/\/expoexhibitionstands.eu\/fr\/entreprise\/garantie-a-vie","og_locale":"fr_FR","og_type":"article","og_title":"Garantie \u00e0 vie","og_description":"Nous sommes confiants quant \u00e0 la qualit\u00e9 des produits que nous offrons. Nos stands d\u2019exposition sont construits dans des locaux modernes et \u00e0 l\u2019aide de mat\u00e9riaux de la plus grande qualit\u00e9.","og_url":"https:\/\/expoexhibitionstands.eu\/fr\/entreprise\/garantie-a-vie","og_site_name":"Expo Exhibition Stands","article_modified_time":"2025-08-28T06:28:29+00:00","twitter_card":"summary_large_image","twitter_misc":{"Dur\u00e9e de lecture estim\u00e9e":"2 minutes"},"schema":{"@context":"https:\/\/schema.org","@graph":[{"@type":"WebPage","@id":"https:\/\/expoexhibitionstands.eu\/fr\/entreprise\/garantie-a-vie","url":"https:\/\/expoexhibitionstands.eu\/fr\/entreprise\/garantie-a-vie","name":"Garantie \u00e0 vie","isPartOf":{"@id":"https:\/\/expoexhibitionstands.eu\/fr\/#website"},"datePublished":"2025-05-26T10:00:10+00:00","dateModified":"2025-08-28T06:28:29+00:00","description":"Nous sommes confiants quant \u00e0 la qualit\u00e9 des produits que nous offrons. Nos stands d\u2019exposition sont construits dans des locaux modernes et \u00e0 l\u2019aide de mat\u00e9riaux de la plus grande qualit\u00e9.","breadcrumb":{"@id":"https:\/\/expoexhibitionstands.eu\/fr\/entreprise\/garantie-a-vie#breadcrumb"},"inLanguage":"fr-FR","potentialAction":[{"@type":"ReadAction","target":["https:\/\/expoexhibitionstands.eu\/fr\/entreprise\/garantie-a-vie"]}]},{"@type":"BreadcrumbList","@id":"https:\/\/expoexhibitionstands.eu\/fr\/entreprise\/garantie-a-vie#breadcrumb","itemListElement":[{"@type":"ListItem","position":1,"name":"Home","item":"https:\/\/expoexhibitionstands.eu\/fr\/"},{"@type":"ListItem","position":2,"name":"Entreprise","item":"https:\/\/expoexhibitionstands.eu\/fr\/entreprise"},{"@type":"ListItem","position":3,"name":"Garantie \u00e0 vie"}]},{"@type":"WebSite","@id":"https:\/\/expoexhibitionstands.eu\/fr\/#website","url":"https:\/\/expoexhibitionstands.eu\/fr\/","name":"Expo Exhibition Stands","description":"","potentialAction":[{"@type":"SearchAction","target":{"@type":"EntryPoint","urlTemplate":"https:\/\/expoexhibitionstands.eu\/fr\/?s={search_term_string}"},"query-input":{"@type":"PropertyValueSpecification","valueRequired":true,"valueName":"search_term_string"}}],"inLanguage":"fr-FR"}]}},"_links":{"self":[{"href":"https:\/\/expoexhibitionstands.eu\/fr\/wp-json\/wp\/v2\/pages\/212855","targetHints":{"allow":["GET"]}}],"collection":[{"href":"https:\/\/expoexhibitionstands.eu\/fr\/wp-json\/wp\/v2\/pages"}],"about":[{"href":"https:\/\/expoexhibitionstands.eu\/fr\/wp-json\/wp\/v2\/types\/page"}],"author":[{"embeddable":true,"href":"https:\/\/expoexhibitionstands.eu\/fr\/wp-json\/wp\/v2\/users\/1"}],"replies":[{"embeddable":true,"href":"https:\/\/expoexhibitionstands.eu\/fr\/wp-json\/wp\/v2\/comments?post=212855"}],"version-history":[{"count":5,"href":"https:\/\/expoexhibitionstands.eu\/fr\/wp-json\/wp\/v2\/pages\/212855\/revisions"}],"predecessor-version":[{"id":217697,"href":"https:\/\/expoexhibitionstands.eu\/fr\/wp-json\/wp\/v2\/pages\/212855\/revisions\/217697"}],"up":[{"embeddable":true,"href":"https:\/\/expoexhibitionstands.eu\/fr\/wp-json\/wp\/v2\/pages\/211993"}],"wp:attachment":[{"href":"https:\/\/expoexhibitionstands.eu\/fr\/wp-json\/wp\/v2\/media?parent=212855"}],"curies":[{"name":"wp","href":"https:\/\/api.w.org\/{rel}","templated":true}]}}