{"id":212040,"date":"2025-05-22T10:13:11","date_gmt":"2025-05-22T10:13:11","guid":{"rendered":"https:\/\/eeseude.expoexhibitionstands.it\/?page_id=212040"},"modified":"2025-08-13T09:38:27","modified_gmt":"2025-08-13T09:38:27","slug":"realisations","status":"publish","type":"page","link":"https:\/\/expoexhibitionstands.eu\/fr\/realisations","title":{"rendered":"R\u00e9alisations"},"content":{"rendered":"","protected":false},"excerpt":{"rendered":"","protected":false},"author":1,"featured_media":0,"parent":0,"menu_order":0,"comment_status":"closed","ping_status":"closed","template":"template\/page-builder.php","meta":{"_acf_changed":false,"footnotes":""},"class_list":["post-212040","page","type-page","status-publish","hentry"],"acf":[],"yoast_head":"<!-- This site is optimized with the Yoast SEO plugin v27.0 - https:\/\/yoast.com\/product\/yoast-seo-wordpress\/ -->\n<title>R\u00e9alisations - Expo Exhibition Stands<\/title>\n<meta name=\"description\" content=\"Plus de 10.000 clients font d\u00e9j\u00e0 confiance \u00e0 nos stands modulaires. Vous trouverez ici un aper\u00e7u de quelques-uns de nos clients.\" \/>\n<meta name=\"robots\" content=\"index, follow, max-snippet:-1, max-image-preview:large, max-video-preview:-1\" \/>\n<link rel=\"canonical\" href=\"https:\/\/expoexhibitionstands.eu\/fr\/realisations\" \/>\n<meta property=\"og:locale\" content=\"fr_FR\" \/>\n<meta property=\"og:type\" content=\"article\" \/>\n<meta property=\"og:title\" content=\"R\u00e9alisations - Expo Exhibition Stands\" \/>\n<meta property=\"og:description\" content=\"Plus de 10.000 clients font d\u00e9j\u00e0 confiance \u00e0 nos stands modulaires. Vous trouverez ici un aper\u00e7u de quelques-uns de nos clients.\" \/>\n<meta property=\"og:url\" content=\"https:\/\/expoexhibitionstands.eu\/fr\/realisations\" \/>\n<meta property=\"og:site_name\" content=\"Expo Exhibition Stands\" \/>\n<meta property=\"article:modified_time\" content=\"2025-08-13T09:38:27+00:00\" \/>\n<meta name=\"twitter:card\" content=\"summary_large_image\" \/>\n<meta name=\"twitter:label1\" content=\"Dur\u00e9e de lecture estim\u00e9e\" \/>\n\t<meta name=\"twitter:data1\" content=\"19 minutes\" \/>\n<script type=\"application\/ld+json\" class=\"yoast-schema-graph\">{\"@context\":\"https:\/\/schema.org\",\"@graph\":[{\"@type\":\"WebPage\",\"@id\":\"https:\/\/expoexhibitionstands.eu\/fr\/realisations\",\"url\":\"https:\/\/expoexhibitionstands.eu\/fr\/realisations\",\"name\":\"R\u00e9alisations - Expo Exhibition Stands\",\"isPartOf\":{\"@id\":\"https:\/\/expoexhibitionstands.eu\/fr\/#website\"},\"datePublished\":\"2025-05-22T10:13:11+00:00\",\"dateModified\":\"2025-08-13T09:38:27+00:00\",\"description\":\"Plus de 10.000 clients font d\u00e9j\u00e0 confiance \u00e0 nos stands modulaires. Vous trouverez ici un aper\u00e7u de quelques-uns de nos clients.\",\"breadcrumb\":{\"@id\":\"https:\/\/expoexhibitionstands.eu\/fr\/realisations#breadcrumb\"},\"inLanguage\":\"fr-FR\",\"potentialAction\":[{\"@type\":\"ReadAction\",\"target\":[\"https:\/\/expoexhibitionstands.eu\/fr\/realisations\"]}]},{\"@type\":\"BreadcrumbList\",\"@id\":\"https:\/\/expoexhibitionstands.eu\/fr\/realisations#breadcrumb\",\"itemListElement\":[{\"@type\":\"ListItem\",\"position\":1,\"name\":\"Home\",\"item\":\"https:\/\/expoexhibitionstands.eu\/fr\/\"},{\"@type\":\"ListItem\",\"position\":2,\"name\":\"R\u00e9alisations\"}]},{\"@type\":\"WebSite\",\"@id\":\"https:\/\/expoexhibitionstands.eu\/fr\/#website\",\"url\":\"https:\/\/expoexhibitionstands.eu\/fr\/\",\"name\":\"Expo Exhibition Stands\",\"description\":\"\",\"potentialAction\":[{\"@type\":\"SearchAction\",\"target\":{\"@type\":\"EntryPoint\",\"urlTemplate\":\"https:\/\/expoexhibitionstands.eu\/fr\/?s={search_term_string}\"},\"query-input\":{\"@type\":\"PropertyValueSpecification\",\"valueRequired\":true,\"valueName\":\"search_term_string\"}}],\"inLanguage\":\"fr-FR\"}]}<\/script>\n<!-- \/ Yoast SEO plugin. -->","yoast_head_json":{"title":"R\u00e9alisations - Expo Exhibition Stands","description":"Plus de 10.000 clients font d\u00e9j\u00e0 confiance \u00e0 nos stands modulaires. Vous trouverez ici un aper\u00e7u de quelques-uns de nos clients.","robots":{"index":"index","follow":"follow","max-snippet":"max-snippet:-1","max-image-preview":"max-image-preview:large","max-video-preview":"max-video-preview:-1"},"canonical":"https:\/\/expoexhibitionstands.eu\/fr\/realisations","og_locale":"fr_FR","og_type":"article","og_title":"R\u00e9alisations - Expo Exhibition Stands","og_description":"Plus de 10.000 clients font d\u00e9j\u00e0 confiance \u00e0 nos stands modulaires. Vous trouverez ici un aper\u00e7u de quelques-uns de nos clients.","og_url":"https:\/\/expoexhibitionstands.eu\/fr\/realisations","og_site_name":"Expo Exhibition Stands","article_modified_time":"2025-08-13T09:38:27+00:00","twitter_card":"summary_large_image","twitter_misc":{"Dur\u00e9e de lecture estim\u00e9e":"19 minutes"},"schema":{"@context":"https:\/\/schema.org","@graph":[{"@type":"WebPage","@id":"https:\/\/expoexhibitionstands.eu\/fr\/realisations","url":"https:\/\/expoexhibitionstands.eu\/fr\/realisations","name":"R\u00e9alisations - Expo Exhibition Stands","isPartOf":{"@id":"https:\/\/expoexhibitionstands.eu\/fr\/#website"},"datePublished":"2025-05-22T10:13:11+00:00","dateModified":"2025-08-13T09:38:27+00:00","description":"Plus de 10.000 clients font d\u00e9j\u00e0 confiance \u00e0 nos stands modulaires. Vous trouverez ici un aper\u00e7u de quelques-uns de nos clients.","breadcrumb":{"@id":"https:\/\/expoexhibitionstands.eu\/fr\/realisations#breadcrumb"},"inLanguage":"fr-FR","potentialAction":[{"@type":"ReadAction","target":["https:\/\/expoexhibitionstands.eu\/fr\/realisations"]}]},{"@type":"BreadcrumbList","@id":"https:\/\/expoexhibitionstands.eu\/fr\/realisations#breadcrumb","itemListElement":[{"@type":"ListItem","position":1,"name":"Home","item":"https:\/\/expoexhibitionstands.eu\/fr\/"},{"@type":"ListItem","position":2,"name":"R\u00e9alisations"}]},{"@type":"WebSite","@id":"https:\/\/expoexhibitionstands.eu\/fr\/#website","url":"https:\/\/expoexhibitionstands.eu\/fr\/","name":"Expo Exhibition Stands","description":"","potentialAction":[{"@type":"SearchAction","target":{"@type":"EntryPoint","urlTemplate":"https:\/\/expoexhibitionstands.eu\/fr\/?s={search_term_string}"},"query-input":{"@type":"PropertyValueSpecification","valueRequired":true,"valueName":"search_term_string"}}],"inLanguage":"fr-FR"}]}},"_links":{"self":[{"href":"https:\/\/expoexhibitionstands.eu\/fr\/wp-json\/wp\/v2\/pages\/212040","targetHints":{"allow":["GET"]}}],"collection":[{"href":"https:\/\/expoexhibitionstands.eu\/fr\/wp-json\/wp\/v2\/pages"}],"about":[{"href":"https:\/\/expoexhibitionstands.eu\/fr\/wp-json\/wp\/v2\/types\/page"}],"author":[{"embeddable":true,"href":"https:\/\/expoexhibitionstands.eu\/fr\/wp-json\/wp\/v2\/users\/1"}],"replies":[{"embeddable":true,"href":"https:\/\/expoexhibitionstands.eu\/fr\/wp-json\/wp\/v2\/comments?post=212040"}],"version-history":[{"count":6,"href":"https:\/\/expoexhibitionstands.eu\/fr\/wp-json\/wp\/v2\/pages\/212040\/revisions"}],"predecessor-version":[{"id":215909,"href":"https:\/\/expoexhibitionstands.eu\/fr\/wp-json\/wp\/v2\/pages\/212040\/revisions\/215909"}],"wp:attachment":[{"href":"https:\/\/expoexhibitionstands.eu\/fr\/wp-json\/wp\/v2\/media?parent=212040"}],"curies":[{"name":"wp","href":"https:\/\/api.w.org\/{rel}","templated":true}]}}