{"id":211943,"date":"2025-05-20T10:57:19","date_gmt":"2025-05-20T10:57:19","guid":{"rendered":"https:\/\/eeseude.expoexhibitionstands.it\/?page_id=211943"},"modified":"2025-08-11T07:31:36","modified_gmt":"2025-08-11T07:31:36","slug":"expositions-virtuelles","status":"publish","type":"page","link":"https:\/\/expoexhibitionstands.eu\/fr\/services\/expositions-virtuelles","title":{"rendered":"Expositions Virtuelles"},"content":{"rendered":"","protected":false},"excerpt":{"rendered":"","protected":false},"author":1,"featured_media":0,"parent":211825,"menu_order":0,"comment_status":"closed","ping_status":"closed","template":"template\/virtuele-tentoonstelling.php","meta":{"_acf_changed":false,"footnotes":""},"class_list":["post-211943","page","type-page","status-publish","hentry"],"acf":[],"yoast_head":"<!-- This site is optimized with the Yoast SEO plugin v27.0 - https:\/\/yoast.com\/product\/yoast-seo-wordpress\/ -->\n<title>Expositions Virtuelles<\/title>\n<meta name=\"description\" content=\"Virtooally est une plateforme d&#039;exposition et d&#039;\u00e9v\u00e9nements virtuels immersifs qui vous permet de personnaliser et de pr\u00e9senter votre message marketing \u00e0 un public mondial et de le rapprocher d&#039;une exp\u00e9rience r\u00e9elle sur le terrain.\" \/>\n<meta name=\"robots\" content=\"index, follow, max-snippet:-1, max-image-preview:large, max-video-preview:-1\" \/>\n<link rel=\"canonical\" href=\"https:\/\/expoexhibitionstands.eu\/fr\/services\/expositions-virtuelles\" \/>\n<meta property=\"og:locale\" content=\"fr_FR\" \/>\n<meta property=\"og:type\" content=\"article\" \/>\n<meta property=\"og:title\" content=\"Expositions Virtuelles\" \/>\n<meta property=\"og:description\" content=\"Virtooally est une plateforme d&#039;exposition et d&#039;\u00e9v\u00e9nements virtuels immersifs qui vous permet de personnaliser et de pr\u00e9senter votre message marketing \u00e0 un public mondial et de le rapprocher d&#039;une exp\u00e9rience r\u00e9elle sur le terrain.\" \/>\n<meta property=\"og:url\" content=\"https:\/\/expoexhibitionstands.eu\/fr\/services\/expositions-virtuelles\" \/>\n<meta property=\"og:site_name\" content=\"Expo Exhibition Stands\" \/>\n<meta property=\"article:modified_time\" content=\"2025-08-11T07:31:36+00:00\" \/>\n<meta name=\"twitter:card\" content=\"summary_large_image\" \/>\n<script type=\"application\/ld+json\" class=\"yoast-schema-graph\">{\"@context\":\"https:\/\/schema.org\",\"@graph\":[{\"@type\":\"WebPage\",\"@id\":\"https:\/\/expoexhibitionstands.eu\/fr\/services\/expositions-virtuelles\",\"url\":\"https:\/\/expoexhibitionstands.eu\/fr\/services\/expositions-virtuelles\",\"name\":\"Expositions Virtuelles\",\"isPartOf\":{\"@id\":\"https:\/\/expoexhibitionstands.eu\/fr\/#website\"},\"datePublished\":\"2025-05-20T10:57:19+00:00\",\"dateModified\":\"2025-08-11T07:31:36+00:00\",\"description\":\"Virtooally est une plateforme d'exposition et d'\u00e9v\u00e9nements virtuels immersifs qui vous permet de personnaliser et de pr\u00e9senter votre message marketing \u00e0 un public mondial et de le rapprocher d'une exp\u00e9rience r\u00e9elle sur le terrain.\",\"breadcrumb\":{\"@id\":\"https:\/\/expoexhibitionstands.eu\/fr\/services\/expositions-virtuelles#breadcrumb\"},\"inLanguage\":\"fr-FR\",\"potentialAction\":[{\"@type\":\"ReadAction\",\"target\":[\"https:\/\/expoexhibitionstands.eu\/fr\/services\/expositions-virtuelles\"]}]},{\"@type\":\"BreadcrumbList\",\"@id\":\"https:\/\/expoexhibitionstands.eu\/fr\/services\/expositions-virtuelles#breadcrumb\",\"itemListElement\":[{\"@type\":\"ListItem\",\"position\":1,\"name\":\"Home\",\"item\":\"https:\/\/expoexhibitionstands.eu\/fr\/\"},{\"@type\":\"ListItem\",\"position\":2,\"name\":\"Services\",\"item\":\"https:\/\/expoexhibitionstands.eu\/fr\/services\"},{\"@type\":\"ListItem\",\"position\":3,\"name\":\"Expositions Virtuelles\"}]},{\"@type\":\"WebSite\",\"@id\":\"https:\/\/expoexhibitionstands.eu\/fr\/#website\",\"url\":\"https:\/\/expoexhibitionstands.eu\/fr\/\",\"name\":\"Expo Exhibition Stands\",\"description\":\"\",\"potentialAction\":[{\"@type\":\"SearchAction\",\"target\":{\"@type\":\"EntryPoint\",\"urlTemplate\":\"https:\/\/expoexhibitionstands.eu\/fr\/?s={search_term_string}\"},\"query-input\":{\"@type\":\"PropertyValueSpecification\",\"valueRequired\":true,\"valueName\":\"search_term_string\"}}],\"inLanguage\":\"fr-FR\"}]}<\/script>\n<!-- \/ Yoast SEO plugin. -->","yoast_head_json":{"title":"Expositions Virtuelles","description":"Virtooally est une plateforme d'exposition et d'\u00e9v\u00e9nements virtuels immersifs qui vous permet de personnaliser et de pr\u00e9senter votre message marketing \u00e0 un public mondial et de le rapprocher d'une exp\u00e9rience r\u00e9elle sur le terrain.","robots":{"index":"index","follow":"follow","max-snippet":"max-snippet:-1","max-image-preview":"max-image-preview:large","max-video-preview":"max-video-preview:-1"},"canonical":"https:\/\/expoexhibitionstands.eu\/fr\/services\/expositions-virtuelles","og_locale":"fr_FR","og_type":"article","og_title":"Expositions Virtuelles","og_description":"Virtooally est une plateforme d'exposition et d'\u00e9v\u00e9nements virtuels immersifs qui vous permet de personnaliser et de pr\u00e9senter votre message marketing \u00e0 un public mondial et de le rapprocher d'une exp\u00e9rience r\u00e9elle sur le terrain.","og_url":"https:\/\/expoexhibitionstands.eu\/fr\/services\/expositions-virtuelles","og_site_name":"Expo Exhibition Stands","article_modified_time":"2025-08-11T07:31:36+00:00","twitter_card":"summary_large_image","schema":{"@context":"https:\/\/schema.org","@graph":[{"@type":"WebPage","@id":"https:\/\/expoexhibitionstands.eu\/fr\/services\/expositions-virtuelles","url":"https:\/\/expoexhibitionstands.eu\/fr\/services\/expositions-virtuelles","name":"Expositions Virtuelles","isPartOf":{"@id":"https:\/\/expoexhibitionstands.eu\/fr\/#website"},"datePublished":"2025-05-20T10:57:19+00:00","dateModified":"2025-08-11T07:31:36+00:00","description":"Virtooally est une plateforme d'exposition et d'\u00e9v\u00e9nements virtuels immersifs qui vous permet de personnaliser et de pr\u00e9senter votre message marketing \u00e0 un public mondial et de le rapprocher d'une exp\u00e9rience r\u00e9elle sur le terrain.","breadcrumb":{"@id":"https:\/\/expoexhibitionstands.eu\/fr\/services\/expositions-virtuelles#breadcrumb"},"inLanguage":"fr-FR","potentialAction":[{"@type":"ReadAction","target":["https:\/\/expoexhibitionstands.eu\/fr\/services\/expositions-virtuelles"]}]},{"@type":"BreadcrumbList","@id":"https:\/\/expoexhibitionstands.eu\/fr\/services\/expositions-virtuelles#breadcrumb","itemListElement":[{"@type":"ListItem","position":1,"name":"Home","item":"https:\/\/expoexhibitionstands.eu\/fr\/"},{"@type":"ListItem","position":2,"name":"Services","item":"https:\/\/expoexhibitionstands.eu\/fr\/services"},{"@type":"ListItem","position":3,"name":"Expositions Virtuelles"}]},{"@type":"WebSite","@id":"https:\/\/expoexhibitionstands.eu\/fr\/#website","url":"https:\/\/expoexhibitionstands.eu\/fr\/","name":"Expo Exhibition Stands","description":"","potentialAction":[{"@type":"SearchAction","target":{"@type":"EntryPoint","urlTemplate":"https:\/\/expoexhibitionstands.eu\/fr\/?s={search_term_string}"},"query-input":{"@type":"PropertyValueSpecification","valueRequired":true,"valueName":"search_term_string"}}],"inLanguage":"fr-FR"}]}},"_links":{"self":[{"href":"https:\/\/expoexhibitionstands.eu\/fr\/wp-json\/wp\/v2\/pages\/211943","targetHints":{"allow":["GET"]}}],"collection":[{"href":"https:\/\/expoexhibitionstands.eu\/fr\/wp-json\/wp\/v2\/pages"}],"about":[{"href":"https:\/\/expoexhibitionstands.eu\/fr\/wp-json\/wp\/v2\/types\/page"}],"author":[{"embeddable":true,"href":"https:\/\/expoexhibitionstands.eu\/fr\/wp-json\/wp\/v2\/users\/1"}],"replies":[{"embeddable":true,"href":"https:\/\/expoexhibitionstands.eu\/fr\/wp-json\/wp\/v2\/comments?post=211943"}],"version-history":[{"count":2,"href":"https:\/\/expoexhibitionstands.eu\/fr\/wp-json\/wp\/v2\/pages\/211943\/revisions"}],"predecessor-version":[{"id":216072,"href":"https:\/\/expoexhibitionstands.eu\/fr\/wp-json\/wp\/v2\/pages\/211943\/revisions\/216072"}],"up":[{"embeddable":true,"href":"https:\/\/expoexhibitionstands.eu\/fr\/wp-json\/wp\/v2\/pages\/211825"}],"wp:attachment":[{"href":"https:\/\/expoexhibitionstands.eu\/fr\/wp-json\/wp\/v2\/media?parent=211943"}],"curies":[{"name":"wp","href":"https:\/\/api.w.org\/{rel}","templated":true}]}}