{"id":211926,"date":"2025-05-20T10:45:19","date_gmt":"2025-05-20T10:45:19","guid":{"rendered":"https:\/\/eeseude.expoexhibitionstands.it\/?page_id=211926"},"modified":"2025-11-20T09:50:27","modified_gmt":"2025-11-20T09:50:27","slug":"gestion-de-projet","status":"publish","type":"page","link":"https:\/\/expoexhibitionstands.eu\/fr\/services\/gestion-de-projet","title":{"rendered":"Gestion de projet"},"content":{"rendered":"","protected":false},"excerpt":{"rendered":"","protected":false},"author":1,"featured_media":0,"parent":211825,"menu_order":0,"comment_status":"closed","ping_status":"closed","template":"template\/page-builder.php","meta":{"_acf_changed":false,"footnotes":""},"class_list":["post-211926","page","type-page","status-publish","hentry"],"acf":[],"yoast_head":"<!-- This site is optimized with the Yoast SEO plugin v27.0 - https:\/\/yoast.com\/product\/yoast-seo-wordpress\/ -->\n<title>Gestion de projet - Expo Exhibition Stands<\/title>\n<meta name=\"description\" content=\"Le chef de projet qui vous sera attribu\u00e9 vous tiendra inform\u00e9 du d\u00e9veloppement du projet, et vous indiquera \u00e0 l\u2019avance quels sont les risques pr\u00e9visibles, afin de pr\u00e9voir du temps et de la marge pour que tout se passe pour le mieux.\" \/>\n<meta name=\"robots\" content=\"index, follow, max-snippet:-1, max-image-preview:large, max-video-preview:-1\" \/>\n<link rel=\"canonical\" href=\"https:\/\/expoexhibitionstands.eu\/fr\/services\/gestion-de-projet\" \/>\n<meta property=\"og:locale\" content=\"fr_FR\" \/>\n<meta property=\"og:type\" content=\"article\" \/>\n<meta property=\"og:title\" content=\"Gestion de projet - Expo Exhibition Stands\" \/>\n<meta property=\"og:description\" content=\"Le chef de projet qui vous sera attribu\u00e9 vous tiendra inform\u00e9 du d\u00e9veloppement du projet, et vous indiquera \u00e0 l\u2019avance quels sont les risques pr\u00e9visibles, afin de pr\u00e9voir du temps et de la marge pour que tout se passe pour le mieux.\" \/>\n<meta property=\"og:url\" content=\"https:\/\/expoexhibitionstands.eu\/fr\/services\/gestion-de-projet\" \/>\n<meta property=\"og:site_name\" content=\"Expo Exhibition Stands\" \/>\n<meta property=\"article:modified_time\" content=\"2025-11-20T09:50:27+00:00\" \/>\n<meta name=\"twitter:card\" content=\"summary_large_image\" \/>\n<meta name=\"twitter:label1\" content=\"Dur\u00e9e de lecture estim\u00e9e\" \/>\n\t<meta name=\"twitter:data1\" content=\"2 minutes\" \/>\n<script type=\"application\/ld+json\" class=\"yoast-schema-graph\">{\"@context\":\"https:\/\/schema.org\",\"@graph\":[{\"@type\":\"WebPage\",\"@id\":\"https:\/\/expoexhibitionstands.eu\/fr\/services\/gestion-de-projet\",\"url\":\"https:\/\/expoexhibitionstands.eu\/fr\/services\/gestion-de-projet\",\"name\":\"Gestion de projet - Expo Exhibition Stands\",\"isPartOf\":{\"@id\":\"https:\/\/expoexhibitionstands.eu\/fr\/#website\"},\"datePublished\":\"2025-05-20T10:45:19+00:00\",\"dateModified\":\"2025-11-20T09:50:27+00:00\",\"description\":\"Le chef de projet qui vous sera attribu\u00e9 vous tiendra inform\u00e9 du d\u00e9veloppement du projet, et vous indiquera \u00e0 l\u2019avance quels sont les risques pr\u00e9visibles, afin de pr\u00e9voir du temps et de la marge pour que tout se passe pour le mieux.\",\"breadcrumb\":{\"@id\":\"https:\/\/expoexhibitionstands.eu\/fr\/services\/gestion-de-projet#breadcrumb\"},\"inLanguage\":\"fr-FR\",\"potentialAction\":[{\"@type\":\"ReadAction\",\"target\":[\"https:\/\/expoexhibitionstands.eu\/fr\/services\/gestion-de-projet\"]}]},{\"@type\":\"BreadcrumbList\",\"@id\":\"https:\/\/expoexhibitionstands.eu\/fr\/services\/gestion-de-projet#breadcrumb\",\"itemListElement\":[{\"@type\":\"ListItem\",\"position\":1,\"name\":\"Home\",\"item\":\"https:\/\/expoexhibitionstands.eu\/fr\/\"},{\"@type\":\"ListItem\",\"position\":2,\"name\":\"Services\",\"item\":\"https:\/\/expoexhibitionstands.eu\/fr\/services\"},{\"@type\":\"ListItem\",\"position\":3,\"name\":\"Gestion de projet\"}]},{\"@type\":\"WebSite\",\"@id\":\"https:\/\/expoexhibitionstands.eu\/fr\/#website\",\"url\":\"https:\/\/expoexhibitionstands.eu\/fr\/\",\"name\":\"Expo Exhibition Stands\",\"description\":\"\",\"potentialAction\":[{\"@type\":\"SearchAction\",\"target\":{\"@type\":\"EntryPoint\",\"urlTemplate\":\"https:\/\/expoexhibitionstands.eu\/fr\/?s={search_term_string}\"},\"query-input\":{\"@type\":\"PropertyValueSpecification\",\"valueRequired\":true,\"valueName\":\"search_term_string\"}}],\"inLanguage\":\"fr-FR\"}]}<\/script>\n<!-- \/ Yoast SEO plugin. -->","yoast_head_json":{"title":"Gestion de projet - Expo Exhibition Stands","description":"Le chef de projet qui vous sera attribu\u00e9 vous tiendra inform\u00e9 du d\u00e9veloppement du projet, et vous indiquera \u00e0 l\u2019avance quels sont les risques pr\u00e9visibles, afin de pr\u00e9voir du temps et de la marge pour que tout se passe pour le mieux.","robots":{"index":"index","follow":"follow","max-snippet":"max-snippet:-1","max-image-preview":"max-image-preview:large","max-video-preview":"max-video-preview:-1"},"canonical":"https:\/\/expoexhibitionstands.eu\/fr\/services\/gestion-de-projet","og_locale":"fr_FR","og_type":"article","og_title":"Gestion de projet - Expo Exhibition Stands","og_description":"Le chef de projet qui vous sera attribu\u00e9 vous tiendra inform\u00e9 du d\u00e9veloppement du projet, et vous indiquera \u00e0 l\u2019avance quels sont les risques pr\u00e9visibles, afin de pr\u00e9voir du temps et de la marge pour que tout se passe pour le mieux.","og_url":"https:\/\/expoexhibitionstands.eu\/fr\/services\/gestion-de-projet","og_site_name":"Expo Exhibition Stands","article_modified_time":"2025-11-20T09:50:27+00:00","twitter_card":"summary_large_image","twitter_misc":{"Dur\u00e9e de lecture estim\u00e9e":"2 minutes"},"schema":{"@context":"https:\/\/schema.org","@graph":[{"@type":"WebPage","@id":"https:\/\/expoexhibitionstands.eu\/fr\/services\/gestion-de-projet","url":"https:\/\/expoexhibitionstands.eu\/fr\/services\/gestion-de-projet","name":"Gestion de projet - Expo Exhibition Stands","isPartOf":{"@id":"https:\/\/expoexhibitionstands.eu\/fr\/#website"},"datePublished":"2025-05-20T10:45:19+00:00","dateModified":"2025-11-20T09:50:27+00:00","description":"Le chef de projet qui vous sera attribu\u00e9 vous tiendra inform\u00e9 du d\u00e9veloppement du projet, et vous indiquera \u00e0 l\u2019avance quels sont les risques pr\u00e9visibles, afin de pr\u00e9voir du temps et de la marge pour que tout se passe pour le mieux.","breadcrumb":{"@id":"https:\/\/expoexhibitionstands.eu\/fr\/services\/gestion-de-projet#breadcrumb"},"inLanguage":"fr-FR","potentialAction":[{"@type":"ReadAction","target":["https:\/\/expoexhibitionstands.eu\/fr\/services\/gestion-de-projet"]}]},{"@type":"BreadcrumbList","@id":"https:\/\/expoexhibitionstands.eu\/fr\/services\/gestion-de-projet#breadcrumb","itemListElement":[{"@type":"ListItem","position":1,"name":"Home","item":"https:\/\/expoexhibitionstands.eu\/fr\/"},{"@type":"ListItem","position":2,"name":"Services","item":"https:\/\/expoexhibitionstands.eu\/fr\/services"},{"@type":"ListItem","position":3,"name":"Gestion de projet"}]},{"@type":"WebSite","@id":"https:\/\/expoexhibitionstands.eu\/fr\/#website","url":"https:\/\/expoexhibitionstands.eu\/fr\/","name":"Expo Exhibition Stands","description":"","potentialAction":[{"@type":"SearchAction","target":{"@type":"EntryPoint","urlTemplate":"https:\/\/expoexhibitionstands.eu\/fr\/?s={search_term_string}"},"query-input":{"@type":"PropertyValueSpecification","valueRequired":true,"valueName":"search_term_string"}}],"inLanguage":"fr-FR"}]}},"_links":{"self":[{"href":"https:\/\/expoexhibitionstands.eu\/fr\/wp-json\/wp\/v2\/pages\/211926","targetHints":{"allow":["GET"]}}],"collection":[{"href":"https:\/\/expoexhibitionstands.eu\/fr\/wp-json\/wp\/v2\/pages"}],"about":[{"href":"https:\/\/expoexhibitionstands.eu\/fr\/wp-json\/wp\/v2\/types\/page"}],"author":[{"embeddable":true,"href":"https:\/\/expoexhibitionstands.eu\/fr\/wp-json\/wp\/v2\/users\/1"}],"replies":[{"embeddable":true,"href":"https:\/\/expoexhibitionstands.eu\/fr\/wp-json\/wp\/v2\/comments?post=211926"}],"version-history":[{"count":6,"href":"https:\/\/expoexhibitionstands.eu\/fr\/wp-json\/wp\/v2\/pages\/211926\/revisions"}],"predecessor-version":[{"id":218512,"href":"https:\/\/expoexhibitionstands.eu\/fr\/wp-json\/wp\/v2\/pages\/211926\/revisions\/218512"}],"up":[{"embeddable":true,"href":"https:\/\/expoexhibitionstands.eu\/fr\/wp-json\/wp\/v2\/pages\/211825"}],"wp:attachment":[{"href":"https:\/\/expoexhibitionstands.eu\/fr\/wp-json\/wp\/v2\/media?parent=211926"}],"curies":[{"name":"wp","href":"https:\/\/api.w.org\/{rel}","templated":true}]}}