{"id":211906,"date":"2025-05-20T10:22:03","date_gmt":"2025-05-20T10:22:03","guid":{"rendered":"https:\/\/eeseude.expoexhibitionstands.it\/?page_id=211906"},"modified":"2025-08-11T07:37:12","modified_gmt":"2025-08-11T07:37:12","slug":"service-graphique","status":"publish","type":"page","link":"https:\/\/expoexhibitionstands.eu\/fr\/services\/service-graphique","title":{"rendered":"Service graphique"},"content":{"rendered":"","protected":false},"excerpt":{"rendered":"","protected":false},"author":1,"featured_media":0,"parent":211825,"menu_order":0,"comment_status":"closed","ping_status":"closed","template":"template\/page-builder.php","meta":{"_acf_changed":false,"footnotes":""},"class_list":["post-211906","page","type-page","status-publish","hentry"],"acf":[],"yoast_head":"<!-- This site is optimized with the Yoast SEO plugin v27.0 - https:\/\/yoast.com\/product\/yoast-seo-wordpress\/ -->\n<title>Service graphique pour les expositions<\/title>\n<meta name=\"description\" content=\"Nos concepteurs exp\u00e9riment\u00e9s, en coordination avec vous ou votre agence, sauront concevoir des visuels adapt\u00e9s \u00e0 votre stand !\" \/>\n<meta name=\"robots\" content=\"index, follow, max-snippet:-1, max-image-preview:large, max-video-preview:-1\" \/>\n<link rel=\"canonical\" href=\"https:\/\/expoexhibitionstands.eu\/fr\/services\/service-graphique\" \/>\n<meta property=\"og:locale\" content=\"fr_FR\" \/>\n<meta property=\"og:type\" content=\"article\" \/>\n<meta property=\"og:title\" content=\"Service graphique pour les expositions\" \/>\n<meta property=\"og:description\" content=\"Nos concepteurs exp\u00e9riment\u00e9s, en coordination avec vous ou votre agence, sauront concevoir des visuels adapt\u00e9s \u00e0 votre stand !\" \/>\n<meta property=\"og:url\" content=\"https:\/\/expoexhibitionstands.eu\/fr\/services\/service-graphique\" \/>\n<meta property=\"og:site_name\" content=\"Expo Exhibition Stands\" \/>\n<meta property=\"article:modified_time\" content=\"2025-08-11T07:37:12+00:00\" \/>\n<meta name=\"twitter:card\" content=\"summary_large_image\" \/>\n<meta name=\"twitter:label1\" content=\"Dur\u00e9e de lecture estim\u00e9e\" \/>\n\t<meta name=\"twitter:data1\" content=\"2 minutes\" \/>\n<script type=\"application\/ld+json\" class=\"yoast-schema-graph\">{\"@context\":\"https:\/\/schema.org\",\"@graph\":[{\"@type\":\"WebPage\",\"@id\":\"https:\/\/expoexhibitionstands.eu\/fr\/services\/service-graphique\",\"url\":\"https:\/\/expoexhibitionstands.eu\/fr\/services\/service-graphique\",\"name\":\"Service graphique pour les expositions\",\"isPartOf\":{\"@id\":\"https:\/\/expoexhibitionstands.eu\/fr\/#website\"},\"datePublished\":\"2025-05-20T10:22:03+00:00\",\"dateModified\":\"2025-08-11T07:37:12+00:00\",\"description\":\"Nos concepteurs exp\u00e9riment\u00e9s, en coordination avec vous ou votre agence, sauront concevoir des visuels adapt\u00e9s \u00e0 votre stand !\",\"breadcrumb\":{\"@id\":\"https:\/\/expoexhibitionstands.eu\/fr\/services\/service-graphique#breadcrumb\"},\"inLanguage\":\"fr-FR\",\"potentialAction\":[{\"@type\":\"ReadAction\",\"target\":[\"https:\/\/expoexhibitionstands.eu\/fr\/services\/service-graphique\"]}]},{\"@type\":\"BreadcrumbList\",\"@id\":\"https:\/\/expoexhibitionstands.eu\/fr\/services\/service-graphique#breadcrumb\",\"itemListElement\":[{\"@type\":\"ListItem\",\"position\":1,\"name\":\"Home\",\"item\":\"https:\/\/expoexhibitionstands.eu\/fr\/\"},{\"@type\":\"ListItem\",\"position\":2,\"name\":\"Services\",\"item\":\"https:\/\/expoexhibitionstands.eu\/fr\/services\"},{\"@type\":\"ListItem\",\"position\":3,\"name\":\"Service graphique\"}]},{\"@type\":\"WebSite\",\"@id\":\"https:\/\/expoexhibitionstands.eu\/fr\/#website\",\"url\":\"https:\/\/expoexhibitionstands.eu\/fr\/\",\"name\":\"Expo Exhibition Stands\",\"description\":\"\",\"potentialAction\":[{\"@type\":\"SearchAction\",\"target\":{\"@type\":\"EntryPoint\",\"urlTemplate\":\"https:\/\/expoexhibitionstands.eu\/fr\/?s={search_term_string}\"},\"query-input\":{\"@type\":\"PropertyValueSpecification\",\"valueRequired\":true,\"valueName\":\"search_term_string\"}}],\"inLanguage\":\"fr-FR\"}]}<\/script>\n<!-- \/ Yoast SEO plugin. -->","yoast_head_json":{"title":"Service graphique pour les expositions","description":"Nos concepteurs exp\u00e9riment\u00e9s, en coordination avec vous ou votre agence, sauront concevoir des visuels adapt\u00e9s \u00e0 votre stand !","robots":{"index":"index","follow":"follow","max-snippet":"max-snippet:-1","max-image-preview":"max-image-preview:large","max-video-preview":"max-video-preview:-1"},"canonical":"https:\/\/expoexhibitionstands.eu\/fr\/services\/service-graphique","og_locale":"fr_FR","og_type":"article","og_title":"Service graphique pour les expositions","og_description":"Nos concepteurs exp\u00e9riment\u00e9s, en coordination avec vous ou votre agence, sauront concevoir des visuels adapt\u00e9s \u00e0 votre stand !","og_url":"https:\/\/expoexhibitionstands.eu\/fr\/services\/service-graphique","og_site_name":"Expo Exhibition Stands","article_modified_time":"2025-08-11T07:37:12+00:00","twitter_card":"summary_large_image","twitter_misc":{"Dur\u00e9e de lecture estim\u00e9e":"2 minutes"},"schema":{"@context":"https:\/\/schema.org","@graph":[{"@type":"WebPage","@id":"https:\/\/expoexhibitionstands.eu\/fr\/services\/service-graphique","url":"https:\/\/expoexhibitionstands.eu\/fr\/services\/service-graphique","name":"Service graphique pour les expositions","isPartOf":{"@id":"https:\/\/expoexhibitionstands.eu\/fr\/#website"},"datePublished":"2025-05-20T10:22:03+00:00","dateModified":"2025-08-11T07:37:12+00:00","description":"Nos concepteurs exp\u00e9riment\u00e9s, en coordination avec vous ou votre agence, sauront concevoir des visuels adapt\u00e9s \u00e0 votre stand !","breadcrumb":{"@id":"https:\/\/expoexhibitionstands.eu\/fr\/services\/service-graphique#breadcrumb"},"inLanguage":"fr-FR","potentialAction":[{"@type":"ReadAction","target":["https:\/\/expoexhibitionstands.eu\/fr\/services\/service-graphique"]}]},{"@type":"BreadcrumbList","@id":"https:\/\/expoexhibitionstands.eu\/fr\/services\/service-graphique#breadcrumb","itemListElement":[{"@type":"ListItem","position":1,"name":"Home","item":"https:\/\/expoexhibitionstands.eu\/fr\/"},{"@type":"ListItem","position":2,"name":"Services","item":"https:\/\/expoexhibitionstands.eu\/fr\/services"},{"@type":"ListItem","position":3,"name":"Service graphique"}]},{"@type":"WebSite","@id":"https:\/\/expoexhibitionstands.eu\/fr\/#website","url":"https:\/\/expoexhibitionstands.eu\/fr\/","name":"Expo Exhibition Stands","description":"","potentialAction":[{"@type":"SearchAction","target":{"@type":"EntryPoint","urlTemplate":"https:\/\/expoexhibitionstands.eu\/fr\/?s={search_term_string}"},"query-input":{"@type":"PropertyValueSpecification","valueRequired":true,"valueName":"search_term_string"}}],"inLanguage":"fr-FR"}]}},"_links":{"self":[{"href":"https:\/\/expoexhibitionstands.eu\/fr\/wp-json\/wp\/v2\/pages\/211906","targetHints":{"allow":["GET"]}}],"collection":[{"href":"https:\/\/expoexhibitionstands.eu\/fr\/wp-json\/wp\/v2\/pages"}],"about":[{"href":"https:\/\/expoexhibitionstands.eu\/fr\/wp-json\/wp\/v2\/types\/page"}],"author":[{"embeddable":true,"href":"https:\/\/expoexhibitionstands.eu\/fr\/wp-json\/wp\/v2\/users\/1"}],"replies":[{"embeddable":true,"href":"https:\/\/expoexhibitionstands.eu\/fr\/wp-json\/wp\/v2\/comments?post=211906"}],"version-history":[{"count":5,"href":"https:\/\/expoexhibitionstands.eu\/fr\/wp-json\/wp\/v2\/pages\/211906\/revisions"}],"predecessor-version":[{"id":216055,"href":"https:\/\/expoexhibitionstands.eu\/fr\/wp-json\/wp\/v2\/pages\/211906\/revisions\/216055"}],"up":[{"embeddable":true,"href":"https:\/\/expoexhibitionstands.eu\/fr\/wp-json\/wp\/v2\/pages\/211825"}],"wp:attachment":[{"href":"https:\/\/expoexhibitionstands.eu\/fr\/wp-json\/wp\/v2\/media?parent=211906"}],"curies":[{"name":"wp","href":"https:\/\/api.w.org\/{rel}","templated":true}]}}