{"id":211853,"date":"2025-05-20T06:24:04","date_gmt":"2025-05-20T06:24:04","guid":{"rendered":"https:\/\/eeseude.expoexhibitionstands.it\/?page_id=211853"},"modified":"2025-08-28T06:24:00","modified_gmt":"2025-08-28T06:24:00","slug":"conception-3d","status":"publish","type":"page","link":"https:\/\/expoexhibitionstands.eu\/fr\/services\/conception-3d","title":{"rendered":"Conception 3D"},"content":{"rendered":"","protected":false},"excerpt":{"rendered":"","protected":false},"author":1,"featured_media":0,"parent":211825,"menu_order":0,"comment_status":"closed","ping_status":"closed","template":"template\/page-builder.php","meta":{"_acf_changed":false,"footnotes":""},"class_list":["post-211853","page","type-page","status-publish","hentry"],"acf":[],"yoast_head":"<!-- This site is optimized with the Yoast SEO plugin v27.0 - https:\/\/yoast.com\/product\/yoast-seo-wordpress\/ -->\n<title>Conception 3D libre de stand d&#039;exposition<\/title>\n<meta name=\"description\" content=\"Nos \u00e9quipes de designers 3D disposent de plus de 30 ans d\u2019exp\u00e9rience. Ils connaissent les tendances actuelles de la conception de stands d&#039;exposition, et sauront inventer des mod\u00e8les pour correspondre \u00e0 l\u2019image de votre marque.\" \/>\n<meta name=\"robots\" content=\"index, follow, max-snippet:-1, max-image-preview:large, max-video-preview:-1\" \/>\n<link rel=\"canonical\" href=\"https:\/\/expoexhibitionstands.eu\/fr\/services\/conception-3d\" \/>\n<meta property=\"og:locale\" content=\"fr_FR\" \/>\n<meta property=\"og:type\" content=\"article\" \/>\n<meta property=\"og:title\" content=\"Conception 3D libre de stand d&#039;exposition\" \/>\n<meta property=\"og:description\" content=\"Nos \u00e9quipes de designers 3D disposent de plus de 30 ans d\u2019exp\u00e9rience. Ils connaissent les tendances actuelles de la conception de stands d&#039;exposition, et sauront inventer des mod\u00e8les pour correspondre \u00e0 l\u2019image de votre marque.\" \/>\n<meta property=\"og:url\" content=\"https:\/\/expoexhibitionstands.eu\/fr\/services\/conception-3d\" \/>\n<meta property=\"og:site_name\" content=\"Expo Exhibition Stands\" \/>\n<meta property=\"article:modified_time\" content=\"2025-08-28T06:24:00+00:00\" \/>\n<meta name=\"twitter:card\" content=\"summary_large_image\" \/>\n<meta name=\"twitter:label1\" content=\"Dur\u00e9e de lecture estim\u00e9e\" \/>\n\t<meta name=\"twitter:data1\" content=\"3 minutes\" \/>\n<script type=\"application\/ld+json\" class=\"yoast-schema-graph\">{\"@context\":\"https:\/\/schema.org\",\"@graph\":[{\"@type\":\"WebPage\",\"@id\":\"https:\/\/expoexhibitionstands.eu\/fr\/services\/conception-3d\",\"url\":\"https:\/\/expoexhibitionstands.eu\/fr\/services\/conception-3d\",\"name\":\"Conception 3D libre de stand d'exposition\",\"isPartOf\":{\"@id\":\"https:\/\/expoexhibitionstands.eu\/fr\/#website\"},\"datePublished\":\"2025-05-20T06:24:04+00:00\",\"dateModified\":\"2025-08-28T06:24:00+00:00\",\"description\":\"Nos \u00e9quipes de designers 3D disposent de plus de 30 ans d\u2019exp\u00e9rience. Ils connaissent les tendances actuelles de la conception de stands d'exposition, et sauront inventer des mod\u00e8les pour correspondre \u00e0 l\u2019image de votre marque.\",\"breadcrumb\":{\"@id\":\"https:\/\/expoexhibitionstands.eu\/fr\/services\/conception-3d#breadcrumb\"},\"inLanguage\":\"fr-FR\",\"potentialAction\":[{\"@type\":\"ReadAction\",\"target\":[\"https:\/\/expoexhibitionstands.eu\/fr\/services\/conception-3d\"]}]},{\"@type\":\"BreadcrumbList\",\"@id\":\"https:\/\/expoexhibitionstands.eu\/fr\/services\/conception-3d#breadcrumb\",\"itemListElement\":[{\"@type\":\"ListItem\",\"position\":1,\"name\":\"Home\",\"item\":\"https:\/\/expoexhibitionstands.eu\/fr\/\"},{\"@type\":\"ListItem\",\"position\":2,\"name\":\"Services\",\"item\":\"https:\/\/expoexhibitionstands.eu\/fr\/services\"},{\"@type\":\"ListItem\",\"position\":3,\"name\":\"Conception 3D\"}]},{\"@type\":\"WebSite\",\"@id\":\"https:\/\/expoexhibitionstands.eu\/fr\/#website\",\"url\":\"https:\/\/expoexhibitionstands.eu\/fr\/\",\"name\":\"Expo Exhibition Stands\",\"description\":\"\",\"potentialAction\":[{\"@type\":\"SearchAction\",\"target\":{\"@type\":\"EntryPoint\",\"urlTemplate\":\"https:\/\/expoexhibitionstands.eu\/fr\/?s={search_term_string}\"},\"query-input\":{\"@type\":\"PropertyValueSpecification\",\"valueRequired\":true,\"valueName\":\"search_term_string\"}}],\"inLanguage\":\"fr-FR\"}]}<\/script>\n<!-- \/ Yoast SEO plugin. -->","yoast_head_json":{"title":"Conception 3D libre de stand d'exposition","description":"Nos \u00e9quipes de designers 3D disposent de plus de 30 ans d\u2019exp\u00e9rience. Ils connaissent les tendances actuelles de la conception de stands d'exposition, et sauront inventer des mod\u00e8les pour correspondre \u00e0 l\u2019image de votre marque.","robots":{"index":"index","follow":"follow","max-snippet":"max-snippet:-1","max-image-preview":"max-image-preview:large","max-video-preview":"max-video-preview:-1"},"canonical":"https:\/\/expoexhibitionstands.eu\/fr\/services\/conception-3d","og_locale":"fr_FR","og_type":"article","og_title":"Conception 3D libre de stand d'exposition","og_description":"Nos \u00e9quipes de designers 3D disposent de plus de 30 ans d\u2019exp\u00e9rience. Ils connaissent les tendances actuelles de la conception de stands d'exposition, et sauront inventer des mod\u00e8les pour correspondre \u00e0 l\u2019image de votre marque.","og_url":"https:\/\/expoexhibitionstands.eu\/fr\/services\/conception-3d","og_site_name":"Expo Exhibition Stands","article_modified_time":"2025-08-28T06:24:00+00:00","twitter_card":"summary_large_image","twitter_misc":{"Dur\u00e9e de lecture estim\u00e9e":"3 minutes"},"schema":{"@context":"https:\/\/schema.org","@graph":[{"@type":"WebPage","@id":"https:\/\/expoexhibitionstands.eu\/fr\/services\/conception-3d","url":"https:\/\/expoexhibitionstands.eu\/fr\/services\/conception-3d","name":"Conception 3D libre de stand d'exposition","isPartOf":{"@id":"https:\/\/expoexhibitionstands.eu\/fr\/#website"},"datePublished":"2025-05-20T06:24:04+00:00","dateModified":"2025-08-28T06:24:00+00:00","description":"Nos \u00e9quipes de designers 3D disposent de plus de 30 ans d\u2019exp\u00e9rience. Ils connaissent les tendances actuelles de la conception de stands d'exposition, et sauront inventer des mod\u00e8les pour correspondre \u00e0 l\u2019image de votre marque.","breadcrumb":{"@id":"https:\/\/expoexhibitionstands.eu\/fr\/services\/conception-3d#breadcrumb"},"inLanguage":"fr-FR","potentialAction":[{"@type":"ReadAction","target":["https:\/\/expoexhibitionstands.eu\/fr\/services\/conception-3d"]}]},{"@type":"BreadcrumbList","@id":"https:\/\/expoexhibitionstands.eu\/fr\/services\/conception-3d#breadcrumb","itemListElement":[{"@type":"ListItem","position":1,"name":"Home","item":"https:\/\/expoexhibitionstands.eu\/fr\/"},{"@type":"ListItem","position":2,"name":"Services","item":"https:\/\/expoexhibitionstands.eu\/fr\/services"},{"@type":"ListItem","position":3,"name":"Conception 3D"}]},{"@type":"WebSite","@id":"https:\/\/expoexhibitionstands.eu\/fr\/#website","url":"https:\/\/expoexhibitionstands.eu\/fr\/","name":"Expo Exhibition Stands","description":"","potentialAction":[{"@type":"SearchAction","target":{"@type":"EntryPoint","urlTemplate":"https:\/\/expoexhibitionstands.eu\/fr\/?s={search_term_string}"},"query-input":{"@type":"PropertyValueSpecification","valueRequired":true,"valueName":"search_term_string"}}],"inLanguage":"fr-FR"}]}},"_links":{"self":[{"href":"https:\/\/expoexhibitionstands.eu\/fr\/wp-json\/wp\/v2\/pages\/211853","targetHints":{"allow":["GET"]}}],"collection":[{"href":"https:\/\/expoexhibitionstands.eu\/fr\/wp-json\/wp\/v2\/pages"}],"about":[{"href":"https:\/\/expoexhibitionstands.eu\/fr\/wp-json\/wp\/v2\/types\/page"}],"author":[{"embeddable":true,"href":"https:\/\/expoexhibitionstands.eu\/fr\/wp-json\/wp\/v2\/users\/1"}],"replies":[{"embeddable":true,"href":"https:\/\/expoexhibitionstands.eu\/fr\/wp-json\/wp\/v2\/comments?post=211853"}],"version-history":[{"count":6,"href":"https:\/\/expoexhibitionstands.eu\/fr\/wp-json\/wp\/v2\/pages\/211853\/revisions"}],"predecessor-version":[{"id":217694,"href":"https:\/\/expoexhibitionstands.eu\/fr\/wp-json\/wp\/v2\/pages\/211853\/revisions\/217694"}],"up":[{"embeddable":true,"href":"https:\/\/expoexhibitionstands.eu\/fr\/wp-json\/wp\/v2\/pages\/211825"}],"wp:attachment":[{"href":"https:\/\/expoexhibitionstands.eu\/fr\/wp-json\/wp\/v2\/media?parent=211853"}],"curies":[{"name":"wp","href":"https:\/\/api.w.org\/{rel}","templated":true}]}}