{"id":211795,"date":"2025-05-19T10:55:18","date_gmt":"2025-05-19T10:55:18","guid":{"rendered":"https:\/\/eeseude.expoexhibitionstands.it\/?page_id=211795"},"modified":"2025-08-11T07:28:31","modified_gmt":"2025-08-11T07:28:31","slug":"conception-3d-cad","status":"publish","type":"page","link":"https:\/\/expoexhibitionstands.eu\/fr\/conception-3d-cad","title":{"rendered":"Conception 3D CAD"},"content":{"rendered":"","protected":false},"excerpt":{"rendered":"","protected":false},"author":1,"featured_media":0,"parent":211692,"menu_order":0,"comment_status":"closed","ping_status":"closed","template":"template\/page-builder.php","meta":{"_acf_changed":false,"footnotes":""},"class_list":["post-211795","page","type-page","status-publish","hentry"],"acf":[],"yoast_head":"<!-- This site is optimized with the Yoast SEO plugin v27.0 - https:\/\/yoast.com\/product\/yoast-seo-wordpress\/ -->\n<title>Conception 3D CAD - Conception 3D de stand d&#039;exposition<\/title>\n<meta name=\"description\" content=\"Nos conceptions cr\u00e9atives et innovantes de stands 3D donnent une impression r\u00e9aliste du r\u00e9sultat final. Demandez la conception gratuite de votre stand 3D.\" \/>\n<meta name=\"robots\" content=\"index, follow, max-snippet:-1, max-image-preview:large, max-video-preview:-1\" \/>\n<link rel=\"canonical\" href=\"https:\/\/expoexhibitionstands.eu\/fr\/conception-3d-cad\" \/>\n<meta property=\"og:locale\" content=\"fr_FR\" \/>\n<meta property=\"og:type\" content=\"article\" \/>\n<meta property=\"og:title\" content=\"Conception 3D CAD - Conception 3D de stand d&#039;exposition\" \/>\n<meta property=\"og:description\" content=\"Nos conceptions cr\u00e9atives et innovantes de stands 3D donnent une impression r\u00e9aliste du r\u00e9sultat final. Demandez la conception gratuite de votre stand 3D.\" \/>\n<meta property=\"og:url\" content=\"https:\/\/expoexhibitionstands.eu\/fr\/conception-3d-cad\" \/>\n<meta property=\"og:site_name\" content=\"Expo Exhibition Stands\" \/>\n<meta property=\"article:modified_time\" content=\"2025-08-11T07:28:31+00:00\" \/>\n<meta name=\"twitter:card\" content=\"summary_large_image\" \/>\n<meta name=\"twitter:label1\" content=\"Dur\u00e9e de lecture estim\u00e9e\" \/>\n\t<meta name=\"twitter:data1\" content=\"3 minutes\" \/>\n<script type=\"application\/ld+json\" class=\"yoast-schema-graph\">{\"@context\":\"https:\/\/schema.org\",\"@graph\":[{\"@type\":\"WebPage\",\"@id\":\"https:\/\/expoexhibitionstands.eu\/fr\/conception-3d-cad\",\"url\":\"https:\/\/expoexhibitionstands.eu\/fr\/conception-3d-cad\",\"name\":\"Conception 3D CAD - Conception 3D de stand d'exposition\",\"isPartOf\":{\"@id\":\"https:\/\/expoexhibitionstands.eu\/fr\/#website\"},\"datePublished\":\"2025-05-19T10:55:18+00:00\",\"dateModified\":\"2025-08-11T07:28:31+00:00\",\"description\":\"Nos conceptions cr\u00e9atives et innovantes de stands 3D donnent une impression r\u00e9aliste du r\u00e9sultat final. Demandez la conception gratuite de votre stand 3D.\",\"breadcrumb\":{\"@id\":\"https:\/\/expoexhibitionstands.eu\/fr\/conception-3d-cad#breadcrumb\"},\"inLanguage\":\"fr-FR\",\"potentialAction\":[{\"@type\":\"ReadAction\",\"target\":[\"https:\/\/expoexhibitionstands.eu\/fr\/conception-3d-cad\"]}]},{\"@type\":\"BreadcrumbList\",\"@id\":\"https:\/\/expoexhibitionstands.eu\/fr\/conception-3d-cad#breadcrumb\",\"itemListElement\":[{\"@type\":\"ListItem\",\"position\":1,\"name\":\"Home\",\"item\":\"https:\/\/expoexhibitionstands.eu\/fr\/\"},{\"@type\":\"ListItem\",\"position\":2,\"name\":\"Fabrication de stand\",\"item\":\"https:\/\/expoexhibitionstands.eu\/fr\/fabricant-de-stands-d-exposition\"},{\"@type\":\"ListItem\",\"position\":3,\"name\":\"Conception 3D CAD\"}]},{\"@type\":\"WebSite\",\"@id\":\"https:\/\/expoexhibitionstands.eu\/fr\/#website\",\"url\":\"https:\/\/expoexhibitionstands.eu\/fr\/\",\"name\":\"Expo Exhibition Stands\",\"description\":\"\",\"potentialAction\":[{\"@type\":\"SearchAction\",\"target\":{\"@type\":\"EntryPoint\",\"urlTemplate\":\"https:\/\/expoexhibitionstands.eu\/fr\/?s={search_term_string}\"},\"query-input\":{\"@type\":\"PropertyValueSpecification\",\"valueRequired\":true,\"valueName\":\"search_term_string\"}}],\"inLanguage\":\"fr-FR\"}]}<\/script>\n<!-- \/ Yoast SEO plugin. -->","yoast_head_json":{"title":"Conception 3D CAD - Conception 3D de stand d'exposition","description":"Nos conceptions cr\u00e9atives et innovantes de stands 3D donnent une impression r\u00e9aliste du r\u00e9sultat final. Demandez la conception gratuite de votre stand 3D.","robots":{"index":"index","follow":"follow","max-snippet":"max-snippet:-1","max-image-preview":"max-image-preview:large","max-video-preview":"max-video-preview:-1"},"canonical":"https:\/\/expoexhibitionstands.eu\/fr\/conception-3d-cad","og_locale":"fr_FR","og_type":"article","og_title":"Conception 3D CAD - Conception 3D de stand d'exposition","og_description":"Nos conceptions cr\u00e9atives et innovantes de stands 3D donnent une impression r\u00e9aliste du r\u00e9sultat final. Demandez la conception gratuite de votre stand 3D.","og_url":"https:\/\/expoexhibitionstands.eu\/fr\/conception-3d-cad","og_site_name":"Expo Exhibition Stands","article_modified_time":"2025-08-11T07:28:31+00:00","twitter_card":"summary_large_image","twitter_misc":{"Dur\u00e9e de lecture estim\u00e9e":"3 minutes"},"schema":{"@context":"https:\/\/schema.org","@graph":[{"@type":"WebPage","@id":"https:\/\/expoexhibitionstands.eu\/fr\/conception-3d-cad","url":"https:\/\/expoexhibitionstands.eu\/fr\/conception-3d-cad","name":"Conception 3D CAD - Conception 3D de stand d'exposition","isPartOf":{"@id":"https:\/\/expoexhibitionstands.eu\/fr\/#website"},"datePublished":"2025-05-19T10:55:18+00:00","dateModified":"2025-08-11T07:28:31+00:00","description":"Nos conceptions cr\u00e9atives et innovantes de stands 3D donnent une impression r\u00e9aliste du r\u00e9sultat final. Demandez la conception gratuite de votre stand 3D.","breadcrumb":{"@id":"https:\/\/expoexhibitionstands.eu\/fr\/conception-3d-cad#breadcrumb"},"inLanguage":"fr-FR","potentialAction":[{"@type":"ReadAction","target":["https:\/\/expoexhibitionstands.eu\/fr\/conception-3d-cad"]}]},{"@type":"BreadcrumbList","@id":"https:\/\/expoexhibitionstands.eu\/fr\/conception-3d-cad#breadcrumb","itemListElement":[{"@type":"ListItem","position":1,"name":"Home","item":"https:\/\/expoexhibitionstands.eu\/fr\/"},{"@type":"ListItem","position":2,"name":"Fabrication de stand","item":"https:\/\/expoexhibitionstands.eu\/fr\/fabricant-de-stands-d-exposition"},{"@type":"ListItem","position":3,"name":"Conception 3D CAD"}]},{"@type":"WebSite","@id":"https:\/\/expoexhibitionstands.eu\/fr\/#website","url":"https:\/\/expoexhibitionstands.eu\/fr\/","name":"Expo Exhibition Stands","description":"","potentialAction":[{"@type":"SearchAction","target":{"@type":"EntryPoint","urlTemplate":"https:\/\/expoexhibitionstands.eu\/fr\/?s={search_term_string}"},"query-input":{"@type":"PropertyValueSpecification","valueRequired":true,"valueName":"search_term_string"}}],"inLanguage":"fr-FR"}]}},"_links":{"self":[{"href":"https:\/\/expoexhibitionstands.eu\/fr\/wp-json\/wp\/v2\/pages\/211795","targetHints":{"allow":["GET"]}}],"collection":[{"href":"https:\/\/expoexhibitionstands.eu\/fr\/wp-json\/wp\/v2\/pages"}],"about":[{"href":"https:\/\/expoexhibitionstands.eu\/fr\/wp-json\/wp\/v2\/types\/page"}],"author":[{"embeddable":true,"href":"https:\/\/expoexhibitionstands.eu\/fr\/wp-json\/wp\/v2\/users\/1"}],"replies":[{"embeddable":true,"href":"https:\/\/expoexhibitionstands.eu\/fr\/wp-json\/wp\/v2\/comments?post=211795"}],"version-history":[{"count":6,"href":"https:\/\/expoexhibitionstands.eu\/fr\/wp-json\/wp\/v2\/pages\/211795\/revisions"}],"predecessor-version":[{"id":216096,"href":"https:\/\/expoexhibitionstands.eu\/fr\/wp-json\/wp\/v2\/pages\/211795\/revisions\/216096"}],"up":[{"embeddable":true,"href":"https:\/\/expoexhibitionstands.eu\/fr\/wp-json\/wp\/v2\/pages\/211692"}],"wp:attachment":[{"href":"https:\/\/expoexhibitionstands.eu\/fr\/wp-json\/wp\/v2\/media?parent=211795"}],"curies":[{"name":"wp","href":"https:\/\/api.w.org\/{rel}","templated":true}]}}