{"id":211783,"date":"2025-05-19T10:45:32","date_gmt":"2025-05-19T10:45:32","guid":{"rendered":"https:\/\/eeseude.expoexhibitionstands.it\/?page_id=211783"},"modified":"2025-10-30T06:44:48","modified_gmt":"2025-10-30T06:44:48","slug":"construction-de-stands-individuels","status":"publish","type":"page","link":"https:\/\/expoexhibitionstands.eu\/fr\/construction-de-stands-individuels","title":{"rendered":"Construction de stands individuels"},"content":{"rendered":"","protected":false},"excerpt":{"rendered":"","protected":false},"author":1,"featured_media":0,"parent":211692,"menu_order":0,"comment_status":"closed","ping_status":"closed","template":"template\/page-builder.php","meta":{"_acf_changed":false,"footnotes":""},"class_list":["post-211783","page","type-page","status-publish","hentry"],"acf":[],"yoast_head":"<!-- This site is optimized with the Yoast SEO plugin v27.0 - https:\/\/yoast.com\/product\/yoast-seo-wordpress\/ -->\n<title>Construction de stands individuels<\/title>\n<meta name=\"description\" content=\"Chez Expo Exhibition Stands, nous comprenons que vos id\u00e9es ne doivent pas \u00eatre restreintes. Pour nous adapter au mieux \u00e0 votre vision in\u00e9gal\u00e9e, nous vous offrons des services sp\u00e9cialis\u00e9s : la Construction De Stands d\u2019exposition Individuels.\" \/>\n<meta name=\"robots\" content=\"index, follow, max-snippet:-1, max-image-preview:large, max-video-preview:-1\" \/>\n<link rel=\"canonical\" href=\"https:\/\/expoexhibitionstands.eu\/fr\/construction-de-stands-individuels\" \/>\n<meta property=\"og:locale\" content=\"fr_FR\" \/>\n<meta property=\"og:type\" content=\"article\" \/>\n<meta property=\"og:title\" content=\"Construction de stands individuels\" \/>\n<meta property=\"og:description\" content=\"Chez Expo Exhibition Stands, nous comprenons que vos id\u00e9es ne doivent pas \u00eatre restreintes. Pour nous adapter au mieux \u00e0 votre vision in\u00e9gal\u00e9e, nous vous offrons des services sp\u00e9cialis\u00e9s : la Construction De Stands d\u2019exposition Individuels.\" \/>\n<meta property=\"og:url\" content=\"https:\/\/expoexhibitionstands.eu\/fr\/construction-de-stands-individuels\" \/>\n<meta property=\"og:site_name\" content=\"Expo Exhibition Stands\" \/>\n<meta property=\"article:modified_time\" content=\"2025-10-30T06:44:48+00:00\" \/>\n<meta name=\"twitter:card\" content=\"summary_large_image\" \/>\n<meta name=\"twitter:label1\" content=\"Dur\u00e9e de lecture estim\u00e9e\" \/>\n\t<meta name=\"twitter:data1\" content=\"3 minutes\" \/>\n<script type=\"application\/ld+json\" class=\"yoast-schema-graph\">{\"@context\":\"https:\/\/schema.org\",\"@graph\":[{\"@type\":\"WebPage\",\"@id\":\"https:\/\/expoexhibitionstands.eu\/fr\/construction-de-stands-individuels\",\"url\":\"https:\/\/expoexhibitionstands.eu\/fr\/construction-de-stands-individuels\",\"name\":\"Construction de stands individuels\",\"isPartOf\":{\"@id\":\"https:\/\/expoexhibitionstands.eu\/fr\/#website\"},\"datePublished\":\"2025-05-19T10:45:32+00:00\",\"dateModified\":\"2025-10-30T06:44:48+00:00\",\"description\":\"Chez Expo Exhibition Stands, nous comprenons que vos id\u00e9es ne doivent pas \u00eatre restreintes. Pour nous adapter au mieux \u00e0 votre vision in\u00e9gal\u00e9e, nous vous offrons des services sp\u00e9cialis\u00e9s : la Construction De Stands d\u2019exposition Individuels.\",\"breadcrumb\":{\"@id\":\"https:\/\/expoexhibitionstands.eu\/fr\/construction-de-stands-individuels#breadcrumb\"},\"inLanguage\":\"fr-FR\",\"potentialAction\":[{\"@type\":\"ReadAction\",\"target\":[\"https:\/\/expoexhibitionstands.eu\/fr\/construction-de-stands-individuels\"]}]},{\"@type\":\"BreadcrumbList\",\"@id\":\"https:\/\/expoexhibitionstands.eu\/fr\/construction-de-stands-individuels#breadcrumb\",\"itemListElement\":[{\"@type\":\"ListItem\",\"position\":1,\"name\":\"Home\",\"item\":\"https:\/\/expoexhibitionstands.eu\/fr\/\"},{\"@type\":\"ListItem\",\"position\":2,\"name\":\"Fabrication de stand\",\"item\":\"https:\/\/expoexhibitionstands.eu\/fr\/fabricant-de-stands-d-exposition\"},{\"@type\":\"ListItem\",\"position\":3,\"name\":\"Construction de stands individuels\"}]},{\"@type\":\"WebSite\",\"@id\":\"https:\/\/expoexhibitionstands.eu\/fr\/#website\",\"url\":\"https:\/\/expoexhibitionstands.eu\/fr\/\",\"name\":\"Expo Exhibition Stands\",\"description\":\"\",\"potentialAction\":[{\"@type\":\"SearchAction\",\"target\":{\"@type\":\"EntryPoint\",\"urlTemplate\":\"https:\/\/expoexhibitionstands.eu\/fr\/?s={search_term_string}\"},\"query-input\":{\"@type\":\"PropertyValueSpecification\",\"valueRequired\":true,\"valueName\":\"search_term_string\"}}],\"inLanguage\":\"fr-FR\"}]}<\/script>\n<!-- \/ Yoast SEO plugin. -->","yoast_head_json":{"title":"Construction de stands individuels","description":"Chez Expo Exhibition Stands, nous comprenons que vos id\u00e9es ne doivent pas \u00eatre restreintes. Pour nous adapter au mieux \u00e0 votre vision in\u00e9gal\u00e9e, nous vous offrons des services sp\u00e9cialis\u00e9s : la Construction De Stands d\u2019exposition Individuels.","robots":{"index":"index","follow":"follow","max-snippet":"max-snippet:-1","max-image-preview":"max-image-preview:large","max-video-preview":"max-video-preview:-1"},"canonical":"https:\/\/expoexhibitionstands.eu\/fr\/construction-de-stands-individuels","og_locale":"fr_FR","og_type":"article","og_title":"Construction de stands individuels","og_description":"Chez Expo Exhibition Stands, nous comprenons que vos id\u00e9es ne doivent pas \u00eatre restreintes. Pour nous adapter au mieux \u00e0 votre vision in\u00e9gal\u00e9e, nous vous offrons des services sp\u00e9cialis\u00e9s : la Construction De Stands d\u2019exposition Individuels.","og_url":"https:\/\/expoexhibitionstands.eu\/fr\/construction-de-stands-individuels","og_site_name":"Expo Exhibition Stands","article_modified_time":"2025-10-30T06:44:48+00:00","twitter_card":"summary_large_image","twitter_misc":{"Dur\u00e9e de lecture estim\u00e9e":"3 minutes"},"schema":{"@context":"https:\/\/schema.org","@graph":[{"@type":"WebPage","@id":"https:\/\/expoexhibitionstands.eu\/fr\/construction-de-stands-individuels","url":"https:\/\/expoexhibitionstands.eu\/fr\/construction-de-stands-individuels","name":"Construction de stands individuels","isPartOf":{"@id":"https:\/\/expoexhibitionstands.eu\/fr\/#website"},"datePublished":"2025-05-19T10:45:32+00:00","dateModified":"2025-10-30T06:44:48+00:00","description":"Chez Expo Exhibition Stands, nous comprenons que vos id\u00e9es ne doivent pas \u00eatre restreintes. Pour nous adapter au mieux \u00e0 votre vision in\u00e9gal\u00e9e, nous vous offrons des services sp\u00e9cialis\u00e9s : la Construction De Stands d\u2019exposition Individuels.","breadcrumb":{"@id":"https:\/\/expoexhibitionstands.eu\/fr\/construction-de-stands-individuels#breadcrumb"},"inLanguage":"fr-FR","potentialAction":[{"@type":"ReadAction","target":["https:\/\/expoexhibitionstands.eu\/fr\/construction-de-stands-individuels"]}]},{"@type":"BreadcrumbList","@id":"https:\/\/expoexhibitionstands.eu\/fr\/construction-de-stands-individuels#breadcrumb","itemListElement":[{"@type":"ListItem","position":1,"name":"Home","item":"https:\/\/expoexhibitionstands.eu\/fr\/"},{"@type":"ListItem","position":2,"name":"Fabrication de stand","item":"https:\/\/expoexhibitionstands.eu\/fr\/fabricant-de-stands-d-exposition"},{"@type":"ListItem","position":3,"name":"Construction de stands individuels"}]},{"@type":"WebSite","@id":"https:\/\/expoexhibitionstands.eu\/fr\/#website","url":"https:\/\/expoexhibitionstands.eu\/fr\/","name":"Expo Exhibition Stands","description":"","potentialAction":[{"@type":"SearchAction","target":{"@type":"EntryPoint","urlTemplate":"https:\/\/expoexhibitionstands.eu\/fr\/?s={search_term_string}"},"query-input":{"@type":"PropertyValueSpecification","valueRequired":true,"valueName":"search_term_string"}}],"inLanguage":"fr-FR"}]}},"_links":{"self":[{"href":"https:\/\/expoexhibitionstands.eu\/fr\/wp-json\/wp\/v2\/pages\/211783","targetHints":{"allow":["GET"]}}],"collection":[{"href":"https:\/\/expoexhibitionstands.eu\/fr\/wp-json\/wp\/v2\/pages"}],"about":[{"href":"https:\/\/expoexhibitionstands.eu\/fr\/wp-json\/wp\/v2\/types\/page"}],"author":[{"embeddable":true,"href":"https:\/\/expoexhibitionstands.eu\/fr\/wp-json\/wp\/v2\/users\/1"}],"replies":[{"embeddable":true,"href":"https:\/\/expoexhibitionstands.eu\/fr\/wp-json\/wp\/v2\/comments?post=211783"}],"version-history":[{"count":6,"href":"https:\/\/expoexhibitionstands.eu\/fr\/wp-json\/wp\/v2\/pages\/211783\/revisions"}],"predecessor-version":[{"id":218220,"href":"https:\/\/expoexhibitionstands.eu\/fr\/wp-json\/wp\/v2\/pages\/211783\/revisions\/218220"}],"up":[{"embeddable":true,"href":"https:\/\/expoexhibitionstands.eu\/fr\/wp-json\/wp\/v2\/pages\/211692"}],"wp:attachment":[{"href":"https:\/\/expoexhibitionstands.eu\/fr\/wp-json\/wp\/v2\/media?parent=211783"}],"curies":[{"name":"wp","href":"https:\/\/api.w.org\/{rel}","templated":true}]}}