{"id":211734,"date":"2025-05-15T06:17:10","date_gmt":"2025-05-15T06:17:10","guid":{"rendered":"https:\/\/eeseude.expoexhibitionstands.it\/?page_id=211734"},"modified":"2025-08-11T09:23:48","modified_gmt":"2025-08-11T09:23:48","slug":"stand-d-exposition","status":"publish","type":"page","link":"https:\/\/expoexhibitionstands.eu\/fr\/stand-d-exposition","title":{"rendered":"Stand d&rsquo;exposition"},"content":{"rendered":"","protected":false},"excerpt":{"rendered":"","protected":false},"author":1,"featured_media":0,"parent":0,"menu_order":0,"comment_status":"closed","ping_status":"closed","template":"template\/page-builder.php","meta":{"_acf_changed":false,"footnotes":""},"class_list":["post-211734","page","type-page","status-publish","hentry"],"acf":[],"yoast_head":"<!-- This site is optimized with the Yoast SEO plugin v27.0 - https:\/\/yoast.com\/product\/yoast-seo-wordpress\/ -->\n<title>Stand d&#039;exposition | Cr\u00e9ation de stands sur mesure et modulaire<\/title>\n<meta name=\"description\" content=\"Vous avez besoin d&#039;un stand pour un salon ou une exposition? Exemples des stands d&#039;exposition cr\u00e9atifs. Vous trouverez ici plus de 1000 mod\u00e8les de stands, incluant le co\u00fbt de la location.\" \/>\n<meta name=\"robots\" content=\"index, follow, max-snippet:-1, max-image-preview:large, max-video-preview:-1\" \/>\n<link rel=\"canonical\" href=\"https:\/\/expoexhibitionstands.eu\/fr\/stand-d-exposition\" \/>\n<meta property=\"og:locale\" content=\"fr_FR\" \/>\n<meta property=\"og:type\" content=\"article\" \/>\n<meta property=\"og:title\" content=\"Stand d&#039;exposition | Cr\u00e9ation de stands sur mesure et modulaire\" \/>\n<meta property=\"og:description\" content=\"Vous avez besoin d&#039;un stand pour un salon ou une exposition? Exemples des stands d&#039;exposition cr\u00e9atifs. Vous trouverez ici plus de 1000 mod\u00e8les de stands, incluant le co\u00fbt de la location.\" \/>\n<meta property=\"og:url\" content=\"https:\/\/expoexhibitionstands.eu\/fr\/stand-d-exposition\" \/>\n<meta property=\"og:site_name\" content=\"Expo Exhibition Stands\" \/>\n<meta property=\"article:modified_time\" content=\"2025-08-11T09:23:48+00:00\" \/>\n<meta name=\"twitter:card\" content=\"summary_large_image\" \/>\n<meta name=\"twitter:label1\" content=\"Dur\u00e9e de lecture estim\u00e9e\" \/>\n\t<meta name=\"twitter:data1\" content=\"6 minutes\" \/>\n<script type=\"application\/ld+json\" class=\"yoast-schema-graph\">{\"@context\":\"https:\/\/schema.org\",\"@graph\":[{\"@type\":\"WebPage\",\"@id\":\"https:\/\/expoexhibitionstands.eu\/fr\/stand-d-exposition\",\"url\":\"https:\/\/expoexhibitionstands.eu\/fr\/stand-d-exposition\",\"name\":\"Stand d'exposition | Cr\u00e9ation de stands sur mesure et modulaire\",\"isPartOf\":{\"@id\":\"https:\/\/expoexhibitionstands.eu\/fr\/#website\"},\"datePublished\":\"2025-05-15T06:17:10+00:00\",\"dateModified\":\"2025-08-11T09:23:48+00:00\",\"description\":\"Vous avez besoin d'un stand pour un salon ou une exposition? Exemples des stands d'exposition cr\u00e9atifs. Vous trouverez ici plus de 1000 mod\u00e8les de stands, incluant le co\u00fbt de la location.\",\"breadcrumb\":{\"@id\":\"https:\/\/expoexhibitionstands.eu\/fr\/stand-d-exposition#breadcrumb\"},\"inLanguage\":\"fr-FR\",\"potentialAction\":[{\"@type\":\"ReadAction\",\"target\":[\"https:\/\/expoexhibitionstands.eu\/fr\/stand-d-exposition\"]}]},{\"@type\":\"BreadcrumbList\",\"@id\":\"https:\/\/expoexhibitionstands.eu\/fr\/stand-d-exposition#breadcrumb\",\"itemListElement\":[{\"@type\":\"ListItem\",\"position\":1,\"name\":\"Home\",\"item\":\"https:\/\/expoexhibitionstands.eu\/fr\/\"},{\"@type\":\"ListItem\",\"position\":2,\"name\":\"Stand d&#8217;exposition\"}]},{\"@type\":\"WebSite\",\"@id\":\"https:\/\/expoexhibitionstands.eu\/fr\/#website\",\"url\":\"https:\/\/expoexhibitionstands.eu\/fr\/\",\"name\":\"Expo Exhibition Stands\",\"description\":\"\",\"potentialAction\":[{\"@type\":\"SearchAction\",\"target\":{\"@type\":\"EntryPoint\",\"urlTemplate\":\"https:\/\/expoexhibitionstands.eu\/fr\/?s={search_term_string}\"},\"query-input\":{\"@type\":\"PropertyValueSpecification\",\"valueRequired\":true,\"valueName\":\"search_term_string\"}}],\"inLanguage\":\"fr-FR\"}]}<\/script>\n<!-- \/ Yoast SEO plugin. -->","yoast_head_json":{"title":"Stand d'exposition | Cr\u00e9ation de stands sur mesure et modulaire","description":"Vous avez besoin d'un stand pour un salon ou une exposition? Exemples des stands d'exposition cr\u00e9atifs. Vous trouverez ici plus de 1000 mod\u00e8les de stands, incluant le co\u00fbt de la location.","robots":{"index":"index","follow":"follow","max-snippet":"max-snippet:-1","max-image-preview":"max-image-preview:large","max-video-preview":"max-video-preview:-1"},"canonical":"https:\/\/expoexhibitionstands.eu\/fr\/stand-d-exposition","og_locale":"fr_FR","og_type":"article","og_title":"Stand d'exposition | Cr\u00e9ation de stands sur mesure et modulaire","og_description":"Vous avez besoin d'un stand pour un salon ou une exposition? Exemples des stands d'exposition cr\u00e9atifs. Vous trouverez ici plus de 1000 mod\u00e8les de stands, incluant le co\u00fbt de la location.","og_url":"https:\/\/expoexhibitionstands.eu\/fr\/stand-d-exposition","og_site_name":"Expo Exhibition Stands","article_modified_time":"2025-08-11T09:23:48+00:00","twitter_card":"summary_large_image","twitter_misc":{"Dur\u00e9e de lecture estim\u00e9e":"6 minutes"},"schema":{"@context":"https:\/\/schema.org","@graph":[{"@type":"WebPage","@id":"https:\/\/expoexhibitionstands.eu\/fr\/stand-d-exposition","url":"https:\/\/expoexhibitionstands.eu\/fr\/stand-d-exposition","name":"Stand d'exposition | Cr\u00e9ation de stands sur mesure et modulaire","isPartOf":{"@id":"https:\/\/expoexhibitionstands.eu\/fr\/#website"},"datePublished":"2025-05-15T06:17:10+00:00","dateModified":"2025-08-11T09:23:48+00:00","description":"Vous avez besoin d'un stand pour un salon ou une exposition? Exemples des stands d'exposition cr\u00e9atifs. Vous trouverez ici plus de 1000 mod\u00e8les de stands, incluant le co\u00fbt de la location.","breadcrumb":{"@id":"https:\/\/expoexhibitionstands.eu\/fr\/stand-d-exposition#breadcrumb"},"inLanguage":"fr-FR","potentialAction":[{"@type":"ReadAction","target":["https:\/\/expoexhibitionstands.eu\/fr\/stand-d-exposition"]}]},{"@type":"BreadcrumbList","@id":"https:\/\/expoexhibitionstands.eu\/fr\/stand-d-exposition#breadcrumb","itemListElement":[{"@type":"ListItem","position":1,"name":"Home","item":"https:\/\/expoexhibitionstands.eu\/fr\/"},{"@type":"ListItem","position":2,"name":"Stand d&#8217;exposition"}]},{"@type":"WebSite","@id":"https:\/\/expoexhibitionstands.eu\/fr\/#website","url":"https:\/\/expoexhibitionstands.eu\/fr\/","name":"Expo Exhibition Stands","description":"","potentialAction":[{"@type":"SearchAction","target":{"@type":"EntryPoint","urlTemplate":"https:\/\/expoexhibitionstands.eu\/fr\/?s={search_term_string}"},"query-input":{"@type":"PropertyValueSpecification","valueRequired":true,"valueName":"search_term_string"}}],"inLanguage":"fr-FR"}]}},"_links":{"self":[{"href":"https:\/\/expoexhibitionstands.eu\/fr\/wp-json\/wp\/v2\/pages\/211734","targetHints":{"allow":["GET"]}}],"collection":[{"href":"https:\/\/expoexhibitionstands.eu\/fr\/wp-json\/wp\/v2\/pages"}],"about":[{"href":"https:\/\/expoexhibitionstands.eu\/fr\/wp-json\/wp\/v2\/types\/page"}],"author":[{"embeddable":true,"href":"https:\/\/expoexhibitionstands.eu\/fr\/wp-json\/wp\/v2\/users\/1"}],"replies":[{"embeddable":true,"href":"https:\/\/expoexhibitionstands.eu\/fr\/wp-json\/wp\/v2\/comments?post=211734"}],"version-history":[{"count":7,"href":"https:\/\/expoexhibitionstands.eu\/fr\/wp-json\/wp\/v2\/pages\/211734\/revisions"}],"predecessor-version":[{"id":215719,"href":"https:\/\/expoexhibitionstands.eu\/fr\/wp-json\/wp\/v2\/pages\/211734\/revisions\/215719"}],"wp:attachment":[{"href":"https:\/\/expoexhibitionstands.eu\/fr\/wp-json\/wp\/v2\/media?parent=211734"}],"curies":[{"name":"wp","href":"https:\/\/api.w.org\/{rel}","templated":true}]}}