

{"id":215220,"date":"2025-06-24T07:25:39","date_gmt":"2025-06-24T07:25:39","guid":{"rendered":"https:\/\/eeseude.expoexhibitionstands.it\/?page_id=215220"},"modified":"2025-06-24T07:36:01","modified_gmt":"2025-06-24T07:36:01","slug":"messestandbauer","status":"publish","type":"page","link":"https:\/\/expoexhibitionstands.eu\/de\/messestandbauer","title":{"rendered":"Messestandbauer"},"content":{"rendered":"","protected":false},"excerpt":{"rendered":"","protected":false},"author":3,"featured_media":0,"parent":0,"menu_order":0,"comment_status":"closed","ping_status":"closed","template":"template\/page-builder.php","meta":{"_acf_changed":false,"footnotes":""},"class_list":["post-215220","page","type-page","status-publish","hentry"],"acf":[],"yoast_head":"<!-- This site is optimized with the Yoast SEO plugin v27.1.1 - https:\/\/yoast.com\/product\/yoast-seo-wordpress\/ -->\n<title>Kreativ Messestand Bauer in Deutschland | Messestand Bauen<\/title>\n<meta name=\"description\" content=\"Expo Exhibition Stands \u2013 Zuverl\u00e4ssiger Messestandbauer in Deutschland. Seit \u00fcber 44 Jahren bieten wir hochwertige Messest\u00e4nde f\u00fcr Veranstaltungen in Europa.\" \/>\n<meta name=\"robots\" content=\"index, follow, max-snippet:-1, max-image-preview:large, max-video-preview:-1\" \/>\n<link rel=\"canonical\" href=\"https:\/\/expoexhibitionstands.eu\/de\/messestandbauer\" \/>\n<meta property=\"og:locale\" content=\"de_DE\" \/>\n<meta property=\"og:type\" content=\"article\" \/>\n<meta property=\"og:title\" content=\"Kreativ Messestand Bauer in Deutschland | Messestand Bauen\" \/>\n<meta property=\"og:description\" content=\"Expo Exhibition Stands \u2013 Zuverl\u00e4ssiger Messestandbauer in Deutschland. Seit \u00fcber 44 Jahren bieten wir hochwertige Messest\u00e4nde f\u00fcr Veranstaltungen in Europa.\" \/>\n<meta property=\"og:url\" content=\"https:\/\/expoexhibitionstands.eu\/de\/messestandbauer\" \/>\n<meta property=\"og:site_name\" content=\"Expo Exhibition Stands\" \/>\n<meta property=\"article:modified_time\" content=\"2025-06-24T07:36:01+00:00\" \/>\n<meta name=\"twitter:card\" content=\"summary_large_image\" \/>\n<meta name=\"twitter:label1\" content=\"Gesch\u00e4tzte Lesezeit\" \/>\n\t<meta name=\"twitter:data1\" content=\"9\u00a0Minuten\" \/>\n<script type=\"application\/ld+json\" class=\"yoast-schema-graph\">{\"@context\":\"https:\/\/schema.org\",\"@graph\":[{\"@type\":\"WebPage\",\"@id\":\"https:\/\/expoexhibitionstands.eu\/de\/messestandbauer\",\"url\":\"https:\/\/expoexhibitionstands.eu\/de\/messestandbauer\",\"name\":\"Kreativ Messestand Bauer in Deutschland | Messestand Bauen\",\"isPartOf\":{\"@id\":\"https:\/\/expoexhibitionstands.eu\/de\/#website\"},\"datePublished\":\"2025-06-24T07:25:39+00:00\",\"dateModified\":\"2025-06-24T07:36:01+00:00\",\"description\":\"Expo Exhibition Stands \u2013 Zuverl\u00e4ssiger Messestandbauer in Deutschland. Seit \u00fcber 44 Jahren bieten wir hochwertige Messest\u00e4nde f\u00fcr Veranstaltungen in Europa.\",\"breadcrumb\":{\"@id\":\"https:\/\/expoexhibitionstands.eu\/de\/messestandbauer#breadcrumb\"},\"inLanguage\":\"de\",\"potentialAction\":[{\"@type\":\"ReadAction\",\"target\":[\"https:\/\/expoexhibitionstands.eu\/de\/messestandbauer\"]}]},{\"@type\":\"BreadcrumbList\",\"@id\":\"https:\/\/expoexhibitionstands.eu\/de\/messestandbauer#breadcrumb\",\"itemListElement\":[{\"@type\":\"ListItem\",\"position\":1,\"name\":\"Home\",\"item\":\"https:\/\/expoexhibitionstands.eu\/de\/\"},{\"@type\":\"ListItem\",\"position\":2,\"name\":\"Messestandbauer\"}]},{\"@type\":\"WebSite\",\"@id\":\"https:\/\/expoexhibitionstands.eu\/de\/#website\",\"url\":\"https:\/\/expoexhibitionstands.eu\/de\/\",\"name\":\"Expo Exhibition Stands\",\"description\":\"\",\"publisher\":{\"@id\":\"https:\/\/expoexhibitionstands.eu\/de\/#organization\"},\"potentialAction\":[{\"@type\":\"SearchAction\",\"target\":{\"@type\":\"EntryPoint\",\"urlTemplate\":\"https:\/\/expoexhibitionstands.eu\/de\/?s={search_term_string}\"},\"query-input\":{\"@type\":\"PropertyValueSpecification\",\"valueRequired\":true,\"valueName\":\"search_term_string\"}}],\"inLanguage\":\"de\"},{\"@type\":\"Organization\",\"@id\":\"https:\/\/expoexhibitionstands.eu\/de\/#organization\",\"name\":\"Expo Exhibition Stands\",\"url\":\"https:\/\/expoexhibitionstands.eu\/de\/\",\"logo\":{\"@type\":\"ImageObject\",\"inLanguage\":\"de\",\"@id\":\"https:\/\/expoexhibitionstands.eu\/de\/#\/schema\/logo\/image\/\",\"url\":\"https:\/\/expoexhibitionstands.eu\/de\/wp-content\/uploads\/2023\/12\/logo-1-2.png\",\"contentUrl\":\"https:\/\/expoexhibitionstands.eu\/de\/wp-content\/uploads\/2023\/12\/logo-1-2.png\",\"width\":170,\"height\":109,\"caption\":\"Expo Exhibition Stands\"},\"image\":{\"@id\":\"https:\/\/expoexhibitionstands.eu\/de\/#\/schema\/logo\/image\/\"}}]}<\/script>\n<!-- \/ Yoast SEO plugin. -->","yoast_head_json":{"title":"Kreativ Messestand Bauer in Deutschland | Messestand Bauen","description":"Expo Exhibition Stands \u2013 Zuverl\u00e4ssiger Messestandbauer in Deutschland. Seit \u00fcber 44 Jahren bieten wir hochwertige Messest\u00e4nde f\u00fcr Veranstaltungen in Europa.","robots":{"index":"index","follow":"follow","max-snippet":"max-snippet:-1","max-image-preview":"max-image-preview:large","max-video-preview":"max-video-preview:-1"},"canonical":"https:\/\/expoexhibitionstands.eu\/de\/messestandbauer","og_locale":"de_DE","og_type":"article","og_title":"Kreativ Messestand Bauer in Deutschland | Messestand Bauen","og_description":"Expo Exhibition Stands \u2013 Zuverl\u00e4ssiger Messestandbauer in Deutschland. Seit \u00fcber 44 Jahren bieten wir hochwertige Messest\u00e4nde f\u00fcr Veranstaltungen in Europa.","og_url":"https:\/\/expoexhibitionstands.eu\/de\/messestandbauer","og_site_name":"Expo Exhibition Stands","article_modified_time":"2025-06-24T07:36:01+00:00","twitter_card":"summary_large_image","twitter_misc":{"Gesch\u00e4tzte Lesezeit":"9\u00a0Minuten"},"schema":{"@context":"https:\/\/schema.org","@graph":[{"@type":"WebPage","@id":"https:\/\/expoexhibitionstands.eu\/de\/messestandbauer","url":"https:\/\/expoexhibitionstands.eu\/de\/messestandbauer","name":"Kreativ Messestand Bauer in Deutschland | Messestand Bauen","isPartOf":{"@id":"https:\/\/expoexhibitionstands.eu\/de\/#website"},"datePublished":"2025-06-24T07:25:39+00:00","dateModified":"2025-06-24T07:36:01+00:00","description":"Expo Exhibition Stands \u2013 Zuverl\u00e4ssiger Messestandbauer in Deutschland. Seit \u00fcber 44 Jahren bieten wir hochwertige Messest\u00e4nde f\u00fcr Veranstaltungen in Europa.","breadcrumb":{"@id":"https:\/\/expoexhibitionstands.eu\/de\/messestandbauer#breadcrumb"},"inLanguage":"de","potentialAction":[{"@type":"ReadAction","target":["https:\/\/expoexhibitionstands.eu\/de\/messestandbauer"]}]},{"@type":"BreadcrumbList","@id":"https:\/\/expoexhibitionstands.eu\/de\/messestandbauer#breadcrumb","itemListElement":[{"@type":"ListItem","position":1,"name":"Home","item":"https:\/\/expoexhibitionstands.eu\/de\/"},{"@type":"ListItem","position":2,"name":"Messestandbauer"}]},{"@type":"WebSite","@id":"https:\/\/expoexhibitionstands.eu\/de\/#website","url":"https:\/\/expoexhibitionstands.eu\/de\/","name":"Expo Exhibition Stands","description":"","publisher":{"@id":"https:\/\/expoexhibitionstands.eu\/de\/#organization"},"potentialAction":[{"@type":"SearchAction","target":{"@type":"EntryPoint","urlTemplate":"https:\/\/expoexhibitionstands.eu\/de\/?s={search_term_string}"},"query-input":{"@type":"PropertyValueSpecification","valueRequired":true,"valueName":"search_term_string"}}],"inLanguage":"de"},{"@type":"Organization","@id":"https:\/\/expoexhibitionstands.eu\/de\/#organization","name":"Expo Exhibition Stands","url":"https:\/\/expoexhibitionstands.eu\/de\/","logo":{"@type":"ImageObject","inLanguage":"de","@id":"https:\/\/expoexhibitionstands.eu\/de\/#\/schema\/logo\/image\/","url":"https:\/\/expoexhibitionstands.eu\/de\/wp-content\/uploads\/2023\/12\/logo-1-2.png","contentUrl":"https:\/\/expoexhibitionstands.eu\/de\/wp-content\/uploads\/2023\/12\/logo-1-2.png","width":170,"height":109,"caption":"Expo Exhibition Stands"},"image":{"@id":"https:\/\/expoexhibitionstands.eu\/de\/#\/schema\/logo\/image\/"}}]}},"_links":{"self":[{"href":"https:\/\/expoexhibitionstands.eu\/de\/wp-json\/wp\/v2\/pages\/215220","targetHints":{"allow":["GET"]}}],"collection":[{"href":"https:\/\/expoexhibitionstands.eu\/de\/wp-json\/wp\/v2\/pages"}],"about":[{"href":"https:\/\/expoexhibitionstands.eu\/de\/wp-json\/wp\/v2\/types\/page"}],"author":[{"embeddable":true,"href":"https:\/\/expoexhibitionstands.eu\/de\/wp-json\/wp\/v2\/users\/3"}],"replies":[{"embeddable":true,"href":"https:\/\/expoexhibitionstands.eu\/de\/wp-json\/wp\/v2\/comments?post=215220"}],"version-history":[{"count":0,"href":"https:\/\/expoexhibitionstands.eu\/de\/wp-json\/wp\/v2\/pages\/215220\/revisions"}],"wp:attachment":[{"href":"https:\/\/expoexhibitionstands.eu\/de\/wp-json\/wp\/v2\/media?parent=215220"}],"curies":[{"name":"wp","href":"https:\/\/api.w.org\/{rel}","templated":true}]}}