

{"id":212847,"date":"2025-05-26T09:54:19","date_gmt":"2025-05-26T09:54:19","guid":{"rendered":"https:\/\/eeseude.expoexhibitionstands.it\/?page_id=212847"},"modified":"2025-06-26T10:20:59","modified_gmt":"2025-06-26T10:20:59","slug":"modular-messestande","status":"publish","type":"page","link":"https:\/\/expoexhibitionstands.eu\/de\/modular-messestande","title":{"rendered":"Modular Messest\u00e4nde"},"content":{"rendered":"","protected":false},"excerpt":{"rendered":"","protected":false},"author":3,"featured_media":0,"parent":0,"menu_order":0,"comment_status":"closed","ping_status":"closed","template":"template\/page-builder.php","meta":{"_acf_changed":false,"footnotes":""},"class_list":["post-212847","page","type-page","status-publish","hentry"],"acf":[],"yoast_head":"<!-- This site is optimized with the Yoast SEO plugin v27.1.1 - https:\/\/yoast.com\/product\/yoast-seo-wordpress\/ -->\n<title>Modulare Messest\u00e4nde<\/title>\n<meta name=\"description\" content=\"Ein modularer Messestand von Expo Exhibition Stands ist definitiv die richtige Wahl f\u00fcr Ihren Messeauftritt. Wir bieten \u00fcber 1000 Designs f\u00fcr modulare Messest\u00e4nde f\u00fcr Ihren erfolgreichen Messeauftritt. Rufen Sie uns an unter 49 6173 7829 520.\" \/>\n<meta name=\"robots\" content=\"index, follow, max-snippet:-1, max-image-preview:large, max-video-preview:-1\" \/>\n<link rel=\"canonical\" href=\"https:\/\/expoexhibitionstands.eu\/de\/modular-messestande\" \/>\n<meta property=\"og:locale\" content=\"de_DE\" \/>\n<meta property=\"og:type\" content=\"article\" \/>\n<meta property=\"og:title\" content=\"Modulare Messest\u00e4nde\" \/>\n<meta property=\"og:description\" content=\"Ein modularer Messestand von Expo Exhibition Stands ist definitiv die richtige Wahl f\u00fcr Ihren Messeauftritt. Wir bieten \u00fcber 1000 Designs f\u00fcr modulare Messest\u00e4nde f\u00fcr Ihren erfolgreichen Messeauftritt. Rufen Sie uns an unter 49 6173 7829 520.\" \/>\n<meta property=\"og:url\" content=\"https:\/\/expoexhibitionstands.eu\/de\/modular-messestande\" \/>\n<meta property=\"og:site_name\" content=\"Expo Exhibition Stands\" \/>\n<meta property=\"article:modified_time\" content=\"2025-06-26T10:20:59+00:00\" \/>\n<meta name=\"twitter:card\" content=\"summary_large_image\" \/>\n<meta name=\"twitter:label1\" content=\"Gesch\u00e4tzte Lesezeit\" \/>\n\t<meta name=\"twitter:data1\" content=\"17\u00a0Minuten\" \/>\n<script type=\"application\/ld+json\" class=\"yoast-schema-graph\">{\"@context\":\"https:\/\/schema.org\",\"@graph\":[{\"@type\":\"WebPage\",\"@id\":\"https:\/\/expoexhibitionstands.eu\/de\/modular-messestande\",\"url\":\"https:\/\/expoexhibitionstands.eu\/de\/modular-messestande\",\"name\":\"Modulare Messest\u00e4nde\",\"isPartOf\":{\"@id\":\"https:\/\/expoexhibitionstands.eu\/de\/#website\"},\"datePublished\":\"2025-05-26T09:54:19+00:00\",\"dateModified\":\"2025-06-26T10:20:59+00:00\",\"description\":\"Ein modularer Messestand von Expo Exhibition Stands ist definitiv die richtige Wahl f\u00fcr Ihren Messeauftritt. Wir bieten \u00fcber 1000 Designs f\u00fcr modulare Messest\u00e4nde f\u00fcr Ihren erfolgreichen Messeauftritt. Rufen Sie uns an unter 49 6173 7829 520.\",\"breadcrumb\":{\"@id\":\"https:\/\/expoexhibitionstands.eu\/de\/modular-messestande#breadcrumb\"},\"inLanguage\":\"de\",\"potentialAction\":[{\"@type\":\"ReadAction\",\"target\":[\"https:\/\/expoexhibitionstands.eu\/de\/modular-messestande\"]}]},{\"@type\":\"BreadcrumbList\",\"@id\":\"https:\/\/expoexhibitionstands.eu\/de\/modular-messestande#breadcrumb\",\"itemListElement\":[{\"@type\":\"ListItem\",\"position\":1,\"name\":\"Home\",\"item\":\"https:\/\/expoexhibitionstands.eu\/de\/\"},{\"@type\":\"ListItem\",\"position\":2,\"name\":\"Modular Messest\u00e4nde\"}]},{\"@type\":\"WebSite\",\"@id\":\"https:\/\/expoexhibitionstands.eu\/de\/#website\",\"url\":\"https:\/\/expoexhibitionstands.eu\/de\/\",\"name\":\"Expo Exhibition Stands\",\"description\":\"\",\"publisher\":{\"@id\":\"https:\/\/expoexhibitionstands.eu\/de\/#organization\"},\"potentialAction\":[{\"@type\":\"SearchAction\",\"target\":{\"@type\":\"EntryPoint\",\"urlTemplate\":\"https:\/\/expoexhibitionstands.eu\/de\/?s={search_term_string}\"},\"query-input\":{\"@type\":\"PropertyValueSpecification\",\"valueRequired\":true,\"valueName\":\"search_term_string\"}}],\"inLanguage\":\"de\"},{\"@type\":\"Organization\",\"@id\":\"https:\/\/expoexhibitionstands.eu\/de\/#organization\",\"name\":\"Expo Exhibition Stands\",\"url\":\"https:\/\/expoexhibitionstands.eu\/de\/\",\"logo\":{\"@type\":\"ImageObject\",\"inLanguage\":\"de\",\"@id\":\"https:\/\/expoexhibitionstands.eu\/de\/#\/schema\/logo\/image\/\",\"url\":\"https:\/\/expoexhibitionstands.eu\/de\/wp-content\/uploads\/2023\/12\/logo-1-2.png\",\"contentUrl\":\"https:\/\/expoexhibitionstands.eu\/de\/wp-content\/uploads\/2023\/12\/logo-1-2.png\",\"width\":170,\"height\":109,\"caption\":\"Expo Exhibition Stands\"},\"image\":{\"@id\":\"https:\/\/expoexhibitionstands.eu\/de\/#\/schema\/logo\/image\/\"}}]}<\/script>\n<!-- \/ Yoast SEO plugin. -->","yoast_head_json":{"title":"Modulare Messest\u00e4nde","description":"Ein modularer Messestand von Expo Exhibition Stands ist definitiv die richtige Wahl f\u00fcr Ihren Messeauftritt. Wir bieten \u00fcber 1000 Designs f\u00fcr modulare Messest\u00e4nde f\u00fcr Ihren erfolgreichen Messeauftritt. Rufen Sie uns an unter 49 6173 7829 520.","robots":{"index":"index","follow":"follow","max-snippet":"max-snippet:-1","max-image-preview":"max-image-preview:large","max-video-preview":"max-video-preview:-1"},"canonical":"https:\/\/expoexhibitionstands.eu\/de\/modular-messestande","og_locale":"de_DE","og_type":"article","og_title":"Modulare Messest\u00e4nde","og_description":"Ein modularer Messestand von Expo Exhibition Stands ist definitiv die richtige Wahl f\u00fcr Ihren Messeauftritt. Wir bieten \u00fcber 1000 Designs f\u00fcr modulare Messest\u00e4nde f\u00fcr Ihren erfolgreichen Messeauftritt. Rufen Sie uns an unter 49 6173 7829 520.","og_url":"https:\/\/expoexhibitionstands.eu\/de\/modular-messestande","og_site_name":"Expo Exhibition Stands","article_modified_time":"2025-06-26T10:20:59+00:00","twitter_card":"summary_large_image","twitter_misc":{"Gesch\u00e4tzte Lesezeit":"17\u00a0Minuten"},"schema":{"@context":"https:\/\/schema.org","@graph":[{"@type":"WebPage","@id":"https:\/\/expoexhibitionstands.eu\/de\/modular-messestande","url":"https:\/\/expoexhibitionstands.eu\/de\/modular-messestande","name":"Modulare Messest\u00e4nde","isPartOf":{"@id":"https:\/\/expoexhibitionstands.eu\/de\/#website"},"datePublished":"2025-05-26T09:54:19+00:00","dateModified":"2025-06-26T10:20:59+00:00","description":"Ein modularer Messestand von Expo Exhibition Stands ist definitiv die richtige Wahl f\u00fcr Ihren Messeauftritt. Wir bieten \u00fcber 1000 Designs f\u00fcr modulare Messest\u00e4nde f\u00fcr Ihren erfolgreichen Messeauftritt. Rufen Sie uns an unter 49 6173 7829 520.","breadcrumb":{"@id":"https:\/\/expoexhibitionstands.eu\/de\/modular-messestande#breadcrumb"},"inLanguage":"de","potentialAction":[{"@type":"ReadAction","target":["https:\/\/expoexhibitionstands.eu\/de\/modular-messestande"]}]},{"@type":"BreadcrumbList","@id":"https:\/\/expoexhibitionstands.eu\/de\/modular-messestande#breadcrumb","itemListElement":[{"@type":"ListItem","position":1,"name":"Home","item":"https:\/\/expoexhibitionstands.eu\/de\/"},{"@type":"ListItem","position":2,"name":"Modular Messest\u00e4nde"}]},{"@type":"WebSite","@id":"https:\/\/expoexhibitionstands.eu\/de\/#website","url":"https:\/\/expoexhibitionstands.eu\/de\/","name":"Expo Exhibition Stands","description":"","publisher":{"@id":"https:\/\/expoexhibitionstands.eu\/de\/#organization"},"potentialAction":[{"@type":"SearchAction","target":{"@type":"EntryPoint","urlTemplate":"https:\/\/expoexhibitionstands.eu\/de\/?s={search_term_string}"},"query-input":{"@type":"PropertyValueSpecification","valueRequired":true,"valueName":"search_term_string"}}],"inLanguage":"de"},{"@type":"Organization","@id":"https:\/\/expoexhibitionstands.eu\/de\/#organization","name":"Expo Exhibition Stands","url":"https:\/\/expoexhibitionstands.eu\/de\/","logo":{"@type":"ImageObject","inLanguage":"de","@id":"https:\/\/expoexhibitionstands.eu\/de\/#\/schema\/logo\/image\/","url":"https:\/\/expoexhibitionstands.eu\/de\/wp-content\/uploads\/2023\/12\/logo-1-2.png","contentUrl":"https:\/\/expoexhibitionstands.eu\/de\/wp-content\/uploads\/2023\/12\/logo-1-2.png","width":170,"height":109,"caption":"Expo Exhibition Stands"},"image":{"@id":"https:\/\/expoexhibitionstands.eu\/de\/#\/schema\/logo\/image\/"}}]}},"_links":{"self":[{"href":"https:\/\/expoexhibitionstands.eu\/de\/wp-json\/wp\/v2\/pages\/212847","targetHints":{"allow":["GET"]}}],"collection":[{"href":"https:\/\/expoexhibitionstands.eu\/de\/wp-json\/wp\/v2\/pages"}],"about":[{"href":"https:\/\/expoexhibitionstands.eu\/de\/wp-json\/wp\/v2\/types\/page"}],"author":[{"embeddable":true,"href":"https:\/\/expoexhibitionstands.eu\/de\/wp-json\/wp\/v2\/users\/3"}],"replies":[{"embeddable":true,"href":"https:\/\/expoexhibitionstands.eu\/de\/wp-json\/wp\/v2\/comments?post=212847"}],"version-history":[{"count":0,"href":"https:\/\/expoexhibitionstands.eu\/de\/wp-json\/wp\/v2\/pages\/212847\/revisions"}],"wp:attachment":[{"href":"https:\/\/expoexhibitionstands.eu\/de\/wp-json\/wp\/v2\/media?parent=212847"}],"curies":[{"name":"wp","href":"https:\/\/api.w.org\/{rel}","templated":true}]}}