{"id":215405,"date":"2025-06-27T10:36:46","date_gmt":"2025-06-27T10:36:46","guid":{"rendered":"https:\/\/eeseude.expoexhibitionstands.it\/?page_id=215405"},"modified":"2025-08-08T09:53:12","modified_gmt":"2025-08-08T09:53:12","slug":"messestande-beispiele","status":"publish","type":"page","link":"https:\/\/expoexhibitionstands.eu\/ch\/messestande-beispiele","title":{"rendered":"Messestand Beispiele"},"content":{"rendered":"","protected":false},"excerpt":{"rendered":"","protected":false},"author":3,"featured_media":0,"parent":0,"menu_order":0,"comment_status":"closed","ping_status":"closed","template":"template\/page-builder.php","meta":{"_acf_changed":false,"footnotes":""},"class_list":["post-215405","page","type-page","status-publish","hentry"],"acf":[],"yoast_head":"<!-- This site is optimized with the Yoast SEO plugin v27.3 - https:\/\/yoast.com\/product\/yoast-seo-wordpress\/ -->\n<title>Messest\u00e4nde Beispiel | Messestand inklusive Preisen zum Kauf oder zur Miete<\/title>\n<meta name=\"description\" content=\"Hier finden Sie viele verschiedene Beispiele f\u00fcr Messest\u00e4nde von Expo Exhibition Stands. Vom gro\u00dfen bis zum kleinen Messestand. Unsere Messestand Beispiele sind inklusive Preisen zum Kauf oder zur Miete.\" \/>\n<meta name=\"robots\" content=\"index, follow, max-snippet:-1, max-image-preview:large, max-video-preview:-1\" \/>\n<link rel=\"canonical\" href=\"https:\/\/expoexhibitionstands.eu\/ch\/messestande-beispiele\" \/>\n<meta property=\"og:locale\" content=\"de_DE\" \/>\n<meta property=\"og:type\" content=\"article\" \/>\n<meta property=\"og:title\" content=\"Messest\u00e4nde Beispiel | Messestand inklusive Preisen zum Kauf oder zur Miete\" \/>\n<meta property=\"og:description\" content=\"Hier finden Sie viele verschiedene Beispiele f\u00fcr Messest\u00e4nde von Expo Exhibition Stands. Vom gro\u00dfen bis zum kleinen Messestand. Unsere Messestand Beispiele sind inklusive Preisen zum Kauf oder zur Miete.\" \/>\n<meta property=\"og:url\" content=\"https:\/\/expoexhibitionstands.eu\/ch\/messestande-beispiele\" \/>\n<meta property=\"og:site_name\" content=\"Expo Exhibition Stands\" \/>\n<meta property=\"article:modified_time\" content=\"2025-08-08T09:53:12+00:00\" \/>\n<meta name=\"twitter:card\" content=\"summary_large_image\" \/>\n<meta name=\"twitter:label1\" content=\"Gesch\u00e4tzte Lesezeit\" \/>\n\t<meta name=\"twitter:data1\" content=\"10\u00a0Minuten\" \/>\n<script type=\"application\/ld+json\" class=\"yoast-schema-graph\">{\"@context\":\"https:\\\/\\\/schema.org\",\"@graph\":[{\"@type\":\"WebPage\",\"@id\":\"https:\\\/\\\/expoexhibitionstands.eu\\\/ch\\\/messestande-beispiele\",\"url\":\"https:\\\/\\\/expoexhibitionstands.eu\\\/ch\\\/messestande-beispiele\",\"name\":\"Messest\u00e4nde Beispiel | Messestand inklusive Preisen zum Kauf oder zur Miete\",\"isPartOf\":{\"@id\":\"https:\\\/\\\/expoexhibitionstands.eu\\\/ch\\\/#website\"},\"datePublished\":\"2025-06-27T10:36:46+00:00\",\"dateModified\":\"2025-08-08T09:53:12+00:00\",\"description\":\"Hier finden Sie viele verschiedene Beispiele f\u00fcr Messest\u00e4nde von Expo Exhibition Stands. Vom gro\u00dfen bis zum kleinen Messestand. Unsere Messestand Beispiele sind inklusive Preisen zum Kauf oder zur Miete.\",\"breadcrumb\":{\"@id\":\"https:\\\/\\\/expoexhibitionstands.eu\\\/ch\\\/messestande-beispiele#breadcrumb\"},\"inLanguage\":\"de\",\"potentialAction\":[{\"@type\":\"ReadAction\",\"target\":[\"https:\\\/\\\/expoexhibitionstands.eu\\\/ch\\\/messestande-beispiele\"]}]},{\"@type\":\"BreadcrumbList\",\"@id\":\"https:\\\/\\\/expoexhibitionstands.eu\\\/ch\\\/messestande-beispiele#breadcrumb\",\"itemListElement\":[{\"@type\":\"ListItem\",\"position\":1,\"name\":\"Home\",\"item\":\"https:\\\/\\\/expoexhibitionstands.eu\\\/ch\\\/\"},{\"@type\":\"ListItem\",\"position\":2,\"name\":\"Messestand Beispiele\"}]},{\"@type\":\"WebSite\",\"@id\":\"https:\\\/\\\/expoexhibitionstands.eu\\\/ch\\\/#website\",\"url\":\"https:\\\/\\\/expoexhibitionstands.eu\\\/ch\\\/\",\"name\":\"Expo Exhibition Stands\",\"description\":\"\",\"potentialAction\":[{\"@type\":\"SearchAction\",\"target\":{\"@type\":\"EntryPoint\",\"urlTemplate\":\"https:\\\/\\\/expoexhibitionstands.eu\\\/ch\\\/?s={search_term_string}\"},\"query-input\":{\"@type\":\"PropertyValueSpecification\",\"valueRequired\":true,\"valueName\":\"search_term_string\"}}],\"inLanguage\":\"de\"}]}<\/script>\n<!-- \/ Yoast SEO plugin. -->","yoast_head_json":{"title":"Messest\u00e4nde Beispiel | Messestand inklusive Preisen zum Kauf oder zur Miete","description":"Hier finden Sie viele verschiedene Beispiele f\u00fcr Messest\u00e4nde von Expo Exhibition Stands. Vom gro\u00dfen bis zum kleinen Messestand. Unsere Messestand Beispiele sind inklusive Preisen zum Kauf oder zur Miete.","robots":{"index":"index","follow":"follow","max-snippet":"max-snippet:-1","max-image-preview":"max-image-preview:large","max-video-preview":"max-video-preview:-1"},"canonical":"https:\/\/expoexhibitionstands.eu\/ch\/messestande-beispiele","og_locale":"de_DE","og_type":"article","og_title":"Messest\u00e4nde Beispiel | Messestand inklusive Preisen zum Kauf oder zur Miete","og_description":"Hier finden Sie viele verschiedene Beispiele f\u00fcr Messest\u00e4nde von Expo Exhibition Stands. Vom gro\u00dfen bis zum kleinen Messestand. Unsere Messestand Beispiele sind inklusive Preisen zum Kauf oder zur Miete.","og_url":"https:\/\/expoexhibitionstands.eu\/ch\/messestande-beispiele","og_site_name":"Expo Exhibition Stands","article_modified_time":"2025-08-08T09:53:12+00:00","twitter_card":"summary_large_image","twitter_misc":{"Gesch\u00e4tzte Lesezeit":"10\u00a0Minuten"},"schema":{"@context":"https:\/\/schema.org","@graph":[{"@type":"WebPage","@id":"https:\/\/expoexhibitionstands.eu\/ch\/messestande-beispiele","url":"https:\/\/expoexhibitionstands.eu\/ch\/messestande-beispiele","name":"Messest\u00e4nde Beispiel | Messestand inklusive Preisen zum Kauf oder zur Miete","isPartOf":{"@id":"https:\/\/expoexhibitionstands.eu\/ch\/#website"},"datePublished":"2025-06-27T10:36:46+00:00","dateModified":"2025-08-08T09:53:12+00:00","description":"Hier finden Sie viele verschiedene Beispiele f\u00fcr Messest\u00e4nde von Expo Exhibition Stands. Vom gro\u00dfen bis zum kleinen Messestand. Unsere Messestand Beispiele sind inklusive Preisen zum Kauf oder zur Miete.","breadcrumb":{"@id":"https:\/\/expoexhibitionstands.eu\/ch\/messestande-beispiele#breadcrumb"},"inLanguage":"de","potentialAction":[{"@type":"ReadAction","target":["https:\/\/expoexhibitionstands.eu\/ch\/messestande-beispiele"]}]},{"@type":"BreadcrumbList","@id":"https:\/\/expoexhibitionstands.eu\/ch\/messestande-beispiele#breadcrumb","itemListElement":[{"@type":"ListItem","position":1,"name":"Home","item":"https:\/\/expoexhibitionstands.eu\/ch\/"},{"@type":"ListItem","position":2,"name":"Messestand Beispiele"}]},{"@type":"WebSite","@id":"https:\/\/expoexhibitionstands.eu\/ch\/#website","url":"https:\/\/expoexhibitionstands.eu\/ch\/","name":"Expo Exhibition Stands","description":"","potentialAction":[{"@type":"SearchAction","target":{"@type":"EntryPoint","urlTemplate":"https:\/\/expoexhibitionstands.eu\/ch\/?s={search_term_string}"},"query-input":{"@type":"PropertyValueSpecification","valueRequired":true,"valueName":"search_term_string"}}],"inLanguage":"de"}]}},"_links":{"self":[{"href":"https:\/\/expoexhibitionstands.eu\/ch\/wp-json\/wp\/v2\/pages\/215405","targetHints":{"allow":["GET"]}}],"collection":[{"href":"https:\/\/expoexhibitionstands.eu\/ch\/wp-json\/wp\/v2\/pages"}],"about":[{"href":"https:\/\/expoexhibitionstands.eu\/ch\/wp-json\/wp\/v2\/types\/page"}],"author":[{"embeddable":true,"href":"https:\/\/expoexhibitionstands.eu\/ch\/wp-json\/wp\/v2\/users\/3"}],"replies":[{"embeddable":true,"href":"https:\/\/expoexhibitionstands.eu\/ch\/wp-json\/wp\/v2\/comments?post=215405"}],"version-history":[{"count":4,"href":"https:\/\/expoexhibitionstands.eu\/ch\/wp-json\/wp\/v2\/pages\/215405\/revisions"}],"predecessor-version":[{"id":215438,"href":"https:\/\/expoexhibitionstands.eu\/ch\/wp-json\/wp\/v2\/pages\/215405\/revisions\/215438"}],"wp:attachment":[{"href":"https:\/\/expoexhibitionstands.eu\/ch\/wp-json\/wp\/v2\/media?parent=215405"}],"curies":[{"name":"wp","href":"https:\/\/api.w.org\/{rel}","templated":true}]}}