{"id":213710,"date":"2025-05-28T10:57:03","date_gmt":"2025-05-28T10:57:03","guid":{"rendered":"https:\/\/eeseude.expoexhibitionstands.it\/?page_id=213710"},"modified":"2025-12-09T12:12:05","modified_gmt":"2025-12-09T12:12:05","slug":"rackspace-messestand-bei-cloud-expo-europe","status":"publish","type":"page","link":"https:\/\/expoexhibitionstands.eu\/ch\/portfolio\/case-studies\/rackspace-messestand-bei-cloud-expo-europe","title":{"rendered":"Rackspace Messestand Bei Cloud Expo Europe"},"content":{"rendered":"","protected":false},"excerpt":{"rendered":"","protected":false},"author":3,"featured_media":0,"parent":212140,"menu_order":0,"comment_status":"closed","ping_status":"closed","template":"template\/page-builder.php","meta":{"_acf_changed":false,"footnotes":""},"class_list":["post-213710","page","type-page","status-publish","hentry"],"acf":[],"yoast_head":"<!-- This site is optimized with the Yoast SEO plugin v27.3 - https:\/\/yoast.com\/product\/yoast-seo-wordpress\/ -->\n<title>Rackspace \u2013 zeigt starke Marktpr\u00e4senz an der Cloud Expo Europe<\/title>\n<meta name=\"description\" content=\"F\u00fcr den Messebau wandte sich Rackspace an Expo Exhibition Stands und w\u00e4hlte mithilfe des Messestand Konfigurators einen passenden Messestand\" \/>\n<meta name=\"robots\" content=\"index, follow, max-snippet:-1, max-image-preview:large, max-video-preview:-1\" \/>\n<link rel=\"canonical\" href=\"https:\/\/expoexhibitionstands.eu\/ch\/portfolio\/case-studies\/rackspace-messestand-bei-cloud-expo-europe\" \/>\n<meta property=\"og:locale\" content=\"de_DE\" \/>\n<meta property=\"og:type\" content=\"article\" \/>\n<meta property=\"og:title\" content=\"Rackspace \u2013 zeigt starke Marktpr\u00e4senz an der Cloud Expo Europe\" \/>\n<meta property=\"og:description\" content=\"F\u00fcr den Messebau wandte sich Rackspace an Expo Exhibition Stands und w\u00e4hlte mithilfe des Messestand Konfigurators einen passenden Messestand\" \/>\n<meta property=\"og:url\" content=\"https:\/\/expoexhibitionstands.eu\/ch\/portfolio\/case-studies\/rackspace-messestand-bei-cloud-expo-europe\" \/>\n<meta property=\"og:site_name\" content=\"Expo Exhibition Stands\" \/>\n<meta property=\"article:modified_time\" content=\"2025-12-09T12:12:05+00:00\" \/>\n<meta name=\"twitter:card\" content=\"summary_large_image\" \/>\n<meta name=\"twitter:label1\" content=\"Gesch\u00e4tzte Lesezeit\" \/>\n\t<meta name=\"twitter:data1\" content=\"2\u00a0Minuten\" \/>\n<script type=\"application\/ld+json\" class=\"yoast-schema-graph\">{\"@context\":\"https:\\\/\\\/schema.org\",\"@graph\":[{\"@type\":\"WebPage\",\"@id\":\"https:\\\/\\\/expoexhibitionstands.eu\\\/ch\\\/portfolio\\\/case-studies\\\/rackspace-messestand-bei-cloud-expo-europe\",\"url\":\"https:\\\/\\\/expoexhibitionstands.eu\\\/ch\\\/portfolio\\\/case-studies\\\/rackspace-messestand-bei-cloud-expo-europe\",\"name\":\"Rackspace \u2013 zeigt starke Marktpr\u00e4senz an der Cloud Expo Europe\",\"isPartOf\":{\"@id\":\"https:\\\/\\\/expoexhibitionstands.eu\\\/ch\\\/#website\"},\"datePublished\":\"2025-05-28T10:57:03+00:00\",\"dateModified\":\"2025-12-09T12:12:05+00:00\",\"description\":\"F\u00fcr den Messebau wandte sich Rackspace an Expo Exhibition Stands und w\u00e4hlte mithilfe des Messestand Konfigurators einen passenden Messestand\",\"breadcrumb\":{\"@id\":\"https:\\\/\\\/expoexhibitionstands.eu\\\/ch\\\/portfolio\\\/case-studies\\\/rackspace-messestand-bei-cloud-expo-europe#breadcrumb\"},\"inLanguage\":\"de\",\"potentialAction\":[{\"@type\":\"ReadAction\",\"target\":[\"https:\\\/\\\/expoexhibitionstands.eu\\\/ch\\\/portfolio\\\/case-studies\\\/rackspace-messestand-bei-cloud-expo-europe\"]}]},{\"@type\":\"BreadcrumbList\",\"@id\":\"https:\\\/\\\/expoexhibitionstands.eu\\\/ch\\\/portfolio\\\/case-studies\\\/rackspace-messestand-bei-cloud-expo-europe#breadcrumb\",\"itemListElement\":[{\"@type\":\"ListItem\",\"position\":1,\"name\":\"Home\",\"item\":\"https:\\\/\\\/expoexhibitionstands.eu\\\/ch\\\/\"},{\"@type\":\"ListItem\",\"position\":2,\"name\":\"Referenzen\",\"item\":\"https:\\\/\\\/expoexhibitionstands.eu\\\/ch\\\/portfolio\"},{\"@type\":\"ListItem\",\"position\":3,\"name\":\"Case Studies\",\"item\":\"https:\\\/\\\/expoexhibitionstands.eu\\\/ch\\\/portfolio\\\/case-studies\"},{\"@type\":\"ListItem\",\"position\":4,\"name\":\"Rackspace Messestand Bei Cloud Expo Europe\"}]},{\"@type\":\"WebSite\",\"@id\":\"https:\\\/\\\/expoexhibitionstands.eu\\\/ch\\\/#website\",\"url\":\"https:\\\/\\\/expoexhibitionstands.eu\\\/ch\\\/\",\"name\":\"Expo Exhibition Stands\",\"description\":\"\",\"potentialAction\":[{\"@type\":\"SearchAction\",\"target\":{\"@type\":\"EntryPoint\",\"urlTemplate\":\"https:\\\/\\\/expoexhibitionstands.eu\\\/ch\\\/?s={search_term_string}\"},\"query-input\":{\"@type\":\"PropertyValueSpecification\",\"valueRequired\":true,\"valueName\":\"search_term_string\"}}],\"inLanguage\":\"de\"}]}<\/script>\n<!-- \/ Yoast SEO plugin. -->","yoast_head_json":{"title":"Rackspace \u2013 zeigt starke Marktpr\u00e4senz an der Cloud Expo Europe","description":"F\u00fcr den Messebau wandte sich Rackspace an Expo Exhibition Stands und w\u00e4hlte mithilfe des Messestand Konfigurators einen passenden Messestand","robots":{"index":"index","follow":"follow","max-snippet":"max-snippet:-1","max-image-preview":"max-image-preview:large","max-video-preview":"max-video-preview:-1"},"canonical":"https:\/\/expoexhibitionstands.eu\/ch\/portfolio\/case-studies\/rackspace-messestand-bei-cloud-expo-europe","og_locale":"de_DE","og_type":"article","og_title":"Rackspace \u2013 zeigt starke Marktpr\u00e4senz an der Cloud Expo Europe","og_description":"F\u00fcr den Messebau wandte sich Rackspace an Expo Exhibition Stands und w\u00e4hlte mithilfe des Messestand Konfigurators einen passenden Messestand","og_url":"https:\/\/expoexhibitionstands.eu\/ch\/portfolio\/case-studies\/rackspace-messestand-bei-cloud-expo-europe","og_site_name":"Expo Exhibition Stands","article_modified_time":"2025-12-09T12:12:05+00:00","twitter_card":"summary_large_image","twitter_misc":{"Gesch\u00e4tzte Lesezeit":"2\u00a0Minuten"},"schema":{"@context":"https:\/\/schema.org","@graph":[{"@type":"WebPage","@id":"https:\/\/expoexhibitionstands.eu\/ch\/portfolio\/case-studies\/rackspace-messestand-bei-cloud-expo-europe","url":"https:\/\/expoexhibitionstands.eu\/ch\/portfolio\/case-studies\/rackspace-messestand-bei-cloud-expo-europe","name":"Rackspace \u2013 zeigt starke Marktpr\u00e4senz an der Cloud Expo Europe","isPartOf":{"@id":"https:\/\/expoexhibitionstands.eu\/ch\/#website"},"datePublished":"2025-05-28T10:57:03+00:00","dateModified":"2025-12-09T12:12:05+00:00","description":"F\u00fcr den Messebau wandte sich Rackspace an Expo Exhibition Stands und w\u00e4hlte mithilfe des Messestand Konfigurators einen passenden Messestand","breadcrumb":{"@id":"https:\/\/expoexhibitionstands.eu\/ch\/portfolio\/case-studies\/rackspace-messestand-bei-cloud-expo-europe#breadcrumb"},"inLanguage":"de","potentialAction":[{"@type":"ReadAction","target":["https:\/\/expoexhibitionstands.eu\/ch\/portfolio\/case-studies\/rackspace-messestand-bei-cloud-expo-europe"]}]},{"@type":"BreadcrumbList","@id":"https:\/\/expoexhibitionstands.eu\/ch\/portfolio\/case-studies\/rackspace-messestand-bei-cloud-expo-europe#breadcrumb","itemListElement":[{"@type":"ListItem","position":1,"name":"Home","item":"https:\/\/expoexhibitionstands.eu\/ch\/"},{"@type":"ListItem","position":2,"name":"Referenzen","item":"https:\/\/expoexhibitionstands.eu\/ch\/portfolio"},{"@type":"ListItem","position":3,"name":"Case Studies","item":"https:\/\/expoexhibitionstands.eu\/ch\/portfolio\/case-studies"},{"@type":"ListItem","position":4,"name":"Rackspace Messestand Bei Cloud Expo Europe"}]},{"@type":"WebSite","@id":"https:\/\/expoexhibitionstands.eu\/ch\/#website","url":"https:\/\/expoexhibitionstands.eu\/ch\/","name":"Expo Exhibition Stands","description":"","potentialAction":[{"@type":"SearchAction","target":{"@type":"EntryPoint","urlTemplate":"https:\/\/expoexhibitionstands.eu\/ch\/?s={search_term_string}"},"query-input":{"@type":"PropertyValueSpecification","valueRequired":true,"valueName":"search_term_string"}}],"inLanguage":"de"}]}},"_links":{"self":[{"href":"https:\/\/expoexhibitionstands.eu\/ch\/wp-json\/wp\/v2\/pages\/213710","targetHints":{"allow":["GET"]}}],"collection":[{"href":"https:\/\/expoexhibitionstands.eu\/ch\/wp-json\/wp\/v2\/pages"}],"about":[{"href":"https:\/\/expoexhibitionstands.eu\/ch\/wp-json\/wp\/v2\/types\/page"}],"author":[{"embeddable":true,"href":"https:\/\/expoexhibitionstands.eu\/ch\/wp-json\/wp\/v2\/users\/3"}],"replies":[{"embeddable":true,"href":"https:\/\/expoexhibitionstands.eu\/ch\/wp-json\/wp\/v2\/comments?post=213710"}],"version-history":[{"count":6,"href":"https:\/\/expoexhibitionstands.eu\/ch\/wp-json\/wp\/v2\/pages\/213710\/revisions"}],"predecessor-version":[{"id":227361,"href":"https:\/\/expoexhibitionstands.eu\/ch\/wp-json\/wp\/v2\/pages\/213710\/revisions\/227361"}],"up":[{"embeddable":true,"href":"https:\/\/expoexhibitionstands.eu\/ch\/wp-json\/wp\/v2\/pages\/212140"}],"wp:attachment":[{"href":"https:\/\/expoexhibitionstands.eu\/ch\/wp-json\/wp\/v2\/media?parent=213710"}],"curies":[{"name":"wp","href":"https:\/\/api.w.org\/{rel}","templated":true}]}}