{"id":211993,"date":"2025-05-21T10:00:22","date_gmt":"2025-05-21T10:00:22","guid":{"rendered":"https:\/\/eeseude.expoexhibitionstands.it\/?page_id=211993"},"modified":"2025-08-13T09:28:11","modified_gmt":"2025-08-13T09:28:11","slug":"entreprise","status":"publish","type":"page","link":"https:\/\/expoexhibitionstands.eu\/ch-fr\/entreprise","title":{"rendered":"Entreprise"},"content":{"rendered":"","protected":false},"excerpt":{"rendered":"","protected":false},"author":1,"featured_media":0,"parent":0,"menu_order":0,"comment_status":"closed","ping_status":"closed","template":"template\/page-builder.php","meta":{"_acf_changed":false,"footnotes":""},"class_list":["post-211993","page","type-page","status-publish","hentry"],"acf":[],"yoast_head":"<!-- This site is optimized with the Yoast SEO plugin v26.6 - https:\/\/yoast.com\/wordpress\/plugins\/seo\/ -->\n<title>L&#039;entreprise - Expo Exhibition Stands<\/title>\n<meta name=\"description\" content=\"En tant que leader du march\u00e9 des stands modulaires et mobiles pour salons depuis de nombreuses ann\u00e9es, nous sommes votre partenaire comp\u00e9tent et mettons tout notre savoir-faire au service de votre pr\u00e9sence sur les salons.\" \/>\n<meta name=\"robots\" content=\"index, follow, max-snippet:-1, max-image-preview:large, max-video-preview:-1\" \/>\n<link rel=\"canonical\" href=\"https:\/\/expoexhibitionstands.eu\/ch-fr\/entreprise\" \/>\n<meta property=\"og:locale\" content=\"fr_FR\" \/>\n<meta property=\"og:type\" content=\"article\" \/>\n<meta property=\"og:title\" content=\"L&#039;entreprise - Expo Exhibition Stands\" \/>\n<meta property=\"og:description\" content=\"En tant que leader du march\u00e9 des stands modulaires et mobiles pour salons depuis de nombreuses ann\u00e9es, nous sommes votre partenaire comp\u00e9tent et mettons tout notre savoir-faire au service de votre pr\u00e9sence sur les salons.\" \/>\n<meta property=\"og:url\" content=\"https:\/\/expoexhibitionstands.eu\/ch-fr\/entreprise\" \/>\n<meta property=\"og:site_name\" content=\"Expo Exhibition Stands\" \/>\n<meta property=\"article:modified_time\" content=\"2025-08-13T09:28:11+00:00\" \/>\n<meta name=\"twitter:card\" content=\"summary_large_image\" \/>\n<meta name=\"twitter:label1\" content=\"Dur\u00e9e de lecture estim\u00e9e\" \/>\n\t<meta name=\"twitter:data1\" content=\"3 minutes\" \/>\n<script type=\"application\/ld+json\" class=\"yoast-schema-graph\">{\"@context\":\"https:\/\/schema.org\",\"@graph\":[{\"@type\":\"WebPage\",\"@id\":\"https:\/\/expoexhibitionstands.eu\/ch-fr\/entreprise\",\"url\":\"https:\/\/expoexhibitionstands.eu\/ch-fr\/entreprise\",\"name\":\"L'entreprise - Expo Exhibition Stands\",\"isPartOf\":{\"@id\":\"https:\/\/expoexhibitionstands.eu\/ch-fr\/#website\"},\"datePublished\":\"2025-05-21T10:00:22+00:00\",\"dateModified\":\"2025-08-13T09:28:11+00:00\",\"description\":\"En tant que leader du march\u00e9 des stands modulaires et mobiles pour salons depuis de nombreuses ann\u00e9es, nous sommes votre partenaire comp\u00e9tent et mettons tout notre savoir-faire au service de votre pr\u00e9sence sur les salons.\",\"breadcrumb\":{\"@id\":\"https:\/\/expoexhibitionstands.eu\/ch-fr\/entreprise#breadcrumb\"},\"inLanguage\":\"fr-FR\",\"potentialAction\":[{\"@type\":\"ReadAction\",\"target\":[\"https:\/\/expoexhibitionstands.eu\/ch-fr\/entreprise\"]}]},{\"@type\":\"BreadcrumbList\",\"@id\":\"https:\/\/expoexhibitionstands.eu\/ch-fr\/entreprise#breadcrumb\",\"itemListElement\":[{\"@type\":\"ListItem\",\"position\":1,\"name\":\"Accueil\",\"item\":\"https:\/\/expoexhibitionstands.eu\/ch-fr\/\"},{\"@type\":\"ListItem\",\"position\":2,\"name\":\"Entreprise\"}]},{\"@type\":\"WebSite\",\"@id\":\"https:\/\/expoexhibitionstands.eu\/ch-fr\/#website\",\"url\":\"https:\/\/expoexhibitionstands.eu\/ch-fr\/\",\"name\":\"Expo Exhibition Stands\",\"description\":\"\",\"potentialAction\":[{\"@type\":\"SearchAction\",\"target\":{\"@type\":\"EntryPoint\",\"urlTemplate\":\"https:\/\/expoexhibitionstands.eu\/ch-fr\/?s={search_term_string}\"},\"query-input\":{\"@type\":\"PropertyValueSpecification\",\"valueRequired\":true,\"valueName\":\"search_term_string\"}}],\"inLanguage\":\"fr-FR\"}]}<\/script>\n<!-- \/ Yoast SEO plugin. -->","yoast_head_json":{"title":"L'entreprise - Expo Exhibition Stands","description":"En tant que leader du march\u00e9 des stands modulaires et mobiles pour salons depuis de nombreuses ann\u00e9es, nous sommes votre partenaire comp\u00e9tent et mettons tout notre savoir-faire au service de votre pr\u00e9sence sur les salons.","robots":{"index":"index","follow":"follow","max-snippet":"max-snippet:-1","max-image-preview":"max-image-preview:large","max-video-preview":"max-video-preview:-1"},"canonical":"https:\/\/expoexhibitionstands.eu\/ch-fr\/entreprise","og_locale":"fr_FR","og_type":"article","og_title":"L'entreprise - Expo Exhibition Stands","og_description":"En tant que leader du march\u00e9 des stands modulaires et mobiles pour salons depuis de nombreuses ann\u00e9es, nous sommes votre partenaire comp\u00e9tent et mettons tout notre savoir-faire au service de votre pr\u00e9sence sur les salons.","og_url":"https:\/\/expoexhibitionstands.eu\/ch-fr\/entreprise","og_site_name":"Expo Exhibition Stands","article_modified_time":"2025-08-13T09:28:11+00:00","twitter_card":"summary_large_image","twitter_misc":{"Dur\u00e9e de lecture estim\u00e9e":"3 minutes"},"schema":{"@context":"https:\/\/schema.org","@graph":[{"@type":"WebPage","@id":"https:\/\/expoexhibitionstands.eu\/ch-fr\/entreprise","url":"https:\/\/expoexhibitionstands.eu\/ch-fr\/entreprise","name":"L'entreprise - Expo Exhibition Stands","isPartOf":{"@id":"https:\/\/expoexhibitionstands.eu\/ch-fr\/#website"},"datePublished":"2025-05-21T10:00:22+00:00","dateModified":"2025-08-13T09:28:11+00:00","description":"En tant que leader du march\u00e9 des stands modulaires et mobiles pour salons depuis de nombreuses ann\u00e9es, nous sommes votre partenaire comp\u00e9tent et mettons tout notre savoir-faire au service de votre pr\u00e9sence sur les salons.","breadcrumb":{"@id":"https:\/\/expoexhibitionstands.eu\/ch-fr\/entreprise#breadcrumb"},"inLanguage":"fr-FR","potentialAction":[{"@type":"ReadAction","target":["https:\/\/expoexhibitionstands.eu\/ch-fr\/entreprise"]}]},{"@type":"BreadcrumbList","@id":"https:\/\/expoexhibitionstands.eu\/ch-fr\/entreprise#breadcrumb","itemListElement":[{"@type":"ListItem","position":1,"name":"Accueil","item":"https:\/\/expoexhibitionstands.eu\/ch-fr\/"},{"@type":"ListItem","position":2,"name":"Entreprise"}]},{"@type":"WebSite","@id":"https:\/\/expoexhibitionstands.eu\/ch-fr\/#website","url":"https:\/\/expoexhibitionstands.eu\/ch-fr\/","name":"Expo Exhibition Stands","description":"","potentialAction":[{"@type":"SearchAction","target":{"@type":"EntryPoint","urlTemplate":"https:\/\/expoexhibitionstands.eu\/ch-fr\/?s={search_term_string}"},"query-input":{"@type":"PropertyValueSpecification","valueRequired":true,"valueName":"search_term_string"}}],"inLanguage":"fr-FR"}]}},"_links":{"self":[{"href":"https:\/\/expoexhibitionstands.eu\/ch-fr\/wp-json\/wp\/v2\/pages\/211993","targetHints":{"allow":["GET"]}}],"collection":[{"href":"https:\/\/expoexhibitionstands.eu\/ch-fr\/wp-json\/wp\/v2\/pages"}],"about":[{"href":"https:\/\/expoexhibitionstands.eu\/ch-fr\/wp-json\/wp\/v2\/types\/page"}],"author":[{"embeddable":true,"href":"https:\/\/expoexhibitionstands.eu\/ch-fr\/wp-json\/wp\/v2\/users\/1"}],"replies":[{"embeddable":true,"href":"https:\/\/expoexhibitionstands.eu\/ch-fr\/wp-json\/wp\/v2\/comments?post=211993"}],"version-history":[{"count":6,"href":"https:\/\/expoexhibitionstands.eu\/ch-fr\/wp-json\/wp\/v2\/pages\/211993\/revisions"}],"predecessor-version":[{"id":216992,"href":"https:\/\/expoexhibitionstands.eu\/ch-fr\/wp-json\/wp\/v2\/pages\/211993\/revisions\/216992"}],"wp:attachment":[{"href":"https:\/\/expoexhibitionstands.eu\/ch-fr\/wp-json\/wp\/v2\/media?parent=211993"}],"curies":[{"name":"wp","href":"https:\/\/api.w.org\/{rel}","templated":true}]}}