{"id":216082,"date":"2025-08-21T13:30:42","date_gmt":"2025-08-21T13:30:42","guid":{"rendered":"https:\/\/eeseude.expoexhibitionstands.it\/at\/?page_id=216082"},"modified":"2025-08-26T11:42:21","modified_gmt":"2025-08-26T11:42:21","slug":"messestand-kosten","status":"publish","type":"page","link":"https:\/\/expoexhibitionstands.eu\/at\/messestand-kosten","title":{"rendered":"Messestand Kosten | Kosten f\u00fcr Messestand"},"content":{"rendered":"","protected":false},"excerpt":{"rendered":"","protected":false},"author":3,"featured_media":0,"parent":0,"menu_order":0,"comment_status":"closed","ping_status":"closed","template":"template\/page-builder.php","meta":{"_acf_changed":false,"footnotes":""},"class_list":["post-216082","page","type-page","status-publish","hentry"],"acf":[],"yoast_head":"<!-- This site is optimized with the Yoast SEO plugin v27.3 - https:\/\/yoast.com\/product\/yoast-seo-wordpress\/ -->\n<title>Kosten Messestand | Mietpreise Messestand - Expo Exhibition Stands<\/title>\n<meta name=\"description\" content=\"Suchen Sie nach kosteng\u00fcnstigen Alternativen f\u00fcr Ihren Messestand in \u00d6sterreich?Expo Exhibition Stands gibt Ihnen einen \u00dcberblick \u00fcber die Kosten, die Sie bei der Kalkulation f\u00fcr Ihren Messestand ber\u00fccksichtigen sollten.Rufen Sie uns an unter: +43 1 270 6050\" \/>\n<meta name=\"robots\" content=\"index, follow, max-snippet:-1, max-image-preview:large, max-video-preview:-1\" \/>\n<link rel=\"canonical\" href=\"https:\/\/expoexhibitionstands.eu\/at\/messestand-kosten\" \/>\n<meta property=\"og:locale\" content=\"de_DE\" \/>\n<meta property=\"og:type\" content=\"article\" \/>\n<meta property=\"og:title\" content=\"Kosten Messestand | Mietpreise Messestand - Expo Exhibition Stands\" \/>\n<meta property=\"og:description\" content=\"Suchen Sie nach kosteng\u00fcnstigen Alternativen f\u00fcr Ihren Messestand in \u00d6sterreich?Expo Exhibition Stands gibt Ihnen einen \u00dcberblick \u00fcber die Kosten, die Sie bei der Kalkulation f\u00fcr Ihren Messestand ber\u00fccksichtigen sollten.Rufen Sie uns an unter: +43 1 270 6050\" \/>\n<meta property=\"og:url\" content=\"https:\/\/expoexhibitionstands.eu\/at\/messestand-kosten\" \/>\n<meta property=\"og:site_name\" content=\"Expo Exhibition Stands\" \/>\n<meta property=\"article:modified_time\" content=\"2025-08-26T11:42:21+00:00\" \/>\n<meta name=\"twitter:card\" content=\"summary_large_image\" \/>\n<meta name=\"twitter:label1\" content=\"Gesch\u00e4tzte Lesezeit\" \/>\n\t<meta name=\"twitter:data1\" content=\"9\u00a0Minuten\" \/>\n<script type=\"application\/ld+json\" class=\"yoast-schema-graph\">{\"@context\":\"https:\\\/\\\/schema.org\",\"@graph\":[{\"@type\":\"WebPage\",\"@id\":\"https:\\\/\\\/expoexhibitionstands.eu\\\/at\\\/messestand-kosten\",\"url\":\"https:\\\/\\\/expoexhibitionstands.eu\\\/at\\\/messestand-kosten\",\"name\":\"Kosten Messestand | Mietpreise Messestand - Expo Exhibition Stands\",\"isPartOf\":{\"@id\":\"https:\\\/\\\/expoexhibitionstands.eu\\\/at\\\/#website\"},\"datePublished\":\"2025-08-21T13:30:42+00:00\",\"dateModified\":\"2025-08-26T11:42:21+00:00\",\"description\":\"Suchen Sie nach kosteng\u00fcnstigen Alternativen f\u00fcr Ihren Messestand in \u00d6sterreich?Expo Exhibition Stands gibt Ihnen einen \u00dcberblick \u00fcber die Kosten, die Sie bei der Kalkulation f\u00fcr Ihren Messestand ber\u00fccksichtigen sollten.Rufen Sie uns an unter: +43 1 270 6050\",\"breadcrumb\":{\"@id\":\"https:\\\/\\\/expoexhibitionstands.eu\\\/at\\\/messestand-kosten#breadcrumb\"},\"inLanguage\":\"de\",\"potentialAction\":[{\"@type\":\"ReadAction\",\"target\":[\"https:\\\/\\\/expoexhibitionstands.eu\\\/at\\\/messestand-kosten\"]}]},{\"@type\":\"BreadcrumbList\",\"@id\":\"https:\\\/\\\/expoexhibitionstands.eu\\\/at\\\/messestand-kosten#breadcrumb\",\"itemListElement\":[{\"@type\":\"ListItem\",\"position\":1,\"name\":\"Home\",\"item\":\"https:\\\/\\\/expoexhibitionstands.eu\\\/at\\\/\"},{\"@type\":\"ListItem\",\"position\":2,\"name\":\"Messestand Kosten | Kosten f\u00fcr Messestand\"}]},{\"@type\":\"WebSite\",\"@id\":\"https:\\\/\\\/expoexhibitionstands.eu\\\/at\\\/#website\",\"url\":\"https:\\\/\\\/expoexhibitionstands.eu\\\/at\\\/\",\"name\":\"Expo Exhibition Stands\",\"description\":\"\",\"potentialAction\":[{\"@type\":\"SearchAction\",\"target\":{\"@type\":\"EntryPoint\",\"urlTemplate\":\"https:\\\/\\\/expoexhibitionstands.eu\\\/at\\\/?s={search_term_string}\"},\"query-input\":{\"@type\":\"PropertyValueSpecification\",\"valueRequired\":true,\"valueName\":\"search_term_string\"}}],\"inLanguage\":\"de\"}]}<\/script>\n<!-- \/ Yoast SEO plugin. -->","yoast_head_json":{"title":"Kosten Messestand | Mietpreise Messestand - Expo Exhibition Stands","description":"Suchen Sie nach kosteng\u00fcnstigen Alternativen f\u00fcr Ihren Messestand in \u00d6sterreich?Expo Exhibition Stands gibt Ihnen einen \u00dcberblick \u00fcber die Kosten, die Sie bei der Kalkulation f\u00fcr Ihren Messestand ber\u00fccksichtigen sollten.Rufen Sie uns an unter: +43 1 270 6050","robots":{"index":"index","follow":"follow","max-snippet":"max-snippet:-1","max-image-preview":"max-image-preview:large","max-video-preview":"max-video-preview:-1"},"canonical":"https:\/\/expoexhibitionstands.eu\/at\/messestand-kosten","og_locale":"de_DE","og_type":"article","og_title":"Kosten Messestand | Mietpreise Messestand - Expo Exhibition Stands","og_description":"Suchen Sie nach kosteng\u00fcnstigen Alternativen f\u00fcr Ihren Messestand in \u00d6sterreich?Expo Exhibition Stands gibt Ihnen einen \u00dcberblick \u00fcber die Kosten, die Sie bei der Kalkulation f\u00fcr Ihren Messestand ber\u00fccksichtigen sollten.Rufen Sie uns an unter: +43 1 270 6050","og_url":"https:\/\/expoexhibitionstands.eu\/at\/messestand-kosten","og_site_name":"Expo Exhibition Stands","article_modified_time":"2025-08-26T11:42:21+00:00","twitter_card":"summary_large_image","twitter_misc":{"Gesch\u00e4tzte Lesezeit":"9\u00a0Minuten"},"schema":{"@context":"https:\/\/schema.org","@graph":[{"@type":"WebPage","@id":"https:\/\/expoexhibitionstands.eu\/at\/messestand-kosten","url":"https:\/\/expoexhibitionstands.eu\/at\/messestand-kosten","name":"Kosten Messestand | Mietpreise Messestand - Expo Exhibition Stands","isPartOf":{"@id":"https:\/\/expoexhibitionstands.eu\/at\/#website"},"datePublished":"2025-08-21T13:30:42+00:00","dateModified":"2025-08-26T11:42:21+00:00","description":"Suchen Sie nach kosteng\u00fcnstigen Alternativen f\u00fcr Ihren Messestand in \u00d6sterreich?Expo Exhibition Stands gibt Ihnen einen \u00dcberblick \u00fcber die Kosten, die Sie bei der Kalkulation f\u00fcr Ihren Messestand ber\u00fccksichtigen sollten.Rufen Sie uns an unter: +43 1 270 6050","breadcrumb":{"@id":"https:\/\/expoexhibitionstands.eu\/at\/messestand-kosten#breadcrumb"},"inLanguage":"de","potentialAction":[{"@type":"ReadAction","target":["https:\/\/expoexhibitionstands.eu\/at\/messestand-kosten"]}]},{"@type":"BreadcrumbList","@id":"https:\/\/expoexhibitionstands.eu\/at\/messestand-kosten#breadcrumb","itemListElement":[{"@type":"ListItem","position":1,"name":"Home","item":"https:\/\/expoexhibitionstands.eu\/at\/"},{"@type":"ListItem","position":2,"name":"Messestand Kosten | Kosten f\u00fcr Messestand"}]},{"@type":"WebSite","@id":"https:\/\/expoexhibitionstands.eu\/at\/#website","url":"https:\/\/expoexhibitionstands.eu\/at\/","name":"Expo Exhibition Stands","description":"","potentialAction":[{"@type":"SearchAction","target":{"@type":"EntryPoint","urlTemplate":"https:\/\/expoexhibitionstands.eu\/at\/?s={search_term_string}"},"query-input":{"@type":"PropertyValueSpecification","valueRequired":true,"valueName":"search_term_string"}}],"inLanguage":"de"}]}},"_links":{"self":[{"href":"https:\/\/expoexhibitionstands.eu\/at\/wp-json\/wp\/v2\/pages\/216082","targetHints":{"allow":["GET"]}}],"collection":[{"href":"https:\/\/expoexhibitionstands.eu\/at\/wp-json\/wp\/v2\/pages"}],"about":[{"href":"https:\/\/expoexhibitionstands.eu\/at\/wp-json\/wp\/v2\/types\/page"}],"author":[{"embeddable":true,"href":"https:\/\/expoexhibitionstands.eu\/at\/wp-json\/wp\/v2\/users\/3"}],"replies":[{"embeddable":true,"href":"https:\/\/expoexhibitionstands.eu\/at\/wp-json\/wp\/v2\/comments?post=216082"}],"version-history":[{"count":4,"href":"https:\/\/expoexhibitionstands.eu\/at\/wp-json\/wp\/v2\/pages\/216082\/revisions"}],"predecessor-version":[{"id":216106,"href":"https:\/\/expoexhibitionstands.eu\/at\/wp-json\/wp\/v2\/pages\/216082\/revisions\/216106"}],"wp:attachment":[{"href":"https:\/\/expoexhibitionstands.eu\/at\/wp-json\/wp\/v2\/media?parent=216082"}],"curies":[{"name":"wp","href":"https:\/\/api.w.org\/{rel}","templated":true}]}}