{"id":215861,"date":"2025-08-21T09:46:33","date_gmt":"2025-08-21T09:46:33","guid":{"rendered":"https:\/\/eeseude.expoexhibitionstands.it\/at\/?page_id=215861"},"modified":"2025-08-26T12:03:50","modified_gmt":"2025-08-26T12:03:50","slug":"messestandfirmen","status":"publish","type":"page","link":"https:\/\/expoexhibitionstands.eu\/at\/messestandfirmen","title":{"rendered":"Messestandfirmen in der \u00d6sterreich"},"content":{"rendered":"","protected":false},"excerpt":{"rendered":"","protected":false},"author":3,"featured_media":0,"parent":0,"menu_order":0,"comment_status":"closed","ping_status":"closed","template":"template\/page-builder.php","meta":{"_acf_changed":false,"footnotes":""},"class_list":["post-215861","page","type-page","status-publish","hentry"],"acf":[],"yoast_head":"<!-- This site is optimized with the Yoast SEO plugin v27.3 - https:\/\/yoast.com\/product\/yoast-seo-wordpress\/ -->\n<title>Messestandfirmen \u00d6sterreich | Messestand firma in \u00d6sterreich<\/title>\n<meta name=\"description\" content=\"Messestandfirmen \u00d6sterreich: Sie suchen einen Messestand oder eine Standbaufirma in Osterreich zum Mieten und Kaufen? Holen Sie sich die besten Angebote f\u00fcr Messestand und Standbau von Expo Exhibition Stands. Wir bieten Messestand in ganz Osterreich.\" \/>\n<meta name=\"robots\" content=\"index, follow, max-snippet:-1, max-image-preview:large, max-video-preview:-1\" \/>\n<link rel=\"canonical\" href=\"https:\/\/expoexhibitionstands.eu\/at\/messestandfirmen\" \/>\n<meta property=\"og:locale\" content=\"de_DE\" \/>\n<meta property=\"og:type\" content=\"article\" \/>\n<meta property=\"og:title\" content=\"Messestandfirmen \u00d6sterreich | Messestand firma in \u00d6sterreich\" \/>\n<meta property=\"og:description\" content=\"Messestandfirmen \u00d6sterreich: Sie suchen einen Messestand oder eine Standbaufirma in Osterreich zum Mieten und Kaufen? Holen Sie sich die besten Angebote f\u00fcr Messestand und Standbau von Expo Exhibition Stands. Wir bieten Messestand in ganz Osterreich.\" \/>\n<meta property=\"og:url\" content=\"https:\/\/expoexhibitionstands.eu\/at\/messestandfirmen\" \/>\n<meta property=\"og:site_name\" content=\"Expo Exhibition Stands\" \/>\n<meta property=\"article:modified_time\" content=\"2025-08-26T12:03:50+00:00\" \/>\n<meta name=\"twitter:card\" content=\"summary_large_image\" \/>\n<meta name=\"twitter:label1\" content=\"Gesch\u00e4tzte Lesezeit\" \/>\n\t<meta name=\"twitter:data1\" content=\"7\u00a0Minuten\" \/>\n<script type=\"application\/ld+json\" class=\"yoast-schema-graph\">{\"@context\":\"https:\\\/\\\/schema.org\",\"@graph\":[{\"@type\":\"WebPage\",\"@id\":\"https:\\\/\\\/expoexhibitionstands.eu\\\/at\\\/messestandfirmen\",\"url\":\"https:\\\/\\\/expoexhibitionstands.eu\\\/at\\\/messestandfirmen\",\"name\":\"Messestandfirmen \u00d6sterreich | Messestand firma in \u00d6sterreich\",\"isPartOf\":{\"@id\":\"https:\\\/\\\/expoexhibitionstands.eu\\\/at\\\/#website\"},\"datePublished\":\"2025-08-21T09:46:33+00:00\",\"dateModified\":\"2025-08-26T12:03:50+00:00\",\"description\":\"Messestandfirmen \u00d6sterreich: Sie suchen einen Messestand oder eine Standbaufirma in Osterreich zum Mieten und Kaufen? Holen Sie sich die besten Angebote f\u00fcr Messestand und Standbau von Expo Exhibition Stands. Wir bieten Messestand in ganz Osterreich.\",\"breadcrumb\":{\"@id\":\"https:\\\/\\\/expoexhibitionstands.eu\\\/at\\\/messestandfirmen#breadcrumb\"},\"inLanguage\":\"de\",\"potentialAction\":[{\"@type\":\"ReadAction\",\"target\":[\"https:\\\/\\\/expoexhibitionstands.eu\\\/at\\\/messestandfirmen\"]}]},{\"@type\":\"BreadcrumbList\",\"@id\":\"https:\\\/\\\/expoexhibitionstands.eu\\\/at\\\/messestandfirmen#breadcrumb\",\"itemListElement\":[{\"@type\":\"ListItem\",\"position\":1,\"name\":\"Home\",\"item\":\"https:\\\/\\\/expoexhibitionstands.eu\\\/at\\\/\"},{\"@type\":\"ListItem\",\"position\":2,\"name\":\"Messestandfirmen in der \u00d6sterreich\"}]},{\"@type\":\"WebSite\",\"@id\":\"https:\\\/\\\/expoexhibitionstands.eu\\\/at\\\/#website\",\"url\":\"https:\\\/\\\/expoexhibitionstands.eu\\\/at\\\/\",\"name\":\"Expo Exhibition Stands\",\"description\":\"\",\"potentialAction\":[{\"@type\":\"SearchAction\",\"target\":{\"@type\":\"EntryPoint\",\"urlTemplate\":\"https:\\\/\\\/expoexhibitionstands.eu\\\/at\\\/?s={search_term_string}\"},\"query-input\":{\"@type\":\"PropertyValueSpecification\",\"valueRequired\":true,\"valueName\":\"search_term_string\"}}],\"inLanguage\":\"de\"}]}<\/script>\n<!-- \/ Yoast SEO plugin. -->","yoast_head_json":{"title":"Messestandfirmen \u00d6sterreich | Messestand firma in \u00d6sterreich","description":"Messestandfirmen \u00d6sterreich: Sie suchen einen Messestand oder eine Standbaufirma in Osterreich zum Mieten und Kaufen? Holen Sie sich die besten Angebote f\u00fcr Messestand und Standbau von Expo Exhibition Stands. Wir bieten Messestand in ganz Osterreich.","robots":{"index":"index","follow":"follow","max-snippet":"max-snippet:-1","max-image-preview":"max-image-preview:large","max-video-preview":"max-video-preview:-1"},"canonical":"https:\/\/expoexhibitionstands.eu\/at\/messestandfirmen","og_locale":"de_DE","og_type":"article","og_title":"Messestandfirmen \u00d6sterreich | Messestand firma in \u00d6sterreich","og_description":"Messestandfirmen \u00d6sterreich: Sie suchen einen Messestand oder eine Standbaufirma in Osterreich zum Mieten und Kaufen? Holen Sie sich die besten Angebote f\u00fcr Messestand und Standbau von Expo Exhibition Stands. Wir bieten Messestand in ganz Osterreich.","og_url":"https:\/\/expoexhibitionstands.eu\/at\/messestandfirmen","og_site_name":"Expo Exhibition Stands","article_modified_time":"2025-08-26T12:03:50+00:00","twitter_card":"summary_large_image","twitter_misc":{"Gesch\u00e4tzte Lesezeit":"7\u00a0Minuten"},"schema":{"@context":"https:\/\/schema.org","@graph":[{"@type":"WebPage","@id":"https:\/\/expoexhibitionstands.eu\/at\/messestandfirmen","url":"https:\/\/expoexhibitionstands.eu\/at\/messestandfirmen","name":"Messestandfirmen \u00d6sterreich | Messestand firma in \u00d6sterreich","isPartOf":{"@id":"https:\/\/expoexhibitionstands.eu\/at\/#website"},"datePublished":"2025-08-21T09:46:33+00:00","dateModified":"2025-08-26T12:03:50+00:00","description":"Messestandfirmen \u00d6sterreich: Sie suchen einen Messestand oder eine Standbaufirma in Osterreich zum Mieten und Kaufen? Holen Sie sich die besten Angebote f\u00fcr Messestand und Standbau von Expo Exhibition Stands. Wir bieten Messestand in ganz Osterreich.","breadcrumb":{"@id":"https:\/\/expoexhibitionstands.eu\/at\/messestandfirmen#breadcrumb"},"inLanguage":"de","potentialAction":[{"@type":"ReadAction","target":["https:\/\/expoexhibitionstands.eu\/at\/messestandfirmen"]}]},{"@type":"BreadcrumbList","@id":"https:\/\/expoexhibitionstands.eu\/at\/messestandfirmen#breadcrumb","itemListElement":[{"@type":"ListItem","position":1,"name":"Home","item":"https:\/\/expoexhibitionstands.eu\/at\/"},{"@type":"ListItem","position":2,"name":"Messestandfirmen in der \u00d6sterreich"}]},{"@type":"WebSite","@id":"https:\/\/expoexhibitionstands.eu\/at\/#website","url":"https:\/\/expoexhibitionstands.eu\/at\/","name":"Expo Exhibition Stands","description":"","potentialAction":[{"@type":"SearchAction","target":{"@type":"EntryPoint","urlTemplate":"https:\/\/expoexhibitionstands.eu\/at\/?s={search_term_string}"},"query-input":{"@type":"PropertyValueSpecification","valueRequired":true,"valueName":"search_term_string"}}],"inLanguage":"de"}]}},"_links":{"self":[{"href":"https:\/\/expoexhibitionstands.eu\/at\/wp-json\/wp\/v2\/pages\/215861","targetHints":{"allow":["GET"]}}],"collection":[{"href":"https:\/\/expoexhibitionstands.eu\/at\/wp-json\/wp\/v2\/pages"}],"about":[{"href":"https:\/\/expoexhibitionstands.eu\/at\/wp-json\/wp\/v2\/types\/page"}],"author":[{"embeddable":true,"href":"https:\/\/expoexhibitionstands.eu\/at\/wp-json\/wp\/v2\/users\/3"}],"replies":[{"embeddable":true,"href":"https:\/\/expoexhibitionstands.eu\/at\/wp-json\/wp\/v2\/comments?post=215861"}],"version-history":[{"count":3,"href":"https:\/\/expoexhibitionstands.eu\/at\/wp-json\/wp\/v2\/pages\/215861\/revisions"}],"predecessor-version":[{"id":216109,"href":"https:\/\/expoexhibitionstands.eu\/at\/wp-json\/wp\/v2\/pages\/215861\/revisions\/216109"}],"wp:attachment":[{"href":"https:\/\/expoexhibitionstands.eu\/at\/wp-json\/wp\/v2\/media?parent=215861"}],"curies":[{"name":"wp","href":"https:\/\/api.w.org\/{rel}","templated":true}]}}