{"id":215837,"date":"2025-08-21T09:24:54","date_gmt":"2025-08-21T09:24:54","guid":{"rendered":"https:\/\/eeseude.expoexhibitionstands.it\/at\/?page_id=215837"},"modified":"2025-08-21T11:28:25","modified_gmt":"2025-08-21T11:28:25","slug":"klagenfurt-messebau-messestand","status":"publish","type":"page","link":"https:\/\/expoexhibitionstands.eu\/at\/klagenfurt-messebau-messestand","title":{"rendered":"Klagenfurt Messebau Messestand"},"content":{"rendered":"","protected":false},"excerpt":{"rendered":"","protected":false},"author":3,"featured_media":0,"parent":0,"menu_order":0,"comment_status":"closed","ping_status":"closed","template":"template\/page-builder.php","meta":{"_acf_changed":false,"footnotes":""},"class_list":["post-215837","page","type-page","status-publish","hentry"],"acf":[],"yoast_head":"<!-- This site is optimized with the Yoast SEO plugin v27.3 - https:\/\/yoast.com\/product\/yoast-seo-wordpress\/ -->\n<title>Messestand in Klagenfurt | Messebau Klagenfurt - Expo Exhibition Stands<\/title>\n<meta name=\"description\" content=\"Messestand und Messebau in Klagenfurt: Wenn Sie auf der Suche nach messestand und messebau company in Klagenfurt sind, dann sind Sie bei uns an der richtigen Adresse. Wir bieten Ihnen die besten Angebote f\u00fcr Miete und Kauf von Messest\u00e4nden, Drop-Anfrage f\u00fcr die besten Angebote auf dem Messestand.\" \/>\n<meta name=\"robots\" content=\"index, follow, max-snippet:-1, max-image-preview:large, max-video-preview:-1\" \/>\n<link rel=\"canonical\" href=\"https:\/\/expoexhibitionstands.eu\/at\/klagenfurt-messebau-messestand\" \/>\n<meta property=\"og:locale\" content=\"de_DE\" \/>\n<meta property=\"og:type\" content=\"article\" \/>\n<meta property=\"og:title\" content=\"Messestand in Klagenfurt | Messebau Klagenfurt - Expo Exhibition Stands\" \/>\n<meta property=\"og:description\" content=\"Messestand und Messebau in Klagenfurt: Wenn Sie auf der Suche nach messestand und messebau company in Klagenfurt sind, dann sind Sie bei uns an der richtigen Adresse. Wir bieten Ihnen die besten Angebote f\u00fcr Miete und Kauf von Messest\u00e4nden, Drop-Anfrage f\u00fcr die besten Angebote auf dem Messestand.\" \/>\n<meta property=\"og:url\" content=\"https:\/\/expoexhibitionstands.eu\/at\/klagenfurt-messebau-messestand\" \/>\n<meta property=\"og:site_name\" content=\"Expo Exhibition Stands\" \/>\n<meta property=\"article:modified_time\" content=\"2025-08-21T11:28:25+00:00\" \/>\n<meta name=\"twitter:card\" content=\"summary_large_image\" \/>\n<meta name=\"twitter:label1\" content=\"Gesch\u00e4tzte Lesezeit\" \/>\n\t<meta name=\"twitter:data1\" content=\"7\u00a0Minuten\" \/>\n<script type=\"application\/ld+json\" class=\"yoast-schema-graph\">{\"@context\":\"https:\\\/\\\/schema.org\",\"@graph\":[{\"@type\":\"WebPage\",\"@id\":\"https:\\\/\\\/expoexhibitionstands.eu\\\/at\\\/klagenfurt-messebau-messestand\",\"url\":\"https:\\\/\\\/expoexhibitionstands.eu\\\/at\\\/klagenfurt-messebau-messestand\",\"name\":\"Messestand in Klagenfurt | Messebau Klagenfurt - Expo Exhibition Stands\",\"isPartOf\":{\"@id\":\"https:\\\/\\\/expoexhibitionstands.eu\\\/at\\\/#website\"},\"datePublished\":\"2025-08-21T09:24:54+00:00\",\"dateModified\":\"2025-08-21T11:28:25+00:00\",\"description\":\"Messestand und Messebau in Klagenfurt: Wenn Sie auf der Suche nach messestand und messebau company in Klagenfurt sind, dann sind Sie bei uns an der richtigen Adresse. Wir bieten Ihnen die besten Angebote f\u00fcr Miete und Kauf von Messest\u00e4nden, Drop-Anfrage f\u00fcr die besten Angebote auf dem Messestand.\",\"breadcrumb\":{\"@id\":\"https:\\\/\\\/expoexhibitionstands.eu\\\/at\\\/klagenfurt-messebau-messestand#breadcrumb\"},\"inLanguage\":\"de\",\"potentialAction\":[{\"@type\":\"ReadAction\",\"target\":[\"https:\\\/\\\/expoexhibitionstands.eu\\\/at\\\/klagenfurt-messebau-messestand\"]}]},{\"@type\":\"BreadcrumbList\",\"@id\":\"https:\\\/\\\/expoexhibitionstands.eu\\\/at\\\/klagenfurt-messebau-messestand#breadcrumb\",\"itemListElement\":[{\"@type\":\"ListItem\",\"position\":1,\"name\":\"Home\",\"item\":\"https:\\\/\\\/expoexhibitionstands.eu\\\/at\\\/\"},{\"@type\":\"ListItem\",\"position\":2,\"name\":\"Klagenfurt Messebau Messestand\"}]},{\"@type\":\"WebSite\",\"@id\":\"https:\\\/\\\/expoexhibitionstands.eu\\\/at\\\/#website\",\"url\":\"https:\\\/\\\/expoexhibitionstands.eu\\\/at\\\/\",\"name\":\"Expo Exhibition Stands\",\"description\":\"\",\"potentialAction\":[{\"@type\":\"SearchAction\",\"target\":{\"@type\":\"EntryPoint\",\"urlTemplate\":\"https:\\\/\\\/expoexhibitionstands.eu\\\/at\\\/?s={search_term_string}\"},\"query-input\":{\"@type\":\"PropertyValueSpecification\",\"valueRequired\":true,\"valueName\":\"search_term_string\"}}],\"inLanguage\":\"de\"}]}<\/script>\n<!-- \/ Yoast SEO plugin. -->","yoast_head_json":{"title":"Messestand in Klagenfurt | Messebau Klagenfurt - Expo Exhibition Stands","description":"Messestand und Messebau in Klagenfurt: Wenn Sie auf der Suche nach messestand und messebau company in Klagenfurt sind, dann sind Sie bei uns an der richtigen Adresse. Wir bieten Ihnen die besten Angebote f\u00fcr Miete und Kauf von Messest\u00e4nden, Drop-Anfrage f\u00fcr die besten Angebote auf dem Messestand.","robots":{"index":"index","follow":"follow","max-snippet":"max-snippet:-1","max-image-preview":"max-image-preview:large","max-video-preview":"max-video-preview:-1"},"canonical":"https:\/\/expoexhibitionstands.eu\/at\/klagenfurt-messebau-messestand","og_locale":"de_DE","og_type":"article","og_title":"Messestand in Klagenfurt | Messebau Klagenfurt - Expo Exhibition Stands","og_description":"Messestand und Messebau in Klagenfurt: Wenn Sie auf der Suche nach messestand und messebau company in Klagenfurt sind, dann sind Sie bei uns an der richtigen Adresse. Wir bieten Ihnen die besten Angebote f\u00fcr Miete und Kauf von Messest\u00e4nden, Drop-Anfrage f\u00fcr die besten Angebote auf dem Messestand.","og_url":"https:\/\/expoexhibitionstands.eu\/at\/klagenfurt-messebau-messestand","og_site_name":"Expo Exhibition Stands","article_modified_time":"2025-08-21T11:28:25+00:00","twitter_card":"summary_large_image","twitter_misc":{"Gesch\u00e4tzte Lesezeit":"7\u00a0Minuten"},"schema":{"@context":"https:\/\/schema.org","@graph":[{"@type":"WebPage","@id":"https:\/\/expoexhibitionstands.eu\/at\/klagenfurt-messebau-messestand","url":"https:\/\/expoexhibitionstands.eu\/at\/klagenfurt-messebau-messestand","name":"Messestand in Klagenfurt | Messebau Klagenfurt - Expo Exhibition Stands","isPartOf":{"@id":"https:\/\/expoexhibitionstands.eu\/at\/#website"},"datePublished":"2025-08-21T09:24:54+00:00","dateModified":"2025-08-21T11:28:25+00:00","description":"Messestand und Messebau in Klagenfurt: Wenn Sie auf der Suche nach messestand und messebau company in Klagenfurt sind, dann sind Sie bei uns an der richtigen Adresse. Wir bieten Ihnen die besten Angebote f\u00fcr Miete und Kauf von Messest\u00e4nden, Drop-Anfrage f\u00fcr die besten Angebote auf dem Messestand.","breadcrumb":{"@id":"https:\/\/expoexhibitionstands.eu\/at\/klagenfurt-messebau-messestand#breadcrumb"},"inLanguage":"de","potentialAction":[{"@type":"ReadAction","target":["https:\/\/expoexhibitionstands.eu\/at\/klagenfurt-messebau-messestand"]}]},{"@type":"BreadcrumbList","@id":"https:\/\/expoexhibitionstands.eu\/at\/klagenfurt-messebau-messestand#breadcrumb","itemListElement":[{"@type":"ListItem","position":1,"name":"Home","item":"https:\/\/expoexhibitionstands.eu\/at\/"},{"@type":"ListItem","position":2,"name":"Klagenfurt Messebau Messestand"}]},{"@type":"WebSite","@id":"https:\/\/expoexhibitionstands.eu\/at\/#website","url":"https:\/\/expoexhibitionstands.eu\/at\/","name":"Expo Exhibition Stands","description":"","potentialAction":[{"@type":"SearchAction","target":{"@type":"EntryPoint","urlTemplate":"https:\/\/expoexhibitionstands.eu\/at\/?s={search_term_string}"},"query-input":{"@type":"PropertyValueSpecification","valueRequired":true,"valueName":"search_term_string"}}],"inLanguage":"de"}]}},"_links":{"self":[{"href":"https:\/\/expoexhibitionstands.eu\/at\/wp-json\/wp\/v2\/pages\/215837","targetHints":{"allow":["GET"]}}],"collection":[{"href":"https:\/\/expoexhibitionstands.eu\/at\/wp-json\/wp\/v2\/pages"}],"about":[{"href":"https:\/\/expoexhibitionstands.eu\/at\/wp-json\/wp\/v2\/types\/page"}],"author":[{"embeddable":true,"href":"https:\/\/expoexhibitionstands.eu\/at\/wp-json\/wp\/v2\/users\/3"}],"replies":[{"embeddable":true,"href":"https:\/\/expoexhibitionstands.eu\/at\/wp-json\/wp\/v2\/comments?post=215837"}],"version-history":[{"count":2,"href":"https:\/\/expoexhibitionstands.eu\/at\/wp-json\/wp\/v2\/pages\/215837\/revisions"}],"predecessor-version":[{"id":215854,"href":"https:\/\/expoexhibitionstands.eu\/at\/wp-json\/wp\/v2\/pages\/215837\/revisions\/215854"}],"wp:attachment":[{"href":"https:\/\/expoexhibitionstands.eu\/at\/wp-json\/wp\/v2\/media?parent=215837"}],"curies":[{"name":"wp","href":"https:\/\/api.w.org\/{rel}","templated":true}]}}