{"id":215809,"date":"2025-08-21T07:49:23","date_gmt":"2025-08-21T07:49:23","guid":{"rendered":"https:\/\/eeseude.expoexhibitionstands.it\/at\/?page_id=215809"},"modified":"2025-08-21T08:00:29","modified_gmt":"2025-08-21T08:00:29","slug":"transportable-messestand","status":"publish","type":"page","link":"https:\/\/expoexhibitionstands.eu\/at\/transportable-messestand","title":{"rendered":"Transportable Messest\u00e4nde \u2013 Flexibilit\u00e4t in Perfektion"},"content":{"rendered":"","protected":false},"excerpt":{"rendered":"","protected":false},"author":3,"featured_media":0,"parent":0,"menu_order":0,"comment_status":"closed","ping_status":"closed","template":"template\/page-builder.php","meta":{"_acf_changed":false,"footnotes":""},"class_list":["post-215809","page","type-page","status-publish","hentry"],"acf":[],"yoast_head":"<!-- This site is optimized with the Yoast SEO plugin v27.3 - https:\/\/yoast.com\/product\/yoast-seo-wordpress\/ -->\n<title>Transportable Messest\u00e4nd | Expo Exhibition Stands<\/title>\n<meta name=\"description\" content=\"die transportablen Messest\u00e4nde in kompakten Cases - ausgeliefert, die die Konstruktion pr\u00e4zise aufnehmen, vor Besch\u00e4digungen sch\u00fctzen und leicht zu tragen sind. Die Abmasse sind so konzipiert, dass ein transportabler Messestand in der Regel problemlos im Kofferraum eines Autos verschwindet.\" \/>\n<meta name=\"robots\" content=\"index, follow, max-snippet:-1, max-image-preview:large, max-video-preview:-1\" \/>\n<link rel=\"canonical\" href=\"https:\/\/expoexhibitionstands.eu\/at\/transportable-messestand\" \/>\n<meta property=\"og:locale\" content=\"de_DE\" \/>\n<meta property=\"og:type\" content=\"article\" \/>\n<meta property=\"og:title\" content=\"Transportable Messest\u00e4nd | Expo Exhibition Stands\" \/>\n<meta property=\"og:description\" content=\"die transportablen Messest\u00e4nde in kompakten Cases - ausgeliefert, die die Konstruktion pr\u00e4zise aufnehmen, vor Besch\u00e4digungen sch\u00fctzen und leicht zu tragen sind. Die Abmasse sind so konzipiert, dass ein transportabler Messestand in der Regel problemlos im Kofferraum eines Autos verschwindet.\" \/>\n<meta property=\"og:url\" content=\"https:\/\/expoexhibitionstands.eu\/at\/transportable-messestand\" \/>\n<meta property=\"og:site_name\" content=\"Expo Exhibition Stands\" \/>\n<meta property=\"article:modified_time\" content=\"2025-08-21T08:00:29+00:00\" \/>\n<meta name=\"twitter:card\" content=\"summary_large_image\" \/>\n<meta name=\"twitter:label1\" content=\"Gesch\u00e4tzte Lesezeit\" \/>\n\t<meta name=\"twitter:data1\" content=\"5\u00a0Minuten\" \/>\n<script type=\"application\/ld+json\" class=\"yoast-schema-graph\">{\"@context\":\"https:\\\/\\\/schema.org\",\"@graph\":[{\"@type\":\"WebPage\",\"@id\":\"https:\\\/\\\/expoexhibitionstands.eu\\\/at\\\/transportable-messestand\",\"url\":\"https:\\\/\\\/expoexhibitionstands.eu\\\/at\\\/transportable-messestand\",\"name\":\"Transportable Messest\u00e4nd | Expo Exhibition Stands\",\"isPartOf\":{\"@id\":\"https:\\\/\\\/expoexhibitionstands.eu\\\/at\\\/#website\"},\"datePublished\":\"2025-08-21T07:49:23+00:00\",\"dateModified\":\"2025-08-21T08:00:29+00:00\",\"description\":\"die transportablen Messest\u00e4nde in kompakten Cases - ausgeliefert, die die Konstruktion pr\u00e4zise aufnehmen, vor Besch\u00e4digungen sch\u00fctzen und leicht zu tragen sind. Die Abmasse sind so konzipiert, dass ein transportabler Messestand in der Regel problemlos im Kofferraum eines Autos verschwindet.\",\"breadcrumb\":{\"@id\":\"https:\\\/\\\/expoexhibitionstands.eu\\\/at\\\/transportable-messestand#breadcrumb\"},\"inLanguage\":\"de\",\"potentialAction\":[{\"@type\":\"ReadAction\",\"target\":[\"https:\\\/\\\/expoexhibitionstands.eu\\\/at\\\/transportable-messestand\"]}]},{\"@type\":\"BreadcrumbList\",\"@id\":\"https:\\\/\\\/expoexhibitionstands.eu\\\/at\\\/transportable-messestand#breadcrumb\",\"itemListElement\":[{\"@type\":\"ListItem\",\"position\":1,\"name\":\"Home\",\"item\":\"https:\\\/\\\/expoexhibitionstands.eu\\\/at\\\/\"},{\"@type\":\"ListItem\",\"position\":2,\"name\":\"Transportable Messest\u00e4nde \u2013 Flexibilit\u00e4t in Perfektion\"}]},{\"@type\":\"WebSite\",\"@id\":\"https:\\\/\\\/expoexhibitionstands.eu\\\/at\\\/#website\",\"url\":\"https:\\\/\\\/expoexhibitionstands.eu\\\/at\\\/\",\"name\":\"Expo Exhibition Stands\",\"description\":\"\",\"potentialAction\":[{\"@type\":\"SearchAction\",\"target\":{\"@type\":\"EntryPoint\",\"urlTemplate\":\"https:\\\/\\\/expoexhibitionstands.eu\\\/at\\\/?s={search_term_string}\"},\"query-input\":{\"@type\":\"PropertyValueSpecification\",\"valueRequired\":true,\"valueName\":\"search_term_string\"}}],\"inLanguage\":\"de\"}]}<\/script>\n<!-- \/ Yoast SEO plugin. -->","yoast_head_json":{"title":"Transportable Messest\u00e4nd | Expo Exhibition Stands","description":"die transportablen Messest\u00e4nde in kompakten Cases - ausgeliefert, die die Konstruktion pr\u00e4zise aufnehmen, vor Besch\u00e4digungen sch\u00fctzen und leicht zu tragen sind. Die Abmasse sind so konzipiert, dass ein transportabler Messestand in der Regel problemlos im Kofferraum eines Autos verschwindet.","robots":{"index":"index","follow":"follow","max-snippet":"max-snippet:-1","max-image-preview":"max-image-preview:large","max-video-preview":"max-video-preview:-1"},"canonical":"https:\/\/expoexhibitionstands.eu\/at\/transportable-messestand","og_locale":"de_DE","og_type":"article","og_title":"Transportable Messest\u00e4nd | Expo Exhibition Stands","og_description":"die transportablen Messest\u00e4nde in kompakten Cases - ausgeliefert, die die Konstruktion pr\u00e4zise aufnehmen, vor Besch\u00e4digungen sch\u00fctzen und leicht zu tragen sind. Die Abmasse sind so konzipiert, dass ein transportabler Messestand in der Regel problemlos im Kofferraum eines Autos verschwindet.","og_url":"https:\/\/expoexhibitionstands.eu\/at\/transportable-messestand","og_site_name":"Expo Exhibition Stands","article_modified_time":"2025-08-21T08:00:29+00:00","twitter_card":"summary_large_image","twitter_misc":{"Gesch\u00e4tzte Lesezeit":"5\u00a0Minuten"},"schema":{"@context":"https:\/\/schema.org","@graph":[{"@type":"WebPage","@id":"https:\/\/expoexhibitionstands.eu\/at\/transportable-messestand","url":"https:\/\/expoexhibitionstands.eu\/at\/transportable-messestand","name":"Transportable Messest\u00e4nd | Expo Exhibition Stands","isPartOf":{"@id":"https:\/\/expoexhibitionstands.eu\/at\/#website"},"datePublished":"2025-08-21T07:49:23+00:00","dateModified":"2025-08-21T08:00:29+00:00","description":"die transportablen Messest\u00e4nde in kompakten Cases - ausgeliefert, die die Konstruktion pr\u00e4zise aufnehmen, vor Besch\u00e4digungen sch\u00fctzen und leicht zu tragen sind. Die Abmasse sind so konzipiert, dass ein transportabler Messestand in der Regel problemlos im Kofferraum eines Autos verschwindet.","breadcrumb":{"@id":"https:\/\/expoexhibitionstands.eu\/at\/transportable-messestand#breadcrumb"},"inLanguage":"de","potentialAction":[{"@type":"ReadAction","target":["https:\/\/expoexhibitionstands.eu\/at\/transportable-messestand"]}]},{"@type":"BreadcrumbList","@id":"https:\/\/expoexhibitionstands.eu\/at\/transportable-messestand#breadcrumb","itemListElement":[{"@type":"ListItem","position":1,"name":"Home","item":"https:\/\/expoexhibitionstands.eu\/at\/"},{"@type":"ListItem","position":2,"name":"Transportable Messest\u00e4nde \u2013 Flexibilit\u00e4t in Perfektion"}]},{"@type":"WebSite","@id":"https:\/\/expoexhibitionstands.eu\/at\/#website","url":"https:\/\/expoexhibitionstands.eu\/at\/","name":"Expo Exhibition Stands","description":"","potentialAction":[{"@type":"SearchAction","target":{"@type":"EntryPoint","urlTemplate":"https:\/\/expoexhibitionstands.eu\/at\/?s={search_term_string}"},"query-input":{"@type":"PropertyValueSpecification","valueRequired":true,"valueName":"search_term_string"}}],"inLanguage":"de"}]}},"_links":{"self":[{"href":"https:\/\/expoexhibitionstands.eu\/at\/wp-json\/wp\/v2\/pages\/215809","targetHints":{"allow":["GET"]}}],"collection":[{"href":"https:\/\/expoexhibitionstands.eu\/at\/wp-json\/wp\/v2\/pages"}],"about":[{"href":"https:\/\/expoexhibitionstands.eu\/at\/wp-json\/wp\/v2\/types\/page"}],"author":[{"embeddable":true,"href":"https:\/\/expoexhibitionstands.eu\/at\/wp-json\/wp\/v2\/users\/3"}],"replies":[{"embeddable":true,"href":"https:\/\/expoexhibitionstands.eu\/at\/wp-json\/wp\/v2\/comments?post=215809"}],"version-history":[{"count":2,"href":"https:\/\/expoexhibitionstands.eu\/at\/wp-json\/wp\/v2\/pages\/215809\/revisions"}],"predecessor-version":[{"id":215813,"href":"https:\/\/expoexhibitionstands.eu\/at\/wp-json\/wp\/v2\/pages\/215809\/revisions\/215813"}],"wp:attachment":[{"href":"https:\/\/expoexhibitionstands.eu\/at\/wp-json\/wp\/v2\/media?parent=215809"}],"curies":[{"name":"wp","href":"https:\/\/api.w.org\/{rel}","templated":true}]}}