{"id":214164,"date":"2025-06-03T09:47:17","date_gmt":"2025-06-03T09:47:17","guid":{"rendered":"https:\/\/eeseude.expoexhibitionstands.it\/?page_id=214164"},"modified":"2025-08-08T07:41:42","modified_gmt":"2025-08-08T07:41:42","slug":"buderus-messestand","status":"publish","type":"page","link":"https:\/\/expoexhibitionstands.eu\/at\/portfolio\/case-studies\/buderus-messestand","title":{"rendered":"Buderus Messestand"},"content":{"rendered":"","protected":false},"excerpt":{"rendered":"","protected":false},"author":3,"featured_media":0,"parent":212140,"menu_order":0,"comment_status":"closed","ping_status":"closed","template":"template\/page-builder.php","meta":{"_acf_changed":false,"footnotes":""},"class_list":["post-214164","page","type-page","status-publish","hentry"],"acf":[],"yoast_head":"<!-- This site is optimized with the Yoast SEO plugin v27.3 - https:\/\/yoast.com\/product\/yoast-seo-wordpress\/ -->\n<title>Buderus Messestand<\/title>\n<meta name=\"description\" content=\"Buderus Messestand : Buderus, filiale du c\u00e9l\u00e8bre groupe Bosch Thermotechnik GmbH, est sp\u00e9cialiste des syst\u00e8mes de chauffage. Buderus wandte sich an Expo Messest\u00e4nde, um einen wiederverwendbaren Messestand zu schaffen, der das ganze Jahr \u00fcber f\u00fcr mehrere Ausstellungen genutzt werden kann.\" \/>\n<meta name=\"robots\" content=\"index, follow, max-snippet:-1, max-image-preview:large, max-video-preview:-1\" \/>\n<link rel=\"canonical\" href=\"https:\/\/expoexhibitionstands.eu\/at\/portfolio\/case-studies\/buderus-messestand\" \/>\n<meta property=\"og:locale\" content=\"de_DE\" \/>\n<meta property=\"og:type\" content=\"article\" \/>\n<meta property=\"og:title\" content=\"Buderus Messestand\" \/>\n<meta property=\"og:description\" content=\"Buderus Messestand : Buderus, filiale du c\u00e9l\u00e8bre groupe Bosch Thermotechnik GmbH, est sp\u00e9cialiste des syst\u00e8mes de chauffage. Buderus wandte sich an Expo Messest\u00e4nde, um einen wiederverwendbaren Messestand zu schaffen, der das ganze Jahr \u00fcber f\u00fcr mehrere Ausstellungen genutzt werden kann.\" \/>\n<meta property=\"og:url\" content=\"https:\/\/expoexhibitionstands.eu\/at\/portfolio\/case-studies\/buderus-messestand\" \/>\n<meta property=\"og:site_name\" content=\"Expo Exhibition Stands\" \/>\n<meta property=\"article:modified_time\" content=\"2025-08-08T07:41:42+00:00\" \/>\n<meta name=\"twitter:card\" content=\"summary_large_image\" \/>\n<meta name=\"twitter:label1\" content=\"Gesch\u00e4tzte Lesezeit\" \/>\n\t<meta name=\"twitter:data1\" content=\"3\u00a0Minuten\" \/>\n<script type=\"application\/ld+json\" class=\"yoast-schema-graph\">{\"@context\":\"https:\\\/\\\/schema.org\",\"@graph\":[{\"@type\":\"WebPage\",\"@id\":\"https:\\\/\\\/expoexhibitionstands.eu\\\/at\\\/portfolio\\\/case-studies\\\/buderus-messestand\",\"url\":\"https:\\\/\\\/expoexhibitionstands.eu\\\/at\\\/portfolio\\\/case-studies\\\/buderus-messestand\",\"name\":\"Buderus Messestand\",\"isPartOf\":{\"@id\":\"https:\\\/\\\/expoexhibitionstands.eu\\\/at\\\/#website\"},\"datePublished\":\"2025-06-03T09:47:17+00:00\",\"dateModified\":\"2025-08-08T07:41:42+00:00\",\"description\":\"Buderus Messestand : Buderus, filiale du c\u00e9l\u00e8bre groupe Bosch Thermotechnik GmbH, est sp\u00e9cialiste des syst\u00e8mes de chauffage. Buderus wandte sich an Expo Messest\u00e4nde, um einen wiederverwendbaren Messestand zu schaffen, der das ganze Jahr \u00fcber f\u00fcr mehrere Ausstellungen genutzt werden kann.\",\"breadcrumb\":{\"@id\":\"https:\\\/\\\/expoexhibitionstands.eu\\\/at\\\/portfolio\\\/case-studies\\\/buderus-messestand#breadcrumb\"},\"inLanguage\":\"de\",\"potentialAction\":[{\"@type\":\"ReadAction\",\"target\":[\"https:\\\/\\\/expoexhibitionstands.eu\\\/at\\\/portfolio\\\/case-studies\\\/buderus-messestand\"]}]},{\"@type\":\"BreadcrumbList\",\"@id\":\"https:\\\/\\\/expoexhibitionstands.eu\\\/at\\\/portfolio\\\/case-studies\\\/buderus-messestand#breadcrumb\",\"itemListElement\":[{\"@type\":\"ListItem\",\"position\":1,\"name\":\"Home\",\"item\":\"https:\\\/\\\/expoexhibitionstands.eu\\\/at\\\/\"},{\"@type\":\"ListItem\",\"position\":2,\"name\":\"Referenzen\",\"item\":\"https:\\\/\\\/expoexhibitionstands.eu\\\/at\\\/messen\\\/portfolio\"},{\"@type\":\"ListItem\",\"position\":3,\"name\":\"Case Studies\",\"item\":\"https:\\\/\\\/expoexhibitionstands.eu\\\/at\\\/portfolio\\\/case-studies\"},{\"@type\":\"ListItem\",\"position\":4,\"name\":\"Buderus Messestand\"}]},{\"@type\":\"WebSite\",\"@id\":\"https:\\\/\\\/expoexhibitionstands.eu\\\/at\\\/#website\",\"url\":\"https:\\\/\\\/expoexhibitionstands.eu\\\/at\\\/\",\"name\":\"Expo Exhibition Stands\",\"description\":\"\",\"potentialAction\":[{\"@type\":\"SearchAction\",\"target\":{\"@type\":\"EntryPoint\",\"urlTemplate\":\"https:\\\/\\\/expoexhibitionstands.eu\\\/at\\\/?s={search_term_string}\"},\"query-input\":{\"@type\":\"PropertyValueSpecification\",\"valueRequired\":true,\"valueName\":\"search_term_string\"}}],\"inLanguage\":\"de\"}]}<\/script>\n<!-- \/ Yoast SEO plugin. -->","yoast_head_json":{"title":"Buderus Messestand","description":"Buderus Messestand : Buderus, filiale du c\u00e9l\u00e8bre groupe Bosch Thermotechnik GmbH, est sp\u00e9cialiste des syst\u00e8mes de chauffage. Buderus wandte sich an Expo Messest\u00e4nde, um einen wiederverwendbaren Messestand zu schaffen, der das ganze Jahr \u00fcber f\u00fcr mehrere Ausstellungen genutzt werden kann.","robots":{"index":"index","follow":"follow","max-snippet":"max-snippet:-1","max-image-preview":"max-image-preview:large","max-video-preview":"max-video-preview:-1"},"canonical":"https:\/\/expoexhibitionstands.eu\/at\/portfolio\/case-studies\/buderus-messestand","og_locale":"de_DE","og_type":"article","og_title":"Buderus Messestand","og_description":"Buderus Messestand : Buderus, filiale du c\u00e9l\u00e8bre groupe Bosch Thermotechnik GmbH, est sp\u00e9cialiste des syst\u00e8mes de chauffage. Buderus wandte sich an Expo Messest\u00e4nde, um einen wiederverwendbaren Messestand zu schaffen, der das ganze Jahr \u00fcber f\u00fcr mehrere Ausstellungen genutzt werden kann.","og_url":"https:\/\/expoexhibitionstands.eu\/at\/portfolio\/case-studies\/buderus-messestand","og_site_name":"Expo Exhibition Stands","article_modified_time":"2025-08-08T07:41:42+00:00","twitter_card":"summary_large_image","twitter_misc":{"Gesch\u00e4tzte Lesezeit":"3\u00a0Minuten"},"schema":{"@context":"https:\/\/schema.org","@graph":[{"@type":"WebPage","@id":"https:\/\/expoexhibitionstands.eu\/at\/portfolio\/case-studies\/buderus-messestand","url":"https:\/\/expoexhibitionstands.eu\/at\/portfolio\/case-studies\/buderus-messestand","name":"Buderus Messestand","isPartOf":{"@id":"https:\/\/expoexhibitionstands.eu\/at\/#website"},"datePublished":"2025-06-03T09:47:17+00:00","dateModified":"2025-08-08T07:41:42+00:00","description":"Buderus Messestand : Buderus, filiale du c\u00e9l\u00e8bre groupe Bosch Thermotechnik GmbH, est sp\u00e9cialiste des syst\u00e8mes de chauffage. Buderus wandte sich an Expo Messest\u00e4nde, um einen wiederverwendbaren Messestand zu schaffen, der das ganze Jahr \u00fcber f\u00fcr mehrere Ausstellungen genutzt werden kann.","breadcrumb":{"@id":"https:\/\/expoexhibitionstands.eu\/at\/portfolio\/case-studies\/buderus-messestand#breadcrumb"},"inLanguage":"de","potentialAction":[{"@type":"ReadAction","target":["https:\/\/expoexhibitionstands.eu\/at\/portfolio\/case-studies\/buderus-messestand"]}]},{"@type":"BreadcrumbList","@id":"https:\/\/expoexhibitionstands.eu\/at\/portfolio\/case-studies\/buderus-messestand#breadcrumb","itemListElement":[{"@type":"ListItem","position":1,"name":"Home","item":"https:\/\/expoexhibitionstands.eu\/at\/"},{"@type":"ListItem","position":2,"name":"Referenzen","item":"https:\/\/expoexhibitionstands.eu\/at\/messen\/portfolio"},{"@type":"ListItem","position":3,"name":"Case Studies","item":"https:\/\/expoexhibitionstands.eu\/at\/portfolio\/case-studies"},{"@type":"ListItem","position":4,"name":"Buderus Messestand"}]},{"@type":"WebSite","@id":"https:\/\/expoexhibitionstands.eu\/at\/#website","url":"https:\/\/expoexhibitionstands.eu\/at\/","name":"Expo Exhibition Stands","description":"","potentialAction":[{"@type":"SearchAction","target":{"@type":"EntryPoint","urlTemplate":"https:\/\/expoexhibitionstands.eu\/at\/?s={search_term_string}"},"query-input":{"@type":"PropertyValueSpecification","valueRequired":true,"valueName":"search_term_string"}}],"inLanguage":"de"}]}},"_links":{"self":[{"href":"https:\/\/expoexhibitionstands.eu\/at\/wp-json\/wp\/v2\/pages\/214164","targetHints":{"allow":["GET"]}}],"collection":[{"href":"https:\/\/expoexhibitionstands.eu\/at\/wp-json\/wp\/v2\/pages"}],"about":[{"href":"https:\/\/expoexhibitionstands.eu\/at\/wp-json\/wp\/v2\/types\/page"}],"author":[{"embeddable":true,"href":"https:\/\/expoexhibitionstands.eu\/at\/wp-json\/wp\/v2\/users\/3"}],"replies":[{"embeddable":true,"href":"https:\/\/expoexhibitionstands.eu\/at\/wp-json\/wp\/v2\/comments?post=214164"}],"version-history":[{"count":3,"href":"https:\/\/expoexhibitionstands.eu\/at\/wp-json\/wp\/v2\/pages\/214164\/revisions"}],"predecessor-version":[{"id":215378,"href":"https:\/\/expoexhibitionstands.eu\/at\/wp-json\/wp\/v2\/pages\/214164\/revisions\/215378"}],"up":[{"embeddable":true,"href":"https:\/\/expoexhibitionstands.eu\/at\/wp-json\/wp\/v2\/pages\/212140"}],"wp:attachment":[{"href":"https:\/\/expoexhibitionstands.eu\/at\/wp-json\/wp\/v2\/media?parent=214164"}],"curies":[{"name":"wp","href":"https:\/\/api.w.org\/{rel}","templated":true}]}}