{"id":12,"date":"2025-04-28T09:26:40","date_gmt":"2025-04-28T09:26:40","guid":{"rendered":"https:\/\/eeseude.expoexhibitionstands.it\/?page_id=12"},"modified":"2025-10-17T05:13:48","modified_gmt":"2025-10-17T05:13:48","slug":"home","status":"publish","type":"page","link":"https:\/\/expoexhibitionstands.eu\/at\/","title":{"rendered":"Home"},"content":{"rendered":"","protected":false},"excerpt":{"rendered":"","protected":false},"author":1,"featured_media":0,"parent":0,"menu_order":0,"comment_status":"closed","ping_status":"closed","template":"template\/page-builder.php","meta":{"_acf_changed":false,"footnotes":""},"class_list":["post-12","page","type-page","status-publish","hentry"],"acf":[],"yoast_head":"<!-- This site is optimized with the Yoast SEO plugin v27.3 - https:\/\/yoast.com\/product\/yoast-seo-wordpress\/ -->\n<title>Messebau | Mesestand | Mobiler Mesestand - Expo Exhibition Stands<\/title>\n<meta name=\"description\" content=\"Entdecken Sie 1000 Entw\u00fcrfe von der vertrauensw\u00fcrdigsten Messebau in \u00d6sterreich, die kostenlose 3D-Designs nach Ihren Anforderungen f\u00fcr Messestand bietet.\" \/>\n<meta name=\"robots\" content=\"index, follow, max-snippet:-1, max-image-preview:large, max-video-preview:-1\" \/>\n<link rel=\"canonical\" href=\"https:\/\/expoexhibitionstands.eu\/at\" \/>\n<meta property=\"og:locale\" content=\"de_DE\" \/>\n<meta property=\"og:type\" content=\"article\" \/>\n<meta property=\"og:title\" content=\"Messebau | Mesestand | Mobiler Mesestand - Expo Exhibition Stands\" \/>\n<meta property=\"og:description\" content=\"Entdecken Sie 1000 Entw\u00fcrfe von der vertrauensw\u00fcrdigsten Messebau in \u00d6sterreich, die kostenlose 3D-Designs nach Ihren Anforderungen f\u00fcr Messestand bietet.\" \/>\n<meta property=\"og:url\" content=\"https:\/\/expoexhibitionstands.eu\/at\" \/>\n<meta property=\"og:site_name\" content=\"Expo Exhibition Stands\" \/>\n<meta property=\"article:modified_time\" content=\"2025-10-17T05:13:48+00:00\" \/>\n<meta name=\"twitter:card\" content=\"summary_large_image\" \/>\n<meta name=\"twitter:label1\" content=\"Gesch\u00e4tzte Lesezeit\" \/>\n\t<meta name=\"twitter:data1\" content=\"14\u00a0Minuten\" \/>\n<script type=\"application\/ld+json\" class=\"yoast-schema-graph\">{\"@context\":\"https:\\\/\\\/schema.org\",\"@graph\":[{\"@type\":\"WebPage\",\"@id\":\"https:\\\/\\\/expoexhibitionstands.eu\\\/at\\\/\",\"url\":\"https:\\\/\\\/expoexhibitionstands.eu\\\/at\\\/\",\"name\":\"Messebau | Mesestand | Mobiler Mesestand - Expo Exhibition Stands\",\"isPartOf\":{\"@id\":\"https:\\\/\\\/expoexhibitionstands.eu\\\/at\\\/#website\"},\"datePublished\":\"2025-04-28T09:26:40+00:00\",\"dateModified\":\"2025-10-17T05:13:48+00:00\",\"description\":\"Entdecken Sie 1000 Entw\u00fcrfe von der vertrauensw\u00fcrdigsten Messebau in \u00d6sterreich, die kostenlose 3D-Designs nach Ihren Anforderungen f\u00fcr Messestand bietet.\",\"breadcrumb\":{\"@id\":\"https:\\\/\\\/expoexhibitionstands.eu\\\/at\\\/#breadcrumb\"},\"inLanguage\":\"de\",\"potentialAction\":[{\"@type\":\"ReadAction\",\"target\":[\"https:\\\/\\\/expoexhibitionstands.eu\\\/at\\\/\"]}]},{\"@type\":\"BreadcrumbList\",\"@id\":\"https:\\\/\\\/expoexhibitionstands.eu\\\/at\\\/#breadcrumb\",\"itemListElement\":[{\"@type\":\"ListItem\",\"position\":1,\"name\":\"Home\",\"item\":\"https:\\\/\\\/expoexhibitionstands.eu\\\/at\\\/\"},{\"@type\":\"ListItem\",\"position\":2,\"name\":\"Home\"}]},{\"@type\":\"WebSite\",\"@id\":\"https:\\\/\\\/expoexhibitionstands.eu\\\/at\\\/#website\",\"url\":\"https:\\\/\\\/expoexhibitionstands.eu\\\/at\\\/\",\"name\":\"Expo Exhibition Stands\",\"description\":\"\",\"potentialAction\":[{\"@type\":\"SearchAction\",\"target\":{\"@type\":\"EntryPoint\",\"urlTemplate\":\"https:\\\/\\\/expoexhibitionstands.eu\\\/at\\\/?s={search_term_string}\"},\"query-input\":{\"@type\":\"PropertyValueSpecification\",\"valueRequired\":true,\"valueName\":\"search_term_string\"}}],\"inLanguage\":\"de\"}]}<\/script>\n<!-- \/ Yoast SEO plugin. -->","yoast_head_json":{"title":"Messebau | Mesestand | Mobiler Mesestand - Expo Exhibition Stands","description":"Entdecken Sie 1000 Entw\u00fcrfe von der vertrauensw\u00fcrdigsten Messebau in \u00d6sterreich, die kostenlose 3D-Designs nach Ihren Anforderungen f\u00fcr Messestand bietet.","robots":{"index":"index","follow":"follow","max-snippet":"max-snippet:-1","max-image-preview":"max-image-preview:large","max-video-preview":"max-video-preview:-1"},"canonical":"https:\/\/expoexhibitionstands.eu\/at","og_locale":"de_DE","og_type":"article","og_title":"Messebau | Mesestand | Mobiler Mesestand - Expo Exhibition Stands","og_description":"Entdecken Sie 1000 Entw\u00fcrfe von der vertrauensw\u00fcrdigsten Messebau in \u00d6sterreich, die kostenlose 3D-Designs nach Ihren Anforderungen f\u00fcr Messestand bietet.","og_url":"https:\/\/expoexhibitionstands.eu\/at","og_site_name":"Expo Exhibition Stands","article_modified_time":"2025-10-17T05:13:48+00:00","twitter_card":"summary_large_image","twitter_misc":{"Gesch\u00e4tzte Lesezeit":"14\u00a0Minuten"},"schema":{"@context":"https:\/\/schema.org","@graph":[{"@type":"WebPage","@id":"https:\/\/expoexhibitionstands.eu\/at\/","url":"https:\/\/expoexhibitionstands.eu\/at\/","name":"Messebau | Mesestand | Mobiler Mesestand - Expo Exhibition Stands","isPartOf":{"@id":"https:\/\/expoexhibitionstands.eu\/at\/#website"},"datePublished":"2025-04-28T09:26:40+00:00","dateModified":"2025-10-17T05:13:48+00:00","description":"Entdecken Sie 1000 Entw\u00fcrfe von der vertrauensw\u00fcrdigsten Messebau in \u00d6sterreich, die kostenlose 3D-Designs nach Ihren Anforderungen f\u00fcr Messestand bietet.","breadcrumb":{"@id":"https:\/\/expoexhibitionstands.eu\/at\/#breadcrumb"},"inLanguage":"de","potentialAction":[{"@type":"ReadAction","target":["https:\/\/expoexhibitionstands.eu\/at\/"]}]},{"@type":"BreadcrumbList","@id":"https:\/\/expoexhibitionstands.eu\/at\/#breadcrumb","itemListElement":[{"@type":"ListItem","position":1,"name":"Home","item":"https:\/\/expoexhibitionstands.eu\/at\/"},{"@type":"ListItem","position":2,"name":"Home"}]},{"@type":"WebSite","@id":"https:\/\/expoexhibitionstands.eu\/at\/#website","url":"https:\/\/expoexhibitionstands.eu\/at\/","name":"Expo Exhibition Stands","description":"","potentialAction":[{"@type":"SearchAction","target":{"@type":"EntryPoint","urlTemplate":"https:\/\/expoexhibitionstands.eu\/at\/?s={search_term_string}"},"query-input":{"@type":"PropertyValueSpecification","valueRequired":true,"valueName":"search_term_string"}}],"inLanguage":"de"}]}},"_links":{"self":[{"href":"https:\/\/expoexhibitionstands.eu\/at\/wp-json\/wp\/v2\/pages\/12","targetHints":{"allow":["GET"]}}],"collection":[{"href":"https:\/\/expoexhibitionstands.eu\/at\/wp-json\/wp\/v2\/pages"}],"about":[{"href":"https:\/\/expoexhibitionstands.eu\/at\/wp-json\/wp\/v2\/types\/page"}],"author":[{"embeddable":true,"href":"https:\/\/expoexhibitionstands.eu\/at\/wp-json\/wp\/v2\/users\/1"}],"replies":[{"embeddable":true,"href":"https:\/\/expoexhibitionstands.eu\/at\/wp-json\/wp\/v2\/comments?post=12"}],"version-history":[{"count":6,"href":"https:\/\/expoexhibitionstands.eu\/at\/wp-json\/wp\/v2\/pages\/12\/revisions"}],"predecessor-version":[{"id":216153,"href":"https:\/\/expoexhibitionstands.eu\/at\/wp-json\/wp\/v2\/pages\/12\/revisions\/216153"}],"wp:attachment":[{"href":"https:\/\/expoexhibitionstands.eu\/at\/wp-json\/wp\/v2\/media?parent=12"}],"curies":[{"name":"wp","href":"https:\/\/api.w.org\/{rel}","templated":true}]}}